{"id":135679,"date":"2025-11-06T09:50:47","date_gmt":"2025-11-06T08:50:47","guid":{"rendered":"https:\/\/poppers-online.ch\/produkt\/buse-de-douche-en-silicone-fuck-fist-douche-anale-45cm\/"},"modified":"2025-11-07T19:53:37","modified_gmt":"2025-11-07T18:53:37","slug":"buse-de-douche-en-silicone-fuck-fist-douche-anale-45cm","status":"publish","type":"product","link":"https:\/\/poppers-online.ch\/fr\/produit\/buse-de-douche-en-silicone-fuck-fist-douche-anale-45cm\/","title":{"rendered":"Buse de douche en silicone Fuck &amp; Fist Douche anale 45cm"},"content":{"rendered":"","protected":false},"excerpt":{"rendered":"<p data-start=\"983\" data-end=\"1195\">La <strong data-start=\"987\" data-end=\"1036\">buse de douche anale en silicone Fuck &amp; Fist 45cm<\/strong> est une buse de lavement en silicone d&rsquo;une longueur ins\u00e9rable de 45 cm et d&rsquo;une largeur de 2 cm. Elle a une surface lisse et une forme l\u00e9g\u00e8rement flexible.<\/p>\n<p data-start=\"1197\" data-end=\"1326\">La buse de douche peut \u00eatre directement raccord\u00e9e au tuyau de douche &#8211; id\u00e9al pour un nettoyage rapide, complet et hygi\u00e9nique avec de l&rsquo;eau fra\u00eeche.<\/p>\n<p data-start=\"1328\" data-end=\"1346\"><strong data-start=\"1328\" data-end=\"1344\">Dimensions :<\/strong><\/p>\n<ul data-start=\"1347\" data-end=\"1433\">\n<li data-start=\"1347\" data-end=\"1387\">\n<p data-start=\"1349\" data-end=\"1387\">Dimensions totales : 47 \u00d7 2,2 \u00d7 2,2 cm<\/p>\n<\/li>\n<li data-start=\"1388\" data-end=\"1416\">\n<p data-start=\"1390\" data-end=\"1416\">Longueur d&rsquo;insertion : 45 cm<\/p>\n<\/li>\n<li data-start=\"1417\" data-end=\"1433\">\n<p data-start=\"1419\" data-end=\"1433\">Largeur : 2 cm<\/p>\n<\/li>\n<\/ul>\n<p data-start=\"1435\" data-end=\"1461\"><strong data-start=\"1435\" data-end=\"1459\">Mesures de pr\u00e9caution :<\/strong><\/p>\n<ul data-start=\"1462\" data-end=\"1778\">\n<li data-start=\"1462\" data-end=\"1529\">\n<p data-start=\"1464\" data-end=\"1529\">Introduire la pointe avec un lubrifiant (\u00e0 base d&rsquo;eau uniquement) si n\u00e9cessaire<\/p>\n<\/li>\n<li data-start=\"1530\" data-end=\"1593\">\n<p data-start=\"1532\" data-end=\"1593\">Effectuer le nettoyage au moins 30 minutes avant le rapport sexuel<\/p>\n<\/li>\n<li data-start=\"1594\" data-end=\"1660\">\n<p data-start=\"1596\" data-end=\"1660\">Utiliser de l&rsquo;eau ti\u00e8de (pas chaude) \u00e0 basse pression<\/p>\n<\/li>\n<li data-start=\"1661\" data-end=\"1778\">\n<p data-start=\"1663\" data-end=\"1778\">Faites couler l&rsquo;eau dans le rectum pendant environ 5 secondes et r\u00e9p\u00e9tez jusqu&rsquo;\u00e0 ce que l&rsquo;eau qui en sort soit claire.<\/p>\n<\/li>\n<\/ul>\n","protected":false},"featured_media":135673,"comment_status":"open","ping_status":"closed","template":"","meta":{"_acf_changed":false,"iawp_total_views":20,"_glsr_average":0,"_glsr_ranking":0,"_glsr_reviews":0},"product_brand":[],"product_cat":[2064,166],"product_tag":[],"class_list":{"0":"post-135679","1":"product","2":"type-product","3":"status-publish","4":"has-post-thumbnail","6":"product_cat-douche-anale","7":"product_cat-droguerie","9":"first","10":"instock","11":"taxable","12":"shipping-taxable","13":"purchasable","14":"product-type-simple"},"acf":[],"_links":{"self":[{"href":"https:\/\/poppers-online.ch\/fr\/wp-json\/wp\/v2\/product\/135679","targetHints":{"allow":["GET"]}}],"collection":[{"href":"https:\/\/poppers-online.ch\/fr\/wp-json\/wp\/v2\/product"}],"about":[{"href":"https:\/\/poppers-online.ch\/fr\/wp-json\/wp\/v2\/types\/product"}],"replies":[{"embeddable":true,"href":"https:\/\/poppers-online.ch\/fr\/wp-json\/wp\/v2\/comments?post=135679"}],"wp:featuredmedia":[{"embeddable":true,"href":"https:\/\/poppers-online.ch\/fr\/wp-json\/wp\/v2\/media\/135673"}],"wp:attachment":[{"href":"https:\/\/poppers-online.ch\/fr\/wp-json\/wp\/v2\/media?parent=135679"}],"wp:term":[{"taxonomy":"product_brand","embeddable":true,"href":"https:\/\/poppers-online.ch\/fr\/wp-json\/wp\/v2\/product_brand?post=135679"},{"taxonomy":"product_cat","embeddable":true,"href":"https:\/\/poppers-online.ch\/fr\/wp-json\/wp\/v2\/product_cat?post=135679"},{"taxonomy":"product_tag","embeddable":true,"href":"https:\/\/poppers-online.ch\/fr\/wp-json\/wp\/v2\/product_tag?post=135679"}],"curies":[{"name":"wp","href":"https:\/\/api.w.org\/{rel}","templated":true}]}}