{"id":135017,"date":"2025-10-30T15:55:14","date_gmt":"2025-10-30T14:55:14","guid":{"rendered":"https:\/\/poppers-online.ch\/produkt\/museliere-sneakxx-sock-sniffer\/"},"modified":"2025-11-04T19:32:23","modified_gmt":"2025-11-04T18:32:23","slug":"museliere-sneakxx-sock-sniffer","status":"publish","type":"product","link":"https:\/\/poppers-online.ch\/fr\/produit\/museliere-sneakxx-sock-sniffer\/","title":{"rendered":"Museli\u00e8re SneakXX Sock Sniffer"},"content":{"rendered":"","protected":false},"excerpt":{"rendered":"<p data-start=\"241\" data-end=\"382\"><strong data-start=\"241\" data-end=\"380\">Faites passer le contr\u00f4le, le parfum et le plaisir \u00e0 un niveau sup\u00e9rieur avec la museli\u00e8re SneakXX Sock Sniffer &#8211; la museli\u00e8re de qualit\u00e9 sup\u00e9rieure !<\/strong><\/p>\n<p data-start=\"384\" data-end=\"648\">La museli\u00e8re en cuir ajustable a \u00e9t\u00e9 con\u00e7ue pour les jeux intenses o\u00f9 l&rsquo;ob\u00e9issance et l&rsquo;odeur jouent un r\u00f4le particulier. Que vous fassiez taire votre partenaire ou que vous lui fassiez d\u00e9couvrir votre parfum personnel, cette museli\u00e8re le permet. <\/p>\n<p data-start=\"650\" data-end=\"908\">L&rsquo;ouverture flexible vous permet de remplir l&rsquo;int\u00e9rieur \u00e0 votre guise, par exemple avec des chaussettes port\u00e9es, des jocks ou d&rsquo;autres accessoires sensuels. Des trous d&rsquo;a\u00e9ration permettent de respirer et de diffuser votre parfum. <\/p>\n<p data-start=\"910\" data-end=\"1082\">Le masque mesure environ 16 \u00d7 11 cm et peut \u00eatre ajust\u00e9 individuellement gr\u00e2ce \u00e0 de solides sangles r\u00e9glables (45-58 cm) &#8211; pour un ajustement s\u00fbr et confortable \u00e0 chaque session.<\/p>\n<p data-start=\"1084\" data-end=\"1135\">\u26a0 <strong data-start=\"1086\" data-end=\"1098\">Remarque :<\/strong> livr\u00e9 sans chaussettes ni linge.<\/p>\n<p data-start=\"1137\" data-end=\"1158\"><strong data-start=\"1137\" data-end=\"1156\">D\u00e9tails du produit :<\/strong><\/p>\n<ul data-start=\"1159\" data-end=\"1406\">\n<li data-start=\"1159\" data-end=\"1202\">\n<p data-start=\"1161\" data-end=\"1202\">Taille unique avec sangles r\u00e9glables<\/p>\n<\/li>\n<li data-start=\"1203\" data-end=\"1262\">\n<p data-start=\"1205\" data-end=\"1262\">Convient pour les chaussettes, les jocks ou autres accessoires parfum\u00e9s<\/p>\n<\/li>\n<li data-start=\"1263\" data-end=\"1306\">\n<p data-start=\"1265\" data-end=\"1306\">Finition de haute qualit\u00e9 &amp; apparence forte<\/p>\n<\/li>\n<li data-start=\"1307\" data-end=\"1355\">\n<p data-start=\"1309\" data-end=\"1355\">Ajustement confortable et trous d&rsquo;a\u00e9ration respirants<\/p>\n<\/li>\n<li data-start=\"1356\" data-end=\"1406\">\n<p data-start=\"1358\" data-end=\"1406\">Parfait pour les jeux de parfum et de domination intenses<\/p>\n<\/li>\n<\/ul>\n","protected":false},"featured_media":135004,"comment_status":"open","ping_status":"closed","template":"","meta":{"_acf_changed":false,"iawp_total_views":3,"_glsr_average":0,"_glsr_ranking":0,"_glsr_reviews":0},"product_brand":[],"product_cat":[171],"product_tag":[],"class_list":{"0":"post-135017","1":"product","2":"type-product","3":"status-publish","4":"has-post-thumbnail","6":"product_cat-sex-toys","8":"first","9":"outofstock","10":"taxable","11":"shipping-taxable","12":"purchasable","13":"product-type-simple"},"acf":[],"_links":{"self":[{"href":"https:\/\/poppers-online.ch\/fr\/wp-json\/wp\/v2\/product\/135017","targetHints":{"allow":["GET"]}}],"collection":[{"href":"https:\/\/poppers-online.ch\/fr\/wp-json\/wp\/v2\/product"}],"about":[{"href":"https:\/\/poppers-online.ch\/fr\/wp-json\/wp\/v2\/types\/product"}],"replies":[{"embeddable":true,"href":"https:\/\/poppers-online.ch\/fr\/wp-json\/wp\/v2\/comments?post=135017"}],"wp:featuredmedia":[{"embeddable":true,"href":"https:\/\/poppers-online.ch\/fr\/wp-json\/wp\/v2\/media\/135004"}],"wp:attachment":[{"href":"https:\/\/poppers-online.ch\/fr\/wp-json\/wp\/v2\/media?parent=135017"}],"wp:term":[{"taxonomy":"product_brand","embeddable":true,"href":"https:\/\/poppers-online.ch\/fr\/wp-json\/wp\/v2\/product_brand?post=135017"},{"taxonomy":"product_cat","embeddable":true,"href":"https:\/\/poppers-online.ch\/fr\/wp-json\/wp\/v2\/product_cat?post=135017"},{"taxonomy":"product_tag","embeddable":true,"href":"https:\/\/poppers-online.ch\/fr\/wp-json\/wp\/v2\/product_tag?post=135017"}],"curies":[{"name":"wp","href":"https:\/\/api.w.org\/{rel}","templated":true}]}}