{"id":134090,"date":"2025-10-23T17:01:31","date_gmt":"2025-10-23T15:01:31","guid":{"rendered":"https:\/\/poppers-online.ch\/produkt\/vibrateur-realiste-de-thrusting-et-wiggling\/"},"modified":"2025-11-04T18:18:14","modified_gmt":"2025-11-04T17:18:14","slug":"vibrateur-realiste-de-thrusting-et-wiggling","status":"publish","type":"product","link":"https:\/\/poppers-online.ch\/fr\/produit\/vibrateur-realiste-de-thrusting-et-wiggling\/","title":{"rendered":"Vibrateur r\u00e9aliste de thrusting et wiggling"},"content":{"rendered":"","protected":false},"excerpt":{"rendered":"<p data-start=\"1416\" data-end=\"2001\"><strong data-start=\"1430\" data-end=\"1475\">Le vibromasseur Realistic Thrusting and Wiggling<\/strong> est con\u00e7u pour une insertion en douceur et une p\u00e9n\u00e9tration intense et profonde. Il est dot\u00e9 d&rsquo;une base \u00e0 ventouse amovible et r\u00e9glable et d&rsquo;une t\u00e9l\u00e9commande pour un plaisir mains libres. Gr\u00e2ce \u00e0 son mouvement de balancement unique, ce vibromasseur peut tourner de gauche \u00e0 droite (jusqu&rsquo;\u00e0 5 cm) tout en poussant de haut en bas avec une course de pr\u00e8s de 2 cm. Activez le puissant moteur, v\u00e9rifiez toutes les fonctions importantes sur l&rsquo;\u00e9cran LED et abandonnez-vous aux pouss\u00e9es intenses et vibrantes qui vous m\u00e8neront \u00e0 un orgasme explosif.   <\/p>\n<p data-start=\"2003\" data-end=\"2421\">La forme r\u00e9aliste du p\u00e9nis avec ses testicules rebondis garantit des moments de plaisir authentiques. Fabriqu\u00e9 en silicone souple, ce vibromasseur offre confort et durabilit\u00e9, ainsi qu&rsquo;une multitude de modes de vibration, de tortillement et de pouss\u00e9e pour une exp\u00e9rience excitante. Lib\u00e9rez vos fantasmes les plus fous avec le vibromasseur Realistic Thrusting and Wiggling et d\u00e9couvrez de nouvelles dimensions de plaisir qui vous rendront accro.  <\/p>\n<p data-start=\"2423\" data-end=\"2835\"><strong data-start=\"2423\" data-end=\"2439\">Longueur totale :<\/strong> 28 cm<br data-start=\"2445\" data-end=\"2448\"><strong data-start=\"2448\" data-end=\"2470\">Longueur d&rsquo;insertion :<\/strong> 20 &#8211; 22 cm<br data-start=\"2481\" data-end=\"2484\"><strong data-start=\"2484\" data-end=\"2507\">Diam\u00e8tre d&rsquo;insertion :<\/strong> 4 cm<br data-start=\"2512\" data-end=\"2515\"><strong data-start=\"2515\" data-end=\"2528\">Ventouse :<\/strong> Oui<br data-start=\"2531\" data-end=\"2534\"><strong data-start=\"2534\" data-end=\"2547\">Mat\u00e9riau :<\/strong> silicone souple<br data-start=\"2563\" data-end=\"2566\"><strong data-start=\"2566\" data-end=\"2586\">Rechargeable, en fait : <\/strong>Oui<br data-start=\"2589\" data-end=\"2592\"><strong data-start=\"2592\" data-end=\"2616\">R\u00e9sistance \u00e0 l&rsquo;eau :<\/strong> IPX6 \u00e9tanche<br data-start=\"2633\" data-end=\"2636\"><strong data-start=\"2636\" data-end=\"2659\" data-is-only-node=\"\">Options de contr\u00f4le :<\/strong> T\u00e9l\u00e9commande<br data-start=\"2673\" data-end=\"2676\"><strong data-start=\"2676\" data-end=\"2695\">Modes de vibration :<\/strong> 9<br data-start=\"2697\" data-end=\"2700\"><strong data-start=\"2700\" data-end=\"2714\">Modes d&rsquo;impact :<\/strong> 9<br data-start=\"2716\" data-end=\"2719\"><strong data-start=\"2719\" data-end=\"2738\">Nombre de moteurs :<\/strong> 2<br data-start=\"2740\" data-end=\"2743\"><strong data-start=\"2743\" data-end=\"2766\">Pile incluse :<\/strong> Oui<br data-start=\"2769\" data-end=\"2772\"><strong data-start=\"2772\" data-end=\"2790\">Quantit\u00e9 de piles :<\/strong> 1<br data-start=\"2792\" data-end=\"2795\"><strong data-start=\"2795\" data-end=\"2811\">Type de pile :<\/strong> lithium-ion, CR2032<\/p>\n","protected":false},"featured_media":134068,"comment_status":"open","ping_status":"closed","template":"","meta":{"_acf_changed":false,"iawp_total_views":21,"_glsr_average":0,"_glsr_ranking":0,"_glsr_reviews":0},"product_brand":[],"product_cat":[2085,171],"product_tag":[],"class_list":{"0":"post-134090","1":"product","2":"type-product","3":"status-publish","4":"has-post-thumbnail","6":"product_cat-anal-play","7":"product_cat-sex-toys","9":"first","10":"instock","11":"taxable","12":"shipping-taxable","13":"purchasable","14":"product-type-simple"},"acf":[],"_links":{"self":[{"href":"https:\/\/poppers-online.ch\/fr\/wp-json\/wp\/v2\/product\/134090","targetHints":{"allow":["GET"]}}],"collection":[{"href":"https:\/\/poppers-online.ch\/fr\/wp-json\/wp\/v2\/product"}],"about":[{"href":"https:\/\/poppers-online.ch\/fr\/wp-json\/wp\/v2\/types\/product"}],"replies":[{"embeddable":true,"href":"https:\/\/poppers-online.ch\/fr\/wp-json\/wp\/v2\/comments?post=134090"}],"wp:featuredmedia":[{"embeddable":true,"href":"https:\/\/poppers-online.ch\/fr\/wp-json\/wp\/v2\/media\/134068"}],"wp:attachment":[{"href":"https:\/\/poppers-online.ch\/fr\/wp-json\/wp\/v2\/media?parent=134090"}],"wp:term":[{"taxonomy":"product_brand","embeddable":true,"href":"https:\/\/poppers-online.ch\/fr\/wp-json\/wp\/v2\/product_brand?post=134090"},{"taxonomy":"product_cat","embeddable":true,"href":"https:\/\/poppers-online.ch\/fr\/wp-json\/wp\/v2\/product_cat?post=134090"},{"taxonomy":"product_tag","embeddable":true,"href":"https:\/\/poppers-online.ch\/fr\/wp-json\/wp\/v2\/product_tag?post=134090"}],"curies":[{"name":"wp","href":"https:\/\/api.w.org\/{rel}","templated":true}]}}