{"id":134046,"date":"2025-10-23T16:24:36","date_gmt":"2025-10-23T14:24:36","guid":{"rendered":"https:\/\/poppers-online.ch\/produkt\/vibrateur-anal-power-thrusting\/"},"modified":"2026-02-22T09:35:23","modified_gmt":"2026-02-22T08:35:23","slug":"vibrateur-anal-power-thrusting","status":"publish","type":"product","link":"https:\/\/poppers-online.ch\/fr\/produit\/vibrateur-anal-power-thrusting\/","title":{"rendered":"Vibrateur anal Power Thrusting"},"content":{"rendered":"","protected":false},"excerpt":{"rendered":"<p data-start=\"1327\" data-end=\"1844\"><strong data-start=\"1341\" data-end=\"1374\">Le vibromasseur Anal Power Thrusting<\/strong> a \u00e9t\u00e9 fabriqu\u00e9 avec la plus grande pr\u00e9cision pour une insertion en douceur et une p\u00e9n\u00e9tration intense et profonde. Gr\u00e2ce \u00e0 la ventouse r\u00e9glable, il est \u00e9galement possible de jouer les mains libres. Avec une force d&rsquo;impact allant jusqu&rsquo;\u00e0 5 cm, ce vibromasseur mesure 32 cm et atteint 37 cm en pleine extension. Activez le moteur extr\u00eamement puissant avec jusqu&rsquo;\u00e0 80 chocs par minute le long de la tige et abandonnez-vous aux ondes profondes et vibrantes qui vous m\u00e8neront \u00e0 un orgasme explosif.   <\/p>\n<p data-start=\"1846\" data-end=\"2226\">Pr\u00e9parez-vous \u00e0 atteindre un point culminant in\u00e9gal\u00e9 qui vous laissera sans souffle. Fabriqu\u00e9 en silicone pur \u00e0 100 %, ce vibromasseur offre durabilit\u00e9, confort et une multitude de modes de vibration pour une exp\u00e9rience excitante. Lib\u00e9rez vos fantasmes les plus fous avec le vibromasseur Anal Power Thrusting et d\u00e9couvrez de nouvelles dimensions de plaisir dont vous deviendrez accro.  <\/p>\n<p data-start=\"2228\" data-end=\"2656\"><strong data-start=\"2228\" data-end=\"2245\">Dimensions du produit :<\/strong> 37 \u00d7 7 cm<br data-start=\"2255\" data-end=\"2258\"><strong data-start=\"2258\" data-end=\"2274\">Longueur totale :<\/strong> 37 cm<br data-start=\"2280\" data-end=\"2283\"><strong data-start=\"2283\" data-end=\"2305\">Longueur ins\u00e9rable :<\/strong> 17,5 cm<br data-start=\"2313\" data-end=\"2316\"><strong data-start=\"2316\" data-end=\"2339\">Diam\u00e8tre d&rsquo;insertion :<\/strong> 5 cm<br data-start=\"2344\" data-end=\"2347\"><strong data-start=\"2347\" data-end=\"2360\">Ventouse :<\/strong> Oui<br data-start=\"2363\" data-end=\"2366\"><strong data-start=\"2366\" data-end=\"2379\">Mat\u00e9riau :<\/strong> silicone, plastique ABS<br data-start=\"2403\" data-end=\"2406\"><strong data-start=\"2406\" data-end=\"2426\">Rechargeable, en fait : <\/strong>Oui<br data-start=\"2429\" data-end=\"2432\"><strong data-start=\"2432\" data-end=\"2445\" data-is-only-node=\"\">Dur\u00e9e :<\/strong> 60 minutes<br data-start=\"2456\" data-end=\"2459\"><strong data-start=\"2459\" data-end=\"2472\">Temps de charge :<\/strong> 240 minutes<br data-start=\"2484\" data-end=\"2487\"><strong data-start=\"2487\" data-end=\"2511\">R\u00e9sistance \u00e0 l&rsquo;eau :<\/strong> IPX4 Protection contre les projections d&rsquo;eau<br data-start=\"2538\" data-end=\"2541\"><strong data-start=\"2541\" data-end=\"2564\">Options de contr\u00f4le :<\/strong> T\u00e9l\u00e9commande<br data-start=\"2578\" data-end=\"2581\"><strong data-start=\"2581\" data-end=\"2600\">Modes de vibration :<\/strong> 9<br data-start=\"2602\" data-end=\"2605\"><strong data-start=\"2605\" data-end=\"2619\">Modes de choc :<\/strong> 3<br data-start=\"2621\" data-end=\"2624\"><strong data-start=\"2624\" data-end=\"2640\">Type de batterie :<\/strong> lithium-ion<\/p>\n","protected":false},"featured_media":134026,"comment_status":"open","ping_status":"closed","template":"","meta":{"_acf_changed":false,"iawp_total_views":70,"_glsr_average":0,"_glsr_ranking":0,"_glsr_reviews":0},"product_brand":[],"product_cat":[2085,171],"product_tag":[],"class_list":{"0":"post-134046","1":"product","2":"type-product","3":"status-publish","4":"has-post-thumbnail","6":"product_cat-anal-play","7":"product_cat-sex-toys","9":"first","10":"instock","11":"taxable","12":"shipping-taxable","13":"purchasable","14":"product-type-simple"},"acf":[],"_links":{"self":[{"href":"https:\/\/poppers-online.ch\/fr\/wp-json\/wp\/v2\/product\/134046","targetHints":{"allow":["GET"]}}],"collection":[{"href":"https:\/\/poppers-online.ch\/fr\/wp-json\/wp\/v2\/product"}],"about":[{"href":"https:\/\/poppers-online.ch\/fr\/wp-json\/wp\/v2\/types\/product"}],"replies":[{"embeddable":true,"href":"https:\/\/poppers-online.ch\/fr\/wp-json\/wp\/v2\/comments?post=134046"}],"wp:featuredmedia":[{"embeddable":true,"href":"https:\/\/poppers-online.ch\/fr\/wp-json\/wp\/v2\/media\/134026"}],"wp:attachment":[{"href":"https:\/\/poppers-online.ch\/fr\/wp-json\/wp\/v2\/media?parent=134046"}],"wp:term":[{"taxonomy":"product_brand","embeddable":true,"href":"https:\/\/poppers-online.ch\/fr\/wp-json\/wp\/v2\/product_brand?post=134046"},{"taxonomy":"product_cat","embeddable":true,"href":"https:\/\/poppers-online.ch\/fr\/wp-json\/wp\/v2\/product_cat?post=134046"},{"taxonomy":"product_tag","embeddable":true,"href":"https:\/\/poppers-online.ch\/fr\/wp-json\/wp\/v2\/product_tag?post=134046"}],"curies":[{"name":"wp","href":"https:\/\/api.w.org\/{rel}","templated":true}]}}