{"id":133946,"date":"2025-10-23T14:51:57","date_gmt":"2025-10-23T12:51:57","guid":{"rendered":"https:\/\/poppers-online.ch\/produkt\/gel-pour-le-penis-s8-prolong-30ml\/"},"modified":"2025-11-04T17:07:56","modified_gmt":"2025-11-04T16:07:56","slug":"gel-pour-le-penis-s8-prolong-30ml","status":"publish","type":"product","link":"https:\/\/poppers-online.ch\/fr\/produit\/gel-pour-le-penis-s8-prolong-30ml\/","title":{"rendered":"Gel pour le p\u00e9nis S8 Prolong 30ml"},"content":{"rendered":"","protected":false},"excerpt":{"rendered":"<p data-start=\"663\" data-end=\"1200\">Faites l&rsquo;amour <strong data-start=\"677\" data-end=\"699\">plus longtemps<\/strong> avec le <strong data-start=\"738\" data-end=\"768\">gel p\u00e9nien S8 Prolong 30ml<\/strong> de haute qualit\u00e9 <strong data-start=\"738\" data-end=\"768\">!<\/strong> Cette formule haut de gamme contient des ingr\u00e9dients test\u00e9s sous contr\u00f4le dermatologique qui prolongent la duret\u00e9 et retardent l&rsquo;apog\u00e9e, sans pour autant compromettre les sensations. Vous pourrez ainsi profiter de moments plus longs et plus intenses. Le <strong data-start=\"1005\" data-end=\"1023\">gel S8 Prolong<\/strong> est sans gluten, sans sulfate, sans parab\u00e8ne, sans phtalate et ne contient pas de conservateurs agressifs &#8211; un choix naturel et digne de confiance pour vos soins intimes.<\/p>\n<p data-start=\"1202\" data-end=\"1378\"><strong data-start=\"1202\" data-end=\"1220\">Contenu du produit :<\/strong> 30 ml<br data-start=\"1226\" data-end=\"1229\"><strong data-start=\"1229\" data-end=\"1245\">Longueur totale :<\/strong> 10 cm<br data-start=\"1251\" data-end=\"1254\"><strong data-start=\"1254\" data-end=\"1277\">Diam\u00e8tre d&rsquo;insertion :<\/strong> \u00d8 3 cm<br data-start=\"1284\" data-end=\"1287\"><strong data-start=\"1287\" data-end=\"1308\">Test\u00e9 contre les allergies :<\/strong> Oui<br data-start=\"1311\" data-end=\"1314\"><strong data-start=\"1314\" data-end=\"1329\">Sans gluten :<\/strong> Oui<br data-start=\"1332\" data-end=\"1335\"><strong data-start=\"1335\" data-end=\"1349\" data-is-only-node=\"\">Sans odeur :<\/strong> Oui<br data-start=\"1352\" data-end=\"1355\"><strong data-start=\"1355\" data-end=\"1373\">Sans parab\u00e8nes :<\/strong> Oui<\/p>\n","protected":false},"featured_media":133943,"comment_status":"open","ping_status":"closed","template":"","meta":{"_acf_changed":false,"iawp_total_views":16,"_glsr_average":0,"_glsr_ranking":0,"_glsr_reviews":0},"product_brand":[],"product_cat":[2079,166],"product_tag":[],"class_list":{"0":"post-133946","1":"product","2":"type-product","3":"status-publish","4":"has-post-thumbnail","6":"product_cat-retardant-ejaculation","7":"product_cat-droguerie","9":"first","10":"instock","11":"taxable","12":"shipping-taxable","13":"purchasable","14":"product-type-simple"},"acf":[],"_links":{"self":[{"href":"https:\/\/poppers-online.ch\/fr\/wp-json\/wp\/v2\/product\/133946","targetHints":{"allow":["GET"]}}],"collection":[{"href":"https:\/\/poppers-online.ch\/fr\/wp-json\/wp\/v2\/product"}],"about":[{"href":"https:\/\/poppers-online.ch\/fr\/wp-json\/wp\/v2\/types\/product"}],"replies":[{"embeddable":true,"href":"https:\/\/poppers-online.ch\/fr\/wp-json\/wp\/v2\/comments?post=133946"}],"wp:featuredmedia":[{"embeddable":true,"href":"https:\/\/poppers-online.ch\/fr\/wp-json\/wp\/v2\/media\/133943"}],"wp:attachment":[{"href":"https:\/\/poppers-online.ch\/fr\/wp-json\/wp\/v2\/media?parent=133946"}],"wp:term":[{"taxonomy":"product_brand","embeddable":true,"href":"https:\/\/poppers-online.ch\/fr\/wp-json\/wp\/v2\/product_brand?post=133946"},{"taxonomy":"product_cat","embeddable":true,"href":"https:\/\/poppers-online.ch\/fr\/wp-json\/wp\/v2\/product_cat?post=133946"},{"taxonomy":"product_tag","embeddable":true,"href":"https:\/\/poppers-online.ch\/fr\/wp-json\/wp\/v2\/product_tag?post=133946"}],"curies":[{"name":"wp","href":"https:\/\/api.w.org\/{rel}","templated":true}]}}