{"id":133936,"date":"2025-10-23T14:21:03","date_gmt":"2025-10-23T12:21:03","guid":{"rendered":"https:\/\/poppers-online.ch\/produkt\/starter-penis-pump-blue\/"},"modified":"2025-11-04T16:47:58","modified_gmt":"2025-11-04T15:47:58","slug":"starter-penis-pump-blue","status":"publish","type":"product","link":"https:\/\/poppers-online.ch\/fr\/produit\/starter-penis-pump-blue\/","title":{"rendered":"Starter Penis Pump Blue"},"content":{"rendered":"","protected":false},"excerpt":{"rendered":"<p><strong>La taille compte<\/strong>, et la <strong>STARTER PENIS PUMP BLUE<\/strong> est exactement ce que vous cherchiez pour obtenir une longueur suppl\u00e9mentaire. Ins\u00e9rez votre p\u00e9nis dans le tube, tenez-le fermement contre votre entrejambe et commencez \u00e0 pomper ! La balle de pompage tient parfaitement dans votre main et pendant que vous pompez, vous pouvez observer les r\u00e9sultats impressionnants en temps r\u00e9el. Les lignes de mesure sur le cylindre vous aident \u00e0 suivre vos progr\u00e8s. Et si vous avez besoin d&rsquo;une pause, il vous suffit d&rsquo;appuyer sur la valve de d\u00e9compression rapide pour rel\u00e2cher imm\u00e9diatement la pression. Pr\u00e9parez-vous \u00e0 augmenter votre taille et votre confiance en vous avec les <strong>POMPES FUSION X PENIS<\/strong>!     <\/p>\n","protected":false},"featured_media":133920,"comment_status":"open","ping_status":"closed","template":"","meta":{"_acf_changed":false,"iawp_total_views":12,"_glsr_average":0,"_glsr_ranking":0,"_glsr_reviews":0},"product_brand":[],"product_cat":[2097,2091,171],"product_tag":[],"class_list":{"0":"post-133936","1":"product","2":"type-product","3":"status-publish","4":"has-post-thumbnail","6":"product_cat-agrandir-penis","7":"product_cat-cock-play","8":"product_cat-sex-toys","10":"first","11":"instock","12":"taxable","13":"shipping-taxable","14":"purchasable","15":"product-type-simple"},"acf":[],"_links":{"self":[{"href":"https:\/\/poppers-online.ch\/fr\/wp-json\/wp\/v2\/product\/133936","targetHints":{"allow":["GET"]}}],"collection":[{"href":"https:\/\/poppers-online.ch\/fr\/wp-json\/wp\/v2\/product"}],"about":[{"href":"https:\/\/poppers-online.ch\/fr\/wp-json\/wp\/v2\/types\/product"}],"replies":[{"embeddable":true,"href":"https:\/\/poppers-online.ch\/fr\/wp-json\/wp\/v2\/comments?post=133936"}],"wp:featuredmedia":[{"embeddable":true,"href":"https:\/\/poppers-online.ch\/fr\/wp-json\/wp\/v2\/media\/133920"}],"wp:attachment":[{"href":"https:\/\/poppers-online.ch\/fr\/wp-json\/wp\/v2\/media?parent=133936"}],"wp:term":[{"taxonomy":"product_brand","embeddable":true,"href":"https:\/\/poppers-online.ch\/fr\/wp-json\/wp\/v2\/product_brand?post=133936"},{"taxonomy":"product_cat","embeddable":true,"href":"https:\/\/poppers-online.ch\/fr\/wp-json\/wp\/v2\/product_cat?post=133936"},{"taxonomy":"product_tag","embeddable":true,"href":"https:\/\/poppers-online.ch\/fr\/wp-json\/wp\/v2\/product_tag?post=133936"}],"curies":[{"name":"wp","href":"https:\/\/api.w.org\/{rel}","templated":true}]}}