{"id":133892,"date":"2025-10-23T11:35:54","date_gmt":"2025-10-23T09:35:54","guid":{"rendered":"https:\/\/poppers-online.ch\/produkt\/vibrateur-magnum-opus-thruster-pro\/"},"modified":"2025-10-23T11:42:46","modified_gmt":"2025-10-23T09:42:46","slug":"vibrateur-magnum-opus-thruster-pro","status":"publish","type":"product","link":"https:\/\/poppers-online.ch\/fr\/produit\/vibrateur-magnum-opus-thruster-pro\/","title":{"rendered":"Vibrateur Magnum Opus Thruster Pro"},"content":{"rendered":"","protected":false},"excerpt":{"rendered":"<p data-start=\"1353\" data-end=\"1418\"><strong data-start=\"1353\" data-end=\"1381\">Magnum Opus Thruster Pro<\/strong> &#8211; le symbole du plaisir et de la puissance.<\/p>\n<p data-start=\"1420\" data-end=\"1774\">Ce vibromasseur \u00e0 percussion est con\u00e7u pour satisfaire vos d\u00e9sirs les plus profonds, avec des veines r\u00e9alistes et une stimulation intense. Avec un rythme impressionnant de 70 pulsations par minute, ce vibromasseur vous fait atteindre un tout nouveau niveau de plaisir. Il est \u00e9quip\u00e9 d&rsquo;une t\u00e9l\u00e9commande pour une utilisation facile et d&rsquo;une base d&rsquo;aspiration pour un plaisir mains libres.  <\/p>\n<p data-start=\"1776\" data-end=\"2204\">Profitez d&rsquo;une course allant jusqu&rsquo;\u00e0 8 cm, de 3 vitesses de mont\u00e9e et de descente et de 7 modes de vibration avec 3 vitesses de vibration. Fabriqu\u00e9 en silicone respectueux du corps, il offre un confort et une s\u00e9curit\u00e9 maximum. Sa conception r\u00e9sistante aux \u00e9claboussures permet un nettoyage sans effort et sa charge USB garantit un plaisir sans fin. Offrez-vous le plaisir extraordinaire du <strong data-start=\"2138\" data-end=\"2166\">Magnum Opus Thruster Pro<\/strong> et laissez-vous aller \u00e0 l&rsquo;extase.   <\/p>\n<p data-start=\"2206\" data-end=\"2517\"><strong data-start=\"2206\" data-end=\"2226\">Donn\u00e9es techniques<\/strong><br data-start=\"2226\" data-end=\"2229\"><strong data-start=\"2229\" data-end=\"2245\">Longueur totale :<\/strong> 30 cm<br data-start=\"2251\" data-end=\"2254\"><strong data-start=\"2254\" data-end=\"2283\">Diam\u00e8tre d&rsquo;insertion :<\/strong> 4,1 cm<br data-start=\"2290\" data-end=\"2293\"><strong data-start=\"2293\" data-end=\"2306\">Ventouse :<\/strong> Oui<br data-start=\"2309\" data-end=\"2312\"><strong data-start=\"2312\" data-end=\"2325\">Mat\u00e9riau: <\/strong>silicone<br data-start=\"2333\" data-end=\"2336\"><strong data-start=\"2336\" data-end=\"2356\">Rechargeable, en fait : <\/strong>Oui<br data-start=\"2359\" data-end=\"2362\"><strong data-start=\"2362\" data-end=\"2382\">R\u00e9sistance \u00e0 l&rsquo;eau :<\/strong> IPX4 Protection contre les projections d&rsquo;eau<br data-start=\"2409\" data-end=\"2412\"><strong data-start=\"2412\" data-end=\"2431\">Modes de vibration:<\/strong> 10<br data-start=\"2434\" data-end=\"2437\"><strong data-start=\"2437\" data-end=\"2456\">Modes de pulsation :<\/strong> 3<br data-start=\"2458\" data-end=\"2461\"><strong data-start=\"2461\" data-end=\"2480\">Nombre de moteurs :<\/strong> 2<br data-start=\"2482\" data-end=\"2485\"><strong data-start=\"2485\" data-end=\"2501\">Type de batterie :<\/strong> lithium-ion<\/p>\n","protected":false},"featured_media":133853,"comment_status":"open","ping_status":"closed","template":"","meta":{"_acf_changed":false,"iawp_total_views":32,"_glsr_average":0,"_glsr_ranking":0,"_glsr_reviews":0},"product_brand":[],"product_cat":[2085,171],"product_tag":[],"class_list":{"0":"post-133892","1":"product","2":"type-product","3":"status-publish","4":"has-post-thumbnail","6":"product_cat-anal-play","7":"product_cat-sex-toys","9":"first","10":"outofstock","11":"taxable","12":"shipping-taxable","13":"purchasable","14":"product-type-simple"},"acf":[],"_links":{"self":[{"href":"https:\/\/poppers-online.ch\/fr\/wp-json\/wp\/v2\/product\/133892","targetHints":{"allow":["GET"]}}],"collection":[{"href":"https:\/\/poppers-online.ch\/fr\/wp-json\/wp\/v2\/product"}],"about":[{"href":"https:\/\/poppers-online.ch\/fr\/wp-json\/wp\/v2\/types\/product"}],"replies":[{"embeddable":true,"href":"https:\/\/poppers-online.ch\/fr\/wp-json\/wp\/v2\/comments?post=133892"}],"wp:featuredmedia":[{"embeddable":true,"href":"https:\/\/poppers-online.ch\/fr\/wp-json\/wp\/v2\/media\/133853"}],"wp:attachment":[{"href":"https:\/\/poppers-online.ch\/fr\/wp-json\/wp\/v2\/media?parent=133892"}],"wp:term":[{"taxonomy":"product_brand","embeddable":true,"href":"https:\/\/poppers-online.ch\/fr\/wp-json\/wp\/v2\/product_brand?post=133892"},{"taxonomy":"product_cat","embeddable":true,"href":"https:\/\/poppers-online.ch\/fr\/wp-json\/wp\/v2\/product_cat?post=133892"},{"taxonomy":"product_tag","embeddable":true,"href":"https:\/\/poppers-online.ch\/fr\/wp-json\/wp\/v2\/product_tag?post=133892"}],"curies":[{"name":"wp","href":"https:\/\/api.w.org\/{rel}","templated":true}]}}