{"id":133805,"date":"2025-10-23T10:44:15","date_gmt":"2025-10-23T08:44:15","guid":{"rendered":"https:\/\/poppers-online.ch\/produkt\/electroshock-cock-cage\/"},"modified":"2025-11-03T20:32:34","modified_gmt":"2025-11-03T19:32:34","slug":"electroshock-cock-cage","status":"publish","type":"product","link":"https:\/\/poppers-online.ch\/fr\/produit\/electroshock-cock-cage\/","title":{"rendered":"Electroshock Cock Cage"},"content":{"rendered":"","protected":false},"excerpt":{"rendered":"<p>EXTREME by HIDDEN DESIRE pr\u00e9sente une collection unique de jouets \u00e9lectriques pour tous ceux qui ne veulent pas seulement tester les limites du plaisir, mais les faire exploser. L&rsquo;<strong>ELECTROSHOCK COCK CAGE<\/strong> est l&rsquo;outil ultime pour contr\u00f4ler, stimuler et r\u00e9compenser votre partenaire. <\/p>\n<p>La cage est enti\u00e8rement r\u00e9glable et comprend un ensemble complet d&rsquo;anneaux de diff\u00e9rentes tailles, de pins de rechange et de tubes pour un ajustement parfait. S\u00e9curisez la cage \u00e0 l&rsquo;aide du cadenas fourni ou des tags num\u00e9rot\u00e9s pour garder le contr\u00f4le \u00e0 tout moment. Pour une exp\u00e9rience encore plus intense, activez le mode \u00e9lectrique &#8211; et regardez votre partenaire fr\u00e9mir d&rsquo;excitation.  <\/p>\n<p>La doublure en silicone souple et conductrice \u00e0 l&rsquo;int\u00e9rieur de la cage transmet diff\u00e9rents motifs d&rsquo;\u00e9lectrochocs directement au cock captur\u00e9, tandis que la t\u00e9l\u00e9commande rend l&rsquo;utilisation particuli\u00e8rement simple et excitante. Lib\u00e9rez vos fantasmes les plus fous avec l&rsquo;<strong>ELECTROSHOCK COCK CAGE<\/strong>. <\/p>\n<p><strong>Important :<\/strong> les composants \u00e9lectriques ne sont pas \u00e9tanches. Pour \u00e9viter tout dommage, ne plongez pas l&rsquo;appareil dans l&rsquo;eau. Nettoyez-le avec un chiffon humide.  <\/p>\n<p><strong>Longueur totale :<\/strong> 11 cm<br \/>\n<strong>Longueur d&rsquo;insertion :<\/strong> 8 cm<br \/>\n<strong>Diam\u00e8tre des anneaux :<\/strong> 5 anneaux inclus &#8211; 3.5 \/ 3.8 \/ 4.2 \/ 4.5 \/ 4.8 cm<br \/>\n<strong>Mat\u00e9riau :<\/strong> acrylique et silicone conducteur<br \/>\n<strong>Rechargeable, en fait : <\/strong>Oui<br \/>\n<strong>Contr\u00f4le :<\/strong> T\u00e9l\u00e9commande<br \/>\n<strong>Nombre de piles :<\/strong> 4<br \/>\n<strong>Type de pile :<\/strong> lithium-ion, AAA<\/p>\n","protected":false},"featured_media":133761,"comment_status":"open","ping_status":"closed","template":"","meta":{"_acf_changed":false,"iawp_total_views":28,"_glsr_average":0,"_glsr_ranking":0,"_glsr_reviews":0},"product_brand":[],"product_cat":[2091,171],"product_tag":[],"class_list":{"0":"post-133805","1":"product","2":"type-product","3":"status-publish","4":"has-post-thumbnail","6":"product_cat-cock-play","7":"product_cat-sex-toys","9":"first","10":"instock","11":"taxable","12":"shipping-taxable","13":"purchasable","14":"product-type-simple"},"acf":[],"_links":{"self":[{"href":"https:\/\/poppers-online.ch\/fr\/wp-json\/wp\/v2\/product\/133805","targetHints":{"allow":["GET"]}}],"collection":[{"href":"https:\/\/poppers-online.ch\/fr\/wp-json\/wp\/v2\/product"}],"about":[{"href":"https:\/\/poppers-online.ch\/fr\/wp-json\/wp\/v2\/types\/product"}],"replies":[{"embeddable":true,"href":"https:\/\/poppers-online.ch\/fr\/wp-json\/wp\/v2\/comments?post=133805"}],"wp:featuredmedia":[{"embeddable":true,"href":"https:\/\/poppers-online.ch\/fr\/wp-json\/wp\/v2\/media\/133761"}],"wp:attachment":[{"href":"https:\/\/poppers-online.ch\/fr\/wp-json\/wp\/v2\/media?parent=133805"}],"wp:term":[{"taxonomy":"product_brand","embeddable":true,"href":"https:\/\/poppers-online.ch\/fr\/wp-json\/wp\/v2\/product_brand?post=133805"},{"taxonomy":"product_cat","embeddable":true,"href":"https:\/\/poppers-online.ch\/fr\/wp-json\/wp\/v2\/product_cat?post=133805"},{"taxonomy":"product_tag","embeddable":true,"href":"https:\/\/poppers-online.ch\/fr\/wp-json\/wp\/v2\/product_tag?post=133805"}],"curies":[{"name":"wp","href":"https:\/\/api.w.org\/{rel}","templated":true}]}}