{"id":133257,"date":"2025-10-16T15:43:27","date_gmt":"2025-10-16T13:43:27","guid":{"rendered":"https:\/\/poppers-online.ch\/produkt\/bangers-fuck-machine-pro-2\/"},"modified":"2025-10-20T15:28:53","modified_gmt":"2025-10-20T13:28:53","slug":"bangers-fuck-machine-pro-2","status":"publish","type":"product","link":"https:\/\/poppers-online.ch\/fr\/produit\/bangers-fuck-machine-pro-2\/","title":{"rendered":"Bangers Fuck Machine Pro 2"},"content":{"rendered":"","protected":false},"excerpt":{"rendered":"<p data-start=\"165\" data-end=\"714\">Vous recherchez la Fuck Machine parfaite ? Votre recherche se termine ici &#8211; avec la <strong data-start=\"241\" data-end=\"271\">Bangers Fuck Machine Pro 2<\/strong> de Hidden Desire. La meilleure chose \u00e0 propos de cette machine \u00e0 sexe est qu&rsquo;elle est tr\u00e8s compacte &#8211; facile \u00e0 ranger, rapide \u00e0 utiliser et pourtant avec la m\u00eame puissance et les m\u00eames caract\u00e9ristiques que les grands mod\u00e8les. Cette machine fournit 285 tours par minute. Les pieds ventouses font en sorte que la Fuck Machine ne bouge pas pendant l&rsquo;utilisation.<br data-start=\"616\" data-end=\"619\">La Fuck Machine est livr\u00e9e avec une t\u00e9l\u00e9commande, un gode de 17 cm et deux adaptateurs.    <\/p>\n<p data-start=\"716\" data-end=\"950\">Les adaptateurs Vac-U-Lock et Suction Cup permettent d&rsquo;utiliser la machine sexuelle avec presque tous les godemich\u00e9s ou dongs. Pr\u00e9parez-vous \u00e0 un maximum de puissance dans un design compact et d\u00e9couvrez un plaisir sans fin avec les Bangers Fuckmachines. <\/p>\n<p data-start=\"952\" data-end=\"1032\"><strong data-start=\"952\" data-end=\"976\">70 WATTS DE PUISSANCE NOMINALE<\/strong><br data-start=\"976\" data-end=\"979\"><strong data-start=\"979\" data-end=\"1009\">285 TOURS PAR MINUTE<\/strong><br data-start=\"1009\" data-end=\"1012\"><strong data-start=\"1012\" data-end=\"1030\">LONGUEUR DE COURSE 10 CM<\/strong><\/p>\n<p data-start=\"1034\" data-end=\"1122\"><strong data-start=\"1034\" data-end=\"1057\">Dimensions du produit :<\/strong> 38.5 \u00d7 20 \u00d7 33 cm<br data-start=\"1075\" data-end=\"1078\"><strong data-start=\"1078\" data-end=\"1091\">Pied \u00e0 ventouse :<\/strong> Oui<br data-start=\"1094\" data-end=\"1097\"><strong data-start=\"1097\" data-end=\"1116\">Mat\u00e9riau du gode :<\/strong> PVC<\/p>\n","protected":false},"featured_media":133205,"comment_status":"open","ping_status":"closed","template":"","meta":{"_acf_changed":false,"iawp_total_views":53,"_glsr_average":0,"_glsr_ranking":0,"_glsr_reviews":0},"product_brand":[],"product_cat":[2085,171],"product_tag":[],"class_list":{"0":"post-133257","1":"product","2":"type-product","3":"status-publish","4":"has-post-thumbnail","6":"product_cat-anal-play","7":"product_cat-sex-toys","9":"first","10":"instock","11":"taxable","12":"shipping-taxable","13":"purchasable","14":"product-type-simple"},"acf":[],"_links":{"self":[{"href":"https:\/\/poppers-online.ch\/fr\/wp-json\/wp\/v2\/product\/133257","targetHints":{"allow":["GET"]}}],"collection":[{"href":"https:\/\/poppers-online.ch\/fr\/wp-json\/wp\/v2\/product"}],"about":[{"href":"https:\/\/poppers-online.ch\/fr\/wp-json\/wp\/v2\/types\/product"}],"replies":[{"embeddable":true,"href":"https:\/\/poppers-online.ch\/fr\/wp-json\/wp\/v2\/comments?post=133257"}],"wp:featuredmedia":[{"embeddable":true,"href":"https:\/\/poppers-online.ch\/fr\/wp-json\/wp\/v2\/media\/133205"}],"wp:attachment":[{"href":"https:\/\/poppers-online.ch\/fr\/wp-json\/wp\/v2\/media?parent=133257"}],"wp:term":[{"taxonomy":"product_brand","embeddable":true,"href":"https:\/\/poppers-online.ch\/fr\/wp-json\/wp\/v2\/product_brand?post=133257"},{"taxonomy":"product_cat","embeddable":true,"href":"https:\/\/poppers-online.ch\/fr\/wp-json\/wp\/v2\/product_cat?post=133257"},{"taxonomy":"product_tag","embeddable":true,"href":"https:\/\/poppers-online.ch\/fr\/wp-json\/wp\/v2\/product_tag?post=133257"}],"curies":[{"name":"wp","href":"https:\/\/api.w.org\/{rel}","templated":true}]}}