{"id":133201,"date":"2025-10-16T15:01:16","date_gmt":"2025-10-16T13:01:16","guid":{"rendered":"https:\/\/poppers-online.ch\/produkt\/hardcore-brain-drain-a-amsterdam-poppers-combo\/"},"modified":"2025-11-17T14:18:34","modified_gmt":"2025-11-17T13:18:34","slug":"hardcore-brain-drain-a-amsterdam-poppers-combo","status":"publish","type":"product","link":"https:\/\/poppers-online.ch\/fr\/produit\/hardcore-brain-drain-a-amsterdam-poppers-combo\/","title":{"rendered":"Hardcore Brain Drain \u00e0 Amsterdam Poppers Combo"},"content":{"rendered":"","protected":false},"excerpt":{"rendered":"<p data-start=\"338\" data-end=\"611\"><strong data-start=\"338\" data-end=\"389\">Hardcore Brain Drain in Amsterdam Poppers Combo<\/strong> &#8211; inspir\u00e9 par les nuits folles d&rsquo;Amsterdam.<br data-start=\"439\" data-end=\"442\">Ce combo est synonyme de plaisir intense, d&rsquo;aventures d\u00e9brid\u00e9es et d&rsquo;extase pure.<br data-start=\"520\" data-end=\"523\">Parfait pour ceux qui veulent vivre le maximum pendant qu&rsquo;ils font la f\u00eate, jouent ou se d\u00e9tendent.<\/p>\n<p data-start=\"613\" data-end=\"1033\"><strong data-start=\"613\" data-end=\"643\">Amsterdam Hardcore Poppers<\/strong> vous fait vivre une exp\u00e9rience hardcore. Le nouveau et puissant <strong data-start=\"697\" data-end=\"711\">N-pentanol<\/strong> donne un coup de fouet instantan\u00e9 et un effet extra-durable. Pr\u00e9parez-vous \u00e0 l&rsquo;ultime rush de Poppers et laissez tomber vos inhibitions pour faire monter votre plaisir \u00e0 l&rsquo;infini. Ce combo vous apporte la grande <strong data-start=\"948\" data-end=\"965\">version de 24ml<\/strong> pour la maison et une <strong data-start=\"999\" data-end=\"1016\">version<\/strong> pratique <strong data-start=\"999\" data-end=\"1016\">de 10ml<\/strong> pour la route.   <\/p>\n<p data-start=\"1035\" data-end=\"1694\"><strong data-start=\"1035\" data-end=\"1077\">Brain Drain Poppers 24ml Twisted Beast<\/strong> est le poppers pour esclaves sexuels parmi les <strong data-start=\"1129\" data-end=\"1154\">poppers<\/strong> tendance <strong data-start=\"1129\" data-end=\"1154\">Twisted Beast<\/strong> du Royaume-Uni et contient <strong data-start=\"1174\" data-end=\"1207\">du pentyl\/isoamyl alcool nitrite<\/strong>.<br data-start=\"1208\" data-end=\"1211\"><strong data-start=\"1211\" data-end=\"1228\">Twisted Beast<\/strong> est une marque culte de sexe gay hardcore originaire d&rsquo;Angleterre. Les poppers de Twisted Beast font partie des poppers les plus extr\u00eames disponibles au Royaume-Uni. Vous n&rsquo;avez d\u00e9sormais plus besoin de vous rendre \u00e0 SOHO pour acheter les embl\u00e9matiques Twisted Beast Poppers.<br data-start=\"1460\" data-end=\"1463\">Il est temps de vous vider la t\u00eate et le cerveau. <strong data-start=\"1521\" data-end=\"1544\">Les Brain Drain Poppers<\/strong> lib\u00e8rent votre t\u00eate pour que vous puissiez la remplir d&rsquo;autant de porno, de bites et de sperme. Avec un sniff, vous devenez un esclave sexuel sans volont\u00e9.<\/p>\n","protected":false},"featured_media":133198,"comment_status":"open","ping_status":"closed","template":"","meta":{"_acf_changed":false,"iawp_total_views":38,"_glsr_average":0,"_glsr_ranking":0,"_glsr_reviews":0},"product_brand":[],"product_cat":[1046,76],"product_tag":[],"class_list":{"0":"post-133201","1":"product","2":"type-product","3":"status-publish","4":"has-post-thumbnail","6":"product_cat-poppers","7":"product_cat-paquets-economiques","8":"pa_flaschenform-rond-petit","9":"pa_flaschenform-ovale","10":"pa_flaschenform-anguleux","11":"pa_gewindegroesse-small","12":"pa_gewindegroesse-large","13":"pa_inhalt-combo","14":"pa_inhalt-24ml","15":"pa_inhalt-10ml","16":"pa_inhaltsstoffe-nitrite-dalcool-isoamylique","17":"pa_inhaltsstoffe-nitrite-de-n-pentanol","18":"pa_marke-amsterdam-poppers","19":"pa_marke-twisted-beast","20":"pa_staerke-90","22":"first","23":"instock","24":"sale","25":"taxable","26":"shipping-taxable","27":"purchasable","28":"product-type-simple"},"acf":[],"_links":{"self":[{"href":"https:\/\/poppers-online.ch\/fr\/wp-json\/wp\/v2\/product\/133201","targetHints":{"allow":["GET"]}}],"collection":[{"href":"https:\/\/poppers-online.ch\/fr\/wp-json\/wp\/v2\/product"}],"about":[{"href":"https:\/\/poppers-online.ch\/fr\/wp-json\/wp\/v2\/types\/product"}],"replies":[{"embeddable":true,"href":"https:\/\/poppers-online.ch\/fr\/wp-json\/wp\/v2\/comments?post=133201"}],"wp:featuredmedia":[{"embeddable":true,"href":"https:\/\/poppers-online.ch\/fr\/wp-json\/wp\/v2\/media\/133198"}],"wp:attachment":[{"href":"https:\/\/poppers-online.ch\/fr\/wp-json\/wp\/v2\/media?parent=133201"}],"wp:term":[{"taxonomy":"product_brand","embeddable":true,"href":"https:\/\/poppers-online.ch\/fr\/wp-json\/wp\/v2\/product_brand?post=133201"},{"taxonomy":"product_cat","embeddable":true,"href":"https:\/\/poppers-online.ch\/fr\/wp-json\/wp\/v2\/product_cat?post=133201"},{"taxonomy":"product_tag","embeddable":true,"href":"https:\/\/poppers-online.ch\/fr\/wp-json\/wp\/v2\/product_tag?post=133201"}],"curies":[{"name":"wp","href":"https:\/\/api.w.org\/{rel}","templated":true}]}}