{"id":133189,"date":"2025-10-16T12:30:22","date_gmt":"2025-10-16T10:30:22","guid":{"rendered":"https:\/\/poppers-online.ch\/produkt\/combo-forever-wild-poppers\/"},"modified":"2025-11-23T11:10:44","modified_gmt":"2025-11-23T10:10:44","slug":"combo-forever-wild-poppers","status":"publish","type":"product","link":"https:\/\/poppers-online.ch\/fr\/produit\/combo-forever-wild-poppers\/","title":{"rendered":"Combo Forever Wild Poppers"},"content":{"rendered":"","protected":false},"excerpt":{"rendered":"<p data-start=\"276\" data-end=\"706\">Le <strong data-start=\"280\" data-end=\"310\">combo Forever Wild Poppers<\/strong> est destin\u00e9 \u00e0 tous ceux qui ne veulent pas seulement tester les limites, mais les faire exploser. Trois flacons d&rsquo;extase pure, trois personnages, un objectif : vous laisser compl\u00e8tement tomber. De l&rsquo;abandon sauvage \u00e0 l&rsquo;excitation maximale et \u00e0 l&rsquo;explosion effr\u00e9n\u00e9e, ce m\u00e9lange vous emm\u00e8ne dans un voyage \u00e0 travers le plaisir, le contr\u00f4le et la d\u00e9sinhibition totale.<br data-start=\"641\" data-end=\"644\">Pr\u00e9parez-vous \u00e0 d\u00e9cha\u00eener votre c\u00f4t\u00e9 sauvage pour toujours.  <\/p>\n<p data-start=\"708\" data-end=\"1516\"><strong data-start=\"708\" data-end=\"744\">Sissy Poppers 24ml Twisted Beast<\/strong> est le poppers parfait pour toute Sissy soumise parmi les poppers Twisted Beast \u00e0 la mode du Royaume-Uni et contient <strong data-start=\"859\" data-end=\"892\">du pentyl\/isoamyl alcool nitrite<\/strong>. D\u00e9couvrez de nouvelles possibilit\u00e9s sexuelles. Ce Poppers renforcera votre exp\u00e9rience et repoussera vos limites.  <br data-start=\"1007\" data-end=\"1010\"><strong data-start=\"1010\" data-end=\"1027\">Twisted Beast<\/strong> est une marque de sexe gay hardcore embl\u00e9matique du Royaume-Uni. Les poppers de Twisted Beast sont parmi les plus extr\u00eames disponibles au Royaume-Uni. Vous n&rsquo;avez plus besoin d&rsquo;aller \u00e0 SOHO pour acheter les poppers embl\u00e9matiques de Twisted Beast.<br data-start=\"1259\" data-end=\"1262\">Avec le <strong data-start=\"1276\" data-end=\"1293\">Sissy Poppers<\/strong>, devenez une petite salope soumise que votre top sait que vous pouvez aussi \u00eatre. Vous n&rsquo;avez \u00e0 vous soucier de rien d&rsquo;autre que de vos Poppers et de la queue bien plus grosse devant vous. Servez avec votre corps.    <\/p>\n<p data-start=\"1518\" data-end=\"2165\"><strong data-start=\"1518\" data-end=\"1546\">Meta Pentyl Poppers 10ml<\/strong> apporte un vent de fra\u00eecheur dans l&rsquo;univers des Poppers. Nous voulons tous aller de l&rsquo;avant. <strong data-start=\"1629\" data-end=\"1652\">Meta Pentyl Poppers<\/strong> vous y aide.  La <strong data-start=\"1674\" data-end=\"1704\">nouvelle formule de Matrix of Life<\/strong>, bas\u00e9e sur le <strong data-start=\"1719\" data-end=\"1756\">pentyle et le nitrite d&rsquo;alcool isoamylique<\/strong>, vous aide \u00e0 vous d\u00e9barrasser de vos inhibitions et \u00e0 maintenir la tension sexuelle pendant une p\u00e9riode prolong\u00e9e, et \u00e0 ressentir l&rsquo;orgasme de mani\u00e8re particuli\u00e8rement longue et intense. Les t\u00e9moignages montrent que l&rsquo;excitation devient extr\u00eamement forte et que l&rsquo;on a l&rsquo;impression que l&rsquo;apog\u00e9e est une extase absolue, comme si on ne voulait plus en finir. <strong data-start=\"2087\" data-end=\"2110\">Meta Pentyl Poppers<\/strong> est disponible en version 10ml et 24ml. <\/p>\n<p data-start=\"2167\" data-end=\"2614\"><strong data-start=\"2167\" data-end=\"2210\">Amsterdam XXX Ultra Strong Poppers 10ml<\/strong> est puissant et violent. Laissez-vous emporter vers une profonde relaxation et des sensations de plaisir d\u00e9brid\u00e9es. <g id=\"gid_1\">Amsterdam XXX<\/g> contient <g id=\"gid_2\">des nitrites d&rsquo;alcool isoamylique<\/g> et nous a enthousiasm\u00e9s par son intensit\u00e9 et sa dur\u00e9e d&rsquo;action. Vivez vous aussi vos aventures sexuelles torrides ou une s\u00e9ance de masturbation excitante et vivez avec <strong data-start=\"2524\" data-end=\"2562\">Amsterdam XXX Ultra Strong Poppers<\/strong> vos apog\u00e9es sexuelles \u00e0 un nouveau niveau.  <\/p>\n","protected":false},"featured_media":133183,"comment_status":"open","ping_status":"closed","template":"","meta":{"_acf_changed":false,"iawp_total_views":23,"_glsr_average":0,"_glsr_ranking":0,"_glsr_reviews":0},"product_brand":[],"product_cat":[1046,76],"product_tag":[],"class_list":{"0":"post-133189","1":"product","2":"type-product","3":"status-publish","4":"has-post-thumbnail","6":"product_cat-poppers","7":"product_cat-paquets-economiques","8":"pa_flaschenform-rond-petit","9":"pa_flaschenform-ovale","10":"pa_gewindegroesse-small","11":"pa_inhalt-combo","12":"pa_inhalt-24ml","13":"pa_inhalt-10ml","14":"pa_inhaltsstoffe-nitrite-dalcool-isoamylique","15":"pa_marke-amsterdam-poppers","16":"pa_marke-twisted-beast","17":"pa_staerke-90","19":"first","20":"instock","21":"sale","22":"taxable","23":"shipping-taxable","24":"purchasable","25":"product-type-simple"},"acf":[],"_links":{"self":[{"href":"https:\/\/poppers-online.ch\/fr\/wp-json\/wp\/v2\/product\/133189","targetHints":{"allow":["GET"]}}],"collection":[{"href":"https:\/\/poppers-online.ch\/fr\/wp-json\/wp\/v2\/product"}],"about":[{"href":"https:\/\/poppers-online.ch\/fr\/wp-json\/wp\/v2\/types\/product"}],"replies":[{"embeddable":true,"href":"https:\/\/poppers-online.ch\/fr\/wp-json\/wp\/v2\/comments?post=133189"}],"wp:featuredmedia":[{"embeddable":true,"href":"https:\/\/poppers-online.ch\/fr\/wp-json\/wp\/v2\/media\/133183"}],"wp:attachment":[{"href":"https:\/\/poppers-online.ch\/fr\/wp-json\/wp\/v2\/media?parent=133189"}],"wp:term":[{"taxonomy":"product_brand","embeddable":true,"href":"https:\/\/poppers-online.ch\/fr\/wp-json\/wp\/v2\/product_brand?post=133189"},{"taxonomy":"product_cat","embeddable":true,"href":"https:\/\/poppers-online.ch\/fr\/wp-json\/wp\/v2\/product_cat?post=133189"},{"taxonomy":"product_tag","embeddable":true,"href":"https:\/\/poppers-online.ch\/fr\/wp-json\/wp\/v2\/product_tag?post=133189"}],"curies":[{"name":"wp","href":"https:\/\/api.w.org\/{rel}","templated":true}]}}