{"id":130705,"date":"2025-09-18T11:56:43","date_gmt":"2025-09-18T09:56:43","guid":{"rendered":"https:\/\/poppers-online.ch\/produkt\/xtreme-kinky-poppers-combo\/"},"modified":"2026-01-26T11:13:30","modified_gmt":"2026-01-26T10:13:30","slug":"xtreme-kinky-poppers-combo","status":"publish","type":"product","link":"https:\/\/poppers-online.ch\/fr\/produit\/xtreme-kinky-poppers-combo\/","title":{"rendered":"XTREME KINKY Poppers Combo"},"content":{"rendered":"","protected":false},"excerpt":{"rendered":"<p data-start=\"127\" data-end=\"328\">Le <strong data-start=\"131\" data-end=\"161\">combo XTREME KINKY Poppers<\/strong> r\u00e9unit le <strong data-start=\"187\" data-end=\"210\">XTREME Poppers 30ml<\/strong> extr\u00eamement puissant et le l\u00e9gendaire <strong data-start=\"230\" data-end=\"270\">booster de poppers Cap XTRM Kinky SNFFR<\/strong>. Parfait pour ceux qui veulent encore plus d&rsquo;intensit\u00e9 ! <\/p>\n<p data-start=\"330\" data-end=\"872\">Le <strong data-start=\"334\" data-end=\"357\">XTREME Poppers 30ml<\/strong> intensifie encore plus vos sensations et perceptions et est de longue dur\u00e9e. Il contient du nitrite d\u2019alkyle, appel\u00e9 nitrite d\u2019hexyle, qui est consid\u00e9r\u00e9 comme le nitrite le moins nocif pour la sant\u00e9. Avec une intensit\u00e9 de 6, XTREME Poppers fait partie des vari\u00e9t\u00e9s les plus puissantes du march\u00e9 et est disponible dans un flacon de 30 ml avec un bouchon facile \u00e0 ouvrir. Si vous rencontrez un gars extr\u00eamement excit\u00e9 pour une aventure ou si vous pr\u00e9voyez une session extr\u00eamement excit\u00e9e, le XTREME Poppers en fait certainement partie. <\/p>\n<p data-start=\"874\" data-end=\"1604\">Le <strong data-start=\"878\" data-end=\"947\">Poppers Booster Cap XTRM Kinky SNFFR Leakproof Double Small Black<\/strong> porte l&rsquo;inhalation de poppers \u00e0 un nouveau niveau ultime. Gr\u00e2ce \u00e0 son canal de kick 5 fois plus grand et \u00e0 son volume d&rsquo;air plus important, le XTRM Kinky SNFFR offre une puissance suppl\u00e9mentaire ultime. Lorsque les choses s&#8217;emballent imm\u00e9diatement apr\u00e8s avoir sniff\u00e9 des poppers, il arrive que le flacon de poppers se renverse et que l&rsquo;on se retrouve avec une fuite. Ce n&rsquo;est que lorsque vous appuyez sur le bouton-poussoir robuste situ\u00e9 sur le c\u00f4t\u00e9 de l&#8217;embout que le Poppers s&rsquo;\u00e9coule du flacon par le canal de kick. Lorsque vous rel\u00e2chez le bouton-poussoir, le sniffer est \u00e0 nouveau \u00e9tanche \u00e0 100% et le Poppers reste dans le flacon, m\u00eame si celui-ci se renverse parce qu&rsquo;il fait chaud.    <\/p>\n<p data-start=\"874\" data-end=\"1604\">Avec le <strong data-start=\"131\" data-end=\"161\">combo XTREME KINKY Poppers <\/strong>, vous obtenez une intensit\u00e9 et un confort maximum.<\/p>\n","protected":false},"featured_media":130700,"comment_status":"open","ping_status":"closed","template":"","meta":{"_acf_changed":false,"iawp_total_views":65,"_glsr_average":0,"_glsr_ranking":0,"_glsr_reviews":0},"product_brand":[],"product_cat":[1046,76,77,149,1303],"product_tag":[],"class_list":{"0":"post-130705","1":"product","2":"type-product","3":"status-publish","4":"has-post-thumbnail","6":"product_cat-poppers","7":"product_cat-paquets-economiques","8":"product_cat-grands-flacons","9":"product_cat-accessoires-poppers","10":"product_cat-booster-caps","11":"pa_booster-cap-gewindegroesse-pour-taille-de-filetage-small","12":"pa_flaschenform-rond-grand","13":"pa_gewindegroesse-small","14":"pa_inhalt-combo","15":"pa_inhalt-30ml","16":"pa_inhaltsstoffe-nitrite-dhexyle","17":"pa_marke-royal-hexagon-fr","18":"pa_staerke-91","20":"first","21":"instock","22":"sale","23":"taxable","24":"shipping-taxable","25":"purchasable","26":"product-type-simple"},"acf":[],"_links":{"self":[{"href":"https:\/\/poppers-online.ch\/fr\/wp-json\/wp\/v2\/product\/130705","targetHints":{"allow":["GET"]}}],"collection":[{"href":"https:\/\/poppers-online.ch\/fr\/wp-json\/wp\/v2\/product"}],"about":[{"href":"https:\/\/poppers-online.ch\/fr\/wp-json\/wp\/v2\/types\/product"}],"replies":[{"embeddable":true,"href":"https:\/\/poppers-online.ch\/fr\/wp-json\/wp\/v2\/comments?post=130705"}],"wp:featuredmedia":[{"embeddable":true,"href":"https:\/\/poppers-online.ch\/fr\/wp-json\/wp\/v2\/media\/130700"}],"wp:attachment":[{"href":"https:\/\/poppers-online.ch\/fr\/wp-json\/wp\/v2\/media?parent=130705"}],"wp:term":[{"taxonomy":"product_brand","embeddable":true,"href":"https:\/\/poppers-online.ch\/fr\/wp-json\/wp\/v2\/product_brand?post=130705"},{"taxonomy":"product_cat","embeddable":true,"href":"https:\/\/poppers-online.ch\/fr\/wp-json\/wp\/v2\/product_cat?post=130705"},{"taxonomy":"product_tag","embeddable":true,"href":"https:\/\/poppers-online.ch\/fr\/wp-json\/wp\/v2\/product_tag?post=130705"}],"curies":[{"name":"wp","href":"https:\/\/api.w.org\/{rel}","templated":true}]}}