{"id":130696,"date":"2025-09-18T11:05:50","date_gmt":"2025-09-18T09:05:50","guid":{"rendered":"https:\/\/poppers-online.ch\/produkt\/midnight-poppers-fun-combo\/"},"modified":"2026-03-26T16:19:20","modified_gmt":"2026-03-26T15:19:20","slug":"midnight-poppers-fun-combo","status":"publish","type":"product","link":"https:\/\/poppers-online.ch\/fr\/produit\/midnight-poppers-fun-combo\/","title":{"rendered":"Midnight Poppers Fun Combo"},"content":{"rendered":"","protected":false},"excerpt":{"rendered":"<p data-start=\"123\" data-end=\"309\">Le <strong data-start=\"127\" data-end=\"157\">Midnight Poppers Fun Combo<\/strong> vous apporte trois grands flacons de 30 ml de Poppers pour un week-end prolong\u00e9 et des nuits d&rsquo;aventures en Suisse. Id\u00e9al \u00e9galement pour des sessions \u00e0 trois (ou plus). <\/p>\n<p data-start=\"311\" data-end=\"756\"><strong data-start=\"311\" data-end=\"338\">Super Rush Poppers 30ml<\/strong> fait partie de la prestigieuse famille Rush et associe une qualit\u00e9 sup\u00e9rieure \u00e0 une exp\u00e9rience intense et exclusive. L&rsquo;\u00e9l\u00e9gante bouteille noire en aluminium prot\u00e8ge la formule fortement concentr\u00e9e et lui conf\u00e8re un design moderne et \u00e9l\u00e9gant. Super Rush est rempli de la formule Canadian Pentyl soigneusement dos\u00e9e, consid\u00e9r\u00e9e comme moins nocive pour la sant\u00e9, pour des moments durables et excitants.  <\/p>\n<p data-start=\"758\" data-end=\"1139\"><strong data-renderer-mark=\"true\">Black Fire Poppers Ultra Strong 30ml<\/strong> est une nouveaut\u00e9 mondiale qui contient la c\u00e9l\u00e8bre formule Canadian Pentyl, ce qui en fait l&rsquo;un des poppers les plus puissants actuellement disponibles. Le flacon pratique de 30 ml contient du feu pur, con\u00e7u pour tous ceux qui aiment le chaud, le dur et l&rsquo;intense. Gr\u00e2ce \u00e0 ses effets extr\u00eames, Black Fire a \u00e9t\u00e9 directement class\u00e9 parmi les meilleurs Poppers de 2025 et \u00e9tablit de nouvelles normes en mati\u00e8re d&rsquo;intensit\u00e9 et d&rsquo;endurance.  <\/p>\n<p data-start=\"1141\" data-end=\"1713\">Le <strong data-start=\"1145\" data-end=\"1187\">Poppers ALPHA MASTER ULTRA STRONG 30ml<\/strong> est destin\u00e9 \u00e0 tous les ma\u00eetres dominants qui, dans le cadre de la domination et du BDSM, recherchent un coup de fouet suppl\u00e9mentaire pour eux-m\u00eames et leurs esclaves. Il contient du nitrite d\u2019alkyle, appel\u00e9 nitrite d\u2019hexyle, qui est consid\u00e9r\u00e9 comme le nitrite le moins nocif pour la sant\u00e9. Le Poppers ALPHA MASTER ULTRA STRONG fait partie des vari\u00e9t\u00e9s les plus puissantes du march\u00e9 avec une intensit\u00e9 de 6. Il est disponible dans un flacon de 30ml avec un bouchon facile \u00e0 ouvrir. Vivez une session ma\u00eetre et esclave particuli\u00e8rement intense avec l&rsquo;ALPHA MASTER ULTRA STRONG Poppers 30ml. <\/p>\n","protected":false},"featured_media":130691,"comment_status":"open","ping_status":"closed","template":"","meta":{"_acf_changed":false,"iawp_total_views":232,"_glsr_average":0,"_glsr_ranking":0,"_glsr_reviews":0},"product_brand":[],"product_cat":[1046,76,77],"product_tag":[],"class_list":{"0":"post-130696","1":"product","2":"type-product","3":"status-publish","4":"has-post-thumbnail","6":"product_cat-poppers","7":"product_cat-paquets-economiques","8":"product_cat-grands-flacons","9":"pa_flaschenform-rond-grand","10":"pa_inhalt-combo","11":"pa_inhalt-30ml","12":"pa_inhaltsstoffe-nitrite-dhexyle","13":"pa_inhaltsstoffe-formule-canadienne-de-pentyle","14":"pa_marke-royal-hexagon-fr","15":"pa_marke-rush-poppers","16":"pa_staerke-90","18":"first","19":"instock","20":"sale","21":"taxable","22":"shipping-taxable","23":"purchasable","24":"product-type-simple"},"acf":[],"_links":{"self":[{"href":"https:\/\/poppers-online.ch\/fr\/wp-json\/wp\/v2\/product\/130696","targetHints":{"allow":["GET"]}}],"collection":[{"href":"https:\/\/poppers-online.ch\/fr\/wp-json\/wp\/v2\/product"}],"about":[{"href":"https:\/\/poppers-online.ch\/fr\/wp-json\/wp\/v2\/types\/product"}],"replies":[{"embeddable":true,"href":"https:\/\/poppers-online.ch\/fr\/wp-json\/wp\/v2\/comments?post=130696"}],"wp:featuredmedia":[{"embeddable":true,"href":"https:\/\/poppers-online.ch\/fr\/wp-json\/wp\/v2\/media\/130691"}],"wp:attachment":[{"href":"https:\/\/poppers-online.ch\/fr\/wp-json\/wp\/v2\/media?parent=130696"}],"wp:term":[{"taxonomy":"product_brand","embeddable":true,"href":"https:\/\/poppers-online.ch\/fr\/wp-json\/wp\/v2\/product_brand?post=130696"},{"taxonomy":"product_cat","embeddable":true,"href":"https:\/\/poppers-online.ch\/fr\/wp-json\/wp\/v2\/product_cat?post=130696"},{"taxonomy":"product_tag","embeddable":true,"href":"https:\/\/poppers-online.ch\/fr\/wp-json\/wp\/v2\/product_tag?post=130696"}],"curies":[{"name":"wp","href":"https:\/\/api.w.org\/{rel}","templated":true}]}}