{"id":130682,"date":"2025-09-18T10:08:06","date_gmt":"2025-09-18T08:08:06","guid":{"rendered":"https:\/\/poppers-online.ch\/produkt\/double-rush-poppers-combo\/"},"modified":"2026-01-01T11:00:21","modified_gmt":"2026-01-01T10:00:21","slug":"double-rush-poppers-combo","status":"publish","type":"product","link":"https:\/\/poppers-online.ch\/fr\/produit\/double-rush-poppers-combo\/","title":{"rendered":"Double Rush Poppers Combo"},"content":{"rendered":"","protected":false},"excerpt":{"rendered":"<p data-renderer-start-pos=\"126\">Le <strong data-start=\"105\" data-end=\"134\">Double Rush Poppers Combo<\/strong> r\u00e9unit deux des meilleurs Rush Poppers dans des flacons en aluminium pratiques pour des sessions vraiment sauvages.<\/p>\n<p data-renderer-start-pos=\"259\"><strong data-renderer-mark=\"true\">Super Rush Poppers 30ml<\/strong> fait partie de la prestigieuse famille Rush et associe une qualit\u00e9 sup\u00e9rieure \u00e0 une exp\u00e9rience intense et exclusive. L&rsquo;\u00e9l\u00e9gante bouteille noire en aluminium prot\u00e8ge la formule fortement concentr\u00e9e et lui conf\u00e8re un design moderne et \u00e9l\u00e9gant. Super Rush est rempli de la formule Canadian Pentyl soigneusement dos\u00e9e, consid\u00e9r\u00e9e comme moins nocive pour la sant\u00e9, pour des moments durables et excitants.  <\/p>\n<p data-renderer-start-pos=\"700\"><strong data-renderer-mark=\"true\">Rush Black Label Pentyl Poppers 30ml<\/strong> combine la plus haute qualit\u00e9 avec une touche de luxe. Dans une \u00e9l\u00e9gante bouteille en aluminium noir, la c\u00e9l\u00e8bre formule Canadian Pentyl se pr\u00e9sente sous sa forme la plus exclusive. Avec une intensit\u00e9 de 5, le Rush Black Pentyl est l&rsquo;un des poppers les plus puissants qui soient et offre une exp\u00e9rience exceptionnellement intense et durable.  <\/p>\n<p data-renderer-start-pos=\"1077\">Pour le refermer, il suffit d&rsquo;exercer une l\u00e9g\u00e8re pression sur le bouchon avant de le tourner d\u00e9licatement. De plus, gr\u00e2ce \u00e0 son pas de vis XL, le flacon est compatible avec toutes les capsules XL Booster &#8211; id\u00e9al pour affiner encore plus les effets selon vos envies. <\/p>\n<p data-renderer-start-pos=\"1077\">Le combo Double Rush Poppers offre une qualit\u00e9 sup\u00e9rieure dans des bouteilles en aluminium incassables.<\/p>\n","protected":false},"featured_media":130679,"comment_status":"open","ping_status":"closed","template":"","meta":{"_acf_changed":false,"iawp_total_views":43,"_glsr_average":0,"_glsr_ranking":0,"_glsr_reviews":0},"product_brand":[],"product_cat":[1046,76,77],"product_tag":[],"class_list":{"0":"post-130682","1":"product","2":"type-product","3":"status-publish","4":"has-post-thumbnail","6":"product_cat-poppers","7":"product_cat-paquets-economiques","8":"product_cat-grands-flacons","9":"pa_flaschenform-rond-grand","10":"pa_gewindegroesse-xl-fr","11":"pa_inhalt-combo","12":"pa_inhalt-30ml","13":"pa_inhaltsstoffe-formule-canadienne-de-pentyle","14":"pa_marke-royal-hexagon-fr","15":"pa_marke-rush-poppers","16":"pa_staerke-90","18":"first","19":"instock","20":"sale","21":"taxable","22":"shipping-taxable","23":"purchasable","24":"product-type-simple"},"acf":[],"_links":{"self":[{"href":"https:\/\/poppers-online.ch\/fr\/wp-json\/wp\/v2\/product\/130682","targetHints":{"allow":["GET"]}}],"collection":[{"href":"https:\/\/poppers-online.ch\/fr\/wp-json\/wp\/v2\/product"}],"about":[{"href":"https:\/\/poppers-online.ch\/fr\/wp-json\/wp\/v2\/types\/product"}],"replies":[{"embeddable":true,"href":"https:\/\/poppers-online.ch\/fr\/wp-json\/wp\/v2\/comments?post=130682"}],"wp:featuredmedia":[{"embeddable":true,"href":"https:\/\/poppers-online.ch\/fr\/wp-json\/wp\/v2\/media\/130679"}],"wp:attachment":[{"href":"https:\/\/poppers-online.ch\/fr\/wp-json\/wp\/v2\/media?parent=130682"}],"wp:term":[{"taxonomy":"product_brand","embeddable":true,"href":"https:\/\/poppers-online.ch\/fr\/wp-json\/wp\/v2\/product_brand?post=130682"},{"taxonomy":"product_cat","embeddable":true,"href":"https:\/\/poppers-online.ch\/fr\/wp-json\/wp\/v2\/product_cat?post=130682"},{"taxonomy":"product_tag","embeddable":true,"href":"https:\/\/poppers-online.ch\/fr\/wp-json\/wp\/v2\/product_tag?post=130682"}],"curies":[{"name":"wp","href":"https:\/\/api.w.org\/{rel}","templated":true}]}}