{"id":130136,"date":"2025-09-11T16:15:51","date_gmt":"2025-09-11T14:15:51","guid":{"rendered":"https:\/\/poppers-online.ch\/produkt\/kinky-monster-24ml-combo\/"},"modified":"2026-03-26T16:19:26","modified_gmt":"2026-03-26T15:19:26","slug":"kinky-monster-24ml-combo","status":"publish","type":"product","link":"https:\/\/poppers-online.ch\/fr\/produit\/kinky-monster-24ml-combo\/","title":{"rendered":"Kinky Monster 24ml Combo"},"content":{"rendered":"","protected":false},"excerpt":{"rendered":"<p data-start=\"203\" data-end=\"377\">Le <strong data-start=\"207\" data-end=\"235\">combo Kinky Monster 24ml<\/strong> vous fournit trois flacons de Poppers premium de la marque Kinky Monster pour des sessions vari\u00e9es pour les utilisateurs de Poppers les plus exigeants.<\/p>\n<p data-start=\"379\" data-end=\"1037\"><strong data-start=\"379\" data-end=\"415\">Kinky Monster Black Poppers 24ml<\/strong> s&rsquo;adresse \u00e0 tous les kinksters et offre des poppers encore plus forts et plus durables. Les flacons de Kinky Monster Poppers contiennent en outre du pentyl nitrite tr\u00e8s pur et tr\u00e8s concentr\u00e9. Les Kinky Monster Poppers sont disponibles en 8 vari\u00e9t\u00e9s diff\u00e9rentes. Le Kinky Monster Black Poppers est l&rsquo;un des poppers les plus puissants. Nous avons d\u00e9velopp\u00e9 ce Poppers sp\u00e9cialement pour tous les fans de Rubber et les kinky Rubber Boys.     Aimes-tu \u00eatre en latex de haut en bas ou m\u00eame \u00eatre \u00e0 la merci de ton ma\u00eetre en tant que Rubber Gimp ? Alors, le Kinky Monster Black Poppers fera partie de votre prochaine session Rubber.<\/p>\n<p data-start=\"1039\" data-end=\"1635\"><strong data-start=\"1039\" data-end=\"1074\">Kinky Monster Fire Poppers 24ml<\/strong> s&rsquo;adresse \u00e0 tous les kinksters et offre des Poppers encore plus forts et plus durables. Les flacons de Kinky Monster Poppers contiennent en outre du pentyl nitrite tr\u00e8s pur et tr\u00e8s concentr\u00e9. Les Kinky Monster Poppers sont disponibles en 8 vari\u00e9t\u00e9s diff\u00e9rentes. Le Kinky Monster Fire est l&rsquo;un des Poppers les plus puissants. Nous avons con\u00e7u ce Poppers puissant pour tous les Fist Lovers et tous ceux qui veulent le devenir. Si vous cherchez un poppers qui vous aide \u00e0 avoir une fist session encore plus d\u00e9tendue et encore plus excitante, nous vous recommandons Kinky Monster Fire Poppers.     <\/p>\n<p data-start=\"1637\" data-end=\"2343\"><strong data-start=\"1637\" data-end=\"1680\">Kinky Monster Ultra Strong Poppers 24ml<\/strong> s&rsquo;adresse \u00e0 tous les kinksters et offre des Poppers encore plus forts et plus durables. Les flacons de Kinky Monster Poppers contiennent en outre du pentyl nitrite tr\u00e8s pur et tr\u00e8s concentr\u00e9. Les Kinky Monster Poppers sont disponibles en 8 vari\u00e9t\u00e9s diff\u00e9rentes. Kinky Monster Ultra Strong est le poppers le plus fort de la gamme Kinky Monster Poppers. Il a, selon nous, une intensit\u00e9 de 6+ sur l&rsquo;\u00e9chelle de force. Avec le Kinky Monster Ultra Strong, vous avez un poppers super puissant \u00e0 port\u00e9e de main.      Ultra Strong pour tes sessions Fist, Rubber, Sneakers, Sox, Puppy ou SM. Vous aussi, vous allez adorer ce Poppers Kinky Monster ultra puissant. Devenez vous-m\u00eame un Ultra Kinky Monster. <\/p>\n","protected":false},"featured_media":130128,"comment_status":"open","ping_status":"closed","template":"","meta":{"_acf_changed":false,"iawp_total_views":55,"_glsr_average":0,"_glsr_ranking":0,"_glsr_reviews":0},"product_brand":[],"product_cat":[1046,76,77],"product_tag":[],"class_list":{"0":"post-130136","1":"product","2":"type-product","3":"status-publish","4":"has-post-thumbnail","6":"product_cat-poppers","7":"product_cat-paquets-economiques","8":"product_cat-grands-flacons","9":"pa_flaschenform-ovale","10":"pa_gewindegroesse-small","11":"pa_inhalt-combo","12":"pa_inhalt-24ml","13":"pa_inhaltsstoffe-nitrite-de-pentyle","14":"pa_marke-kinky-monster-poppers","15":"pa_staerke-91","17":"first","18":"instock","19":"sale","20":"taxable","21":"shipping-taxable","22":"purchasable","23":"product-type-simple"},"acf":[],"_links":{"self":[{"href":"https:\/\/poppers-online.ch\/fr\/wp-json\/wp\/v2\/product\/130136","targetHints":{"allow":["GET"]}}],"collection":[{"href":"https:\/\/poppers-online.ch\/fr\/wp-json\/wp\/v2\/product"}],"about":[{"href":"https:\/\/poppers-online.ch\/fr\/wp-json\/wp\/v2\/types\/product"}],"replies":[{"embeddable":true,"href":"https:\/\/poppers-online.ch\/fr\/wp-json\/wp\/v2\/comments?post=130136"}],"wp:featuredmedia":[{"embeddable":true,"href":"https:\/\/poppers-online.ch\/fr\/wp-json\/wp\/v2\/media\/130128"}],"wp:attachment":[{"href":"https:\/\/poppers-online.ch\/fr\/wp-json\/wp\/v2\/media?parent=130136"}],"wp:term":[{"taxonomy":"product_brand","embeddable":true,"href":"https:\/\/poppers-online.ch\/fr\/wp-json\/wp\/v2\/product_brand?post=130136"},{"taxonomy":"product_cat","embeddable":true,"href":"https:\/\/poppers-online.ch\/fr\/wp-json\/wp\/v2\/product_cat?post=130136"},{"taxonomy":"product_tag","embeddable":true,"href":"https:\/\/poppers-online.ch\/fr\/wp-json\/wp\/v2\/product_tag?post=130136"}],"curies":[{"name":"wp","href":"https:\/\/api.w.org\/{rel}","templated":true}]}}