{"id":130124,"date":"2025-09-11T15:29:06","date_gmt":"2025-09-11T13:29:06","guid":{"rendered":"https:\/\/poppers-online.ch\/produkt\/sniff-it-black-fire-poppers-pack-anti-fuite\/"},"modified":"2026-03-23T08:29:49","modified_gmt":"2026-03-23T07:29:49","slug":"sniff-it-black-fire-poppers-pack-anti-fuite","status":"publish","type":"product","link":"https:\/\/poppers-online.ch\/fr\/produit\/sniff-it-black-fire-poppers-pack-anti-fuite\/","title":{"rendered":"Sniff it Black Fire Poppers Pack anti-fuite"},"content":{"rendered":"","protected":false},"excerpt":{"rendered":"<p data-renderer-start-pos=\"253\">Le <strong data-renderer-mark=\"true\">pack anti-fuite Sniff it Black Fire Poppers<\/strong> vous fournit deux produits parfaitement assortis pour les aventures les plus fortes et les plus sauvages, car rien ne peut se renverser avec le <strong data-renderer-mark=\"true\">booster Cap XTRM LEAK PROOF Double XL Black<\/strong>.<\/p>\n<p data-renderer-start-pos=\"477\"><strong data-renderer-mark=\"true\">Black Fire Poppers Ultra Strong 30ml<\/strong> est une nouveaut\u00e9 mondiale qui contient la c\u00e9l\u00e8bre formule Canadian Pentyl, ce qui en fait l&rsquo;un des poppers les plus puissants actuellement disponibles. Le flacon pratique de 30 ml contient du feu pur, con\u00e7u pour tous ceux qui aiment le chaud, le dur et l&rsquo;intense. Gr\u00e2ce \u00e0 ses effets extr\u00eames, Black Fire a \u00e9t\u00e9 directement class\u00e9 parmi les meilleurs Poppers de 2025 et \u00e9tablit de nouvelles normes en mati\u00e8re d&rsquo;intensit\u00e9 et d&rsquo;endurance.  <\/p>\n<p data-renderer-start-pos=\"931\">Lorsque l&rsquo;on se met \u00e0 sniffer des Poppers, il arrive parfois que le flacon soit renvers\u00e9 et qu&rsquo;il fuit. L&rsquo;\u00e9quipe XTRM a mis au point un ing\u00e9nieux <strong data-renderer-mark=\"true\">bouchon<\/strong> anti-fuite et facile \u00e0 utiliser, le <strong data-renderer-mark=\"true\">Poppers Booster Cap XTRM Double XL Black LEAK PROOF<\/strong> avec bouton-pression. Vous vissez le sniffer anti-fuite sur le flacon comme d&rsquo;habitude. Ce n&rsquo;est que lorsque vous appuyez sur le bouton-poussoir situ\u00e9 sur le c\u00f4t\u00e9 de l&#8217;embout que le Poppers s&rsquo;\u00e9coule du flacon par le canal de kick. Lorsque vous rel\u00e2chez le bouton-poussoir, le sniffer est \u00e0 nouveau \u00e9tanche \u00e0 100% et le Poppers reste dans le flacon, m\u00eame si celui-ci se renverse parce qu&rsquo;il fait chaud.    <\/p>\n","protected":false},"featured_media":130113,"comment_status":"open","ping_status":"closed","template":"","meta":{"_acf_changed":false,"iawp_total_views":70,"_glsr_average":0,"_glsr_ranking":0,"_glsr_reviews":0},"product_brand":[],"product_cat":[1046,76,77,149,1303],"product_tag":[],"class_list":{"0":"post-130124","1":"product","2":"type-product","3":"status-publish","4":"has-post-thumbnail","6":"product_cat-poppers","7":"product_cat-paquets-economiques","8":"product_cat-grands-flacons","9":"product_cat-accessoires-poppers","10":"product_cat-booster-caps","11":"pa_flaschenform-rond-grand","12":"pa_gewindegroesse-xl-fr","13":"pa_inhalt-combo","14":"pa_inhalt-30ml","15":"pa_inhaltsstoffe-formule-canadienne-de-pentyle","16":"pa_marke-royal-hexagon-fr","17":"pa_staerke-91","19":"first","20":"instock","21":"sale","22":"taxable","23":"shipping-taxable","24":"purchasable","25":"product-type-simple"},"acf":[],"_links":{"self":[{"href":"https:\/\/poppers-online.ch\/fr\/wp-json\/wp\/v2\/product\/130124","targetHints":{"allow":["GET"]}}],"collection":[{"href":"https:\/\/poppers-online.ch\/fr\/wp-json\/wp\/v2\/product"}],"about":[{"href":"https:\/\/poppers-online.ch\/fr\/wp-json\/wp\/v2\/types\/product"}],"replies":[{"embeddable":true,"href":"https:\/\/poppers-online.ch\/fr\/wp-json\/wp\/v2\/comments?post=130124"}],"wp:featuredmedia":[{"embeddable":true,"href":"https:\/\/poppers-online.ch\/fr\/wp-json\/wp\/v2\/media\/130113"}],"wp:attachment":[{"href":"https:\/\/poppers-online.ch\/fr\/wp-json\/wp\/v2\/media?parent=130124"}],"wp:term":[{"taxonomy":"product_brand","embeddable":true,"href":"https:\/\/poppers-online.ch\/fr\/wp-json\/wp\/v2\/product_brand?post=130124"},{"taxonomy":"product_cat","embeddable":true,"href":"https:\/\/poppers-online.ch\/fr\/wp-json\/wp\/v2\/product_cat?post=130124"},{"taxonomy":"product_tag","embeddable":true,"href":"https:\/\/poppers-online.ch\/fr\/wp-json\/wp\/v2\/product_tag?post=130124"}],"curies":[{"name":"wp","href":"https:\/\/api.w.org\/{rel}","templated":true}]}}