{"id":130108,"date":"2025-09-11T14:28:55","date_gmt":"2025-09-11T12:28:55","guid":{"rendered":"https:\/\/poppers-online.ch\/produkt\/black-fire-poppers-fuck-and-fist-delay-combo\/"},"modified":"2025-09-16T14:43:46","modified_gmt":"2025-09-16T12:43:46","slug":"black-fire-poppers-fuck-and-fist-delay-combo","status":"publish","type":"product","link":"https:\/\/poppers-online.ch\/fr\/produit\/black-fire-poppers-fuck-and-fist-delay-combo\/","title":{"rendered":"Black Fire Poppers Fuck and Fist Delay Combo"},"content":{"rendered":"","protected":false},"excerpt":{"rendered":"<p data-renderer-start-pos=\"47\">Le <strong data-renderer-mark=\"true\">combo Black Fire Poppers Fuck and Fist Delay<\/strong> combine deux produits puissants pour des sessions intenses, endurantes et inoubliables.<\/p>\n<p data-renderer-start-pos=\"182\">Le <strong data-renderer-mark=\"true\">Black Fire Poppers Ultra Strong 30 ml<\/strong> est une nouveaut\u00e9 mondiale qui contient la c\u00e9l\u00e8bre formule Canadian Pentyl et fait partie des poppers les plus puissants actuellement disponibles. Le flacon en verre pratique contient du feu pur, con\u00e7u pour ceux qui aiment le chaud, le dur et l&rsquo;intense. Gr\u00e2ce \u00e0 ses effets extr\u00eames, Black Fire est directement entr\u00e9 dans la liste des meilleurs poppers de 2025 et \u00e9tablit de nouvelles normes en mati\u00e8re d&rsquo;intensit\u00e9 et d&rsquo;endurance. Le flacon est rempli de nitrite de pentyle extra fort, ce qui garantit non seulement une intensit\u00e9 maximale, mais aussi une dur\u00e9e de vie particuli\u00e8rement longue. Gr\u00e2ce au pas de vis XL, vous pouvez en outre combiner le Poppers avec des capsules de boosters assorties si vous souhaitez augmenter encore le kick.    <\/p>\n<p data-renderer-start-pos=\"910\">Le kit est compl\u00e9t\u00e9 par le <strong data-renderer-mark=\"true\">spray Fuck &amp; Fist Delay 50 ml<\/strong>, votre joker si vous voulez que cela dure plus longtemps. Il suffit de vaporiser une \u00e0 trois fois directement sur le gland, d&rsquo;attendre quelques instants et vous \u00eates pr\u00eat. Le spray agit sans engourdissement ni effets secondaires g\u00eanants et vous permet de rester dur et de retarder l&rsquo;apog\u00e9e. Id\u00e9al pour les longues sessions en solo, les longs tours \u00e0 deux ou les aventures intenses en groupe.   <\/p>\n<p data-renderer-start-pos=\"1353\">Avec cette combinaison de puissance maximale et de stabilit\u00e9 prolong\u00e9e, vous \u00eates parfaitement \u00e9quip\u00e9 pour profiter de sessions encore plus intenses et plus longues.<\/p>\n","protected":false},"featured_media":130102,"comment_status":"open","ping_status":"closed","template":"","meta":{"_acf_changed":false,"iawp_total_views":101,"_glsr_average":0,"_glsr_ranking":0,"_glsr_reviews":0},"product_brand":[],"product_cat":[2070,166,1046,76,77],"product_tag":[],"class_list":{"0":"post-130108","1":"product","2":"type-product","3":"status-publish","4":"has-post-thumbnail","6":"product_cat-helpers","7":"product_cat-droguerie","8":"product_cat-poppers","9":"product_cat-paquets-economiques","10":"product_cat-grands-flacons","11":"pa_flaschenform-rond-grand","12":"pa_gewindegroesse-xl-fr","13":"pa_inhalt-combo","14":"pa_inhalt-30ml","15":"pa_inhaltsstoffe-formule-canadienne-de-pentyle","16":"pa_marke-royal-hexagon-fr","17":"pa_staerke-91","19":"first","20":"instock","21":"sale","22":"taxable","23":"shipping-taxable","24":"purchasable","25":"product-type-simple"},"acf":[],"_links":{"self":[{"href":"https:\/\/poppers-online.ch\/fr\/wp-json\/wp\/v2\/product\/130108","targetHints":{"allow":["GET"]}}],"collection":[{"href":"https:\/\/poppers-online.ch\/fr\/wp-json\/wp\/v2\/product"}],"about":[{"href":"https:\/\/poppers-online.ch\/fr\/wp-json\/wp\/v2\/types\/product"}],"replies":[{"embeddable":true,"href":"https:\/\/poppers-online.ch\/fr\/wp-json\/wp\/v2\/comments?post=130108"}],"wp:featuredmedia":[{"embeddable":true,"href":"https:\/\/poppers-online.ch\/fr\/wp-json\/wp\/v2\/media\/130102"}],"wp:attachment":[{"href":"https:\/\/poppers-online.ch\/fr\/wp-json\/wp\/v2\/media?parent=130108"}],"wp:term":[{"taxonomy":"product_brand","embeddable":true,"href":"https:\/\/poppers-online.ch\/fr\/wp-json\/wp\/v2\/product_brand?post=130108"},{"taxonomy":"product_cat","embeddable":true,"href":"https:\/\/poppers-online.ch\/fr\/wp-json\/wp\/v2\/product_cat?post=130108"},{"taxonomy":"product_tag","embeddable":true,"href":"https:\/\/poppers-online.ch\/fr\/wp-json\/wp\/v2\/product_tag?post=130108"}],"curies":[{"name":"wp","href":"https:\/\/api.w.org\/{rel}","templated":true}]}}