{"id":130090,"date":"2025-09-11T13:32:17","date_gmt":"2025-09-11T11:32:17","guid":{"rendered":"https:\/\/poppers-online.ch\/produkt\/super-rush-poppers-fuck-and-fist-ff-powder-combo\/"},"modified":"2025-09-16T14:41:57","modified_gmt":"2025-09-16T12:41:57","slug":"super-rush-poppers-fuck-and-fist-ff-powder-combo","status":"publish","type":"product","link":"https:\/\/poppers-online.ch\/fr\/produit\/super-rush-poppers-fuck-and-fist-ff-powder-combo\/","title":{"rendered":"Super Rush Poppers Fuck and Fist FF Powder Combo"},"content":{"rendered":"","protected":false},"excerpt":{"rendered":"<p data-renderer-start-pos=\"51\">Le <strong data-renderer-mark=\"true\">Super Rush Poppers Fuck and Fist FF Powder Combo<\/strong> combine deux produits qui se compl\u00e8tent parfaitement pour vous offrir tout ce dont vous avez besoin pour des sessions extr\u00eames et des aventures intenses.<\/p>\n<p data-renderer-start-pos=\"252\">La <strong data-renderer-mark=\"true\">poudre Fuck &amp; Fist FF 100 g<\/strong> est la mise \u00e0 niveau pour tous ceux qui ne font pas les choses \u00e0 moiti\u00e9 en mati\u00e8re de fisting. Qu&rsquo;il s&rsquo;agisse d&rsquo;un \u00e9tirement extr\u00eame, de jouets XXL ou d&rsquo;une action hardcore, cette poudre vous fera passer au niveau sup\u00e9rieur. Elle est non grasse, inodore, incolore et sans go\u00fbt, tout en \u00e9tant un v\u00e9ritable monstre de performance. Elle glisse en douceur, est agr\u00e9able au toucher et est particuli\u00e8rement douce pour la peau. La pr\u00e9paration est simple : m\u00e9langez la poudre avec de l&rsquo;eau, laissez reposer quelques instants et vous obtenez le gel lubrifiant parfait pour des moments exigeants.    <\/p>\n<p data-renderer-start-pos=\"789\">Le kit est compl\u00e9t\u00e9 par le <strong data-renderer-mark=\"true\">Super Rush Poppers 30 ml<\/strong>. Faisant partie de la c\u00e9l\u00e8bre famille Rush, il offre une qualit\u00e9 sup\u00e9rieure et une formule tr\u00e8s concentr\u00e9e. Conditionn\u00e9 dans une \u00e9l\u00e9gante bouteille en aluminium noir, il offre non seulement une protection, mais aussi un design moderne. Gr\u00e2ce \u00e0 sa formule au pentyl canadien soigneusement dos\u00e9e et r\u00e9put\u00e9e moins nocive pour la sant\u00e9, Super Rush vous garantit des sensations durables et excitantes. Son intensit\u00e9 de 5 en fait l&rsquo;un des poppers les plus puissants du march\u00e9. Le bouchon facile \u00e0 ouvrir et le pas de vis XL rendent son utilisation confortable et permettent en outre de le combiner avec des capsules booster assorties.     <\/p>\n","protected":false},"featured_media":130082,"comment_status":"open","ping_status":"closed","template":"","meta":{"_acf_changed":false,"iawp_total_views":34,"_glsr_average":0,"_glsr_ranking":0,"_glsr_reviews":0},"product_brand":[],"product_cat":[2067,166,1046,76,77],"product_tag":[],"class_list":{"0":"post-130090","1":"product","2":"type-product","3":"status-publish","4":"has-post-thumbnail","6":"product_cat-lubrifiant","7":"product_cat-droguerie","8":"product_cat-poppers","9":"product_cat-paquets-economiques","10":"product_cat-grands-flacons","11":"pa_flaschenform-rond-grand","12":"pa_gewindegroesse-xl-fr","13":"pa_inhalt-combo","14":"pa_inhalt-30ml","15":"pa_inhaltsstoffe-formule-canadienne-de-pentyle","16":"pa_marke-royal-hexagon-fr","17":"pa_marke-rush-poppers","18":"pa_staerke-90","20":"first","21":"instock","22":"sale","23":"taxable","24":"shipping-taxable","25":"purchasable","26":"product-type-simple"},"acf":[],"_links":{"self":[{"href":"https:\/\/poppers-online.ch\/fr\/wp-json\/wp\/v2\/product\/130090","targetHints":{"allow":["GET"]}}],"collection":[{"href":"https:\/\/poppers-online.ch\/fr\/wp-json\/wp\/v2\/product"}],"about":[{"href":"https:\/\/poppers-online.ch\/fr\/wp-json\/wp\/v2\/types\/product"}],"replies":[{"embeddable":true,"href":"https:\/\/poppers-online.ch\/fr\/wp-json\/wp\/v2\/comments?post=130090"}],"wp:featuredmedia":[{"embeddable":true,"href":"https:\/\/poppers-online.ch\/fr\/wp-json\/wp\/v2\/media\/130082"}],"wp:attachment":[{"href":"https:\/\/poppers-online.ch\/fr\/wp-json\/wp\/v2\/media?parent=130090"}],"wp:term":[{"taxonomy":"product_brand","embeddable":true,"href":"https:\/\/poppers-online.ch\/fr\/wp-json\/wp\/v2\/product_brand?post=130090"},{"taxonomy":"product_cat","embeddable":true,"href":"https:\/\/poppers-online.ch\/fr\/wp-json\/wp\/v2\/product_cat?post=130090"},{"taxonomy":"product_tag","embeddable":true,"href":"https:\/\/poppers-online.ch\/fr\/wp-json\/wp\/v2\/product_tag?post=130090"}],"curies":[{"name":"wp","href":"https:\/\/api.w.org\/{rel}","templated":true}]}}