{"id":129441,"date":"2025-09-04T17:29:05","date_gmt":"2025-09-04T15:29:05","guid":{"rendered":"https:\/\/poppers-online.ch\/produkt\/combo-de-poppers-americains-suisses\/"},"modified":"2026-04-14T17:58:25","modified_gmt":"2026-04-14T15:58:25","slug":"combo-de-poppers-americains-suisses","status":"publish","type":"product","link":"https:\/\/poppers-online.ch\/fr\/produit\/combo-de-poppers-americains-suisses\/","title":{"rendered":"Combo de poppers am\u00e9ricains suisses"},"content":{"rendered":"","protected":false},"excerpt":{"rendered":"<p data-start=\"161\" data-end=\"651\">Le <strong data-start=\"165\" data-end=\"197\">Swiss American Poppers Combo<\/strong> r\u00e9unit deux produits haut de gamme dans un set pratique. Le <strong data-start=\"258\" data-end=\"294\">Swiss Premium Juice Poppers 24ml<\/strong> est nouvellement disponible sur le march\u00e9 suisse depuis 2025. Comme la variante plus petite de 10ml, il est bas\u00e9 sur le nitrite de pentyle original et est conditionn\u00e9 dans une bouteille en verre ovale tr\u00e8s pratique. La formule particuli\u00e8rement puissante et de qualit\u00e9 sup\u00e9rieure assure une intensit\u00e9 maximale et fait de ce Poppers un v\u00e9ritable point fort pour les utilisateurs exigeants.   <\/p>\n<p data-start=\"653\" data-end=\"1152\">Le kit est compl\u00e9t\u00e9 par le <strong data-start=\"684\" data-end=\"722\">HARD FCK Extra Strong 30ml Poppers<\/strong>, une nouveaut\u00e9 mondiale de Royal Hexagon. Il contient la fameuse formule de pentyle canadien et est conditionn\u00e9 dans une bouteille en aluminium \u00e9l\u00e9gante et indestructible. D&rsquo;une contenance de 30 ml de nitrite de pentyle extra fort, il offre un effet de longue dur\u00e9e. Gr\u00e2ce \u00e0 son filetage XL, il est \u00e9galement compatible avec les capsules XL Booster correspondantes et convient donc parfaitement \u00e0 tous ceux qui appr\u00e9cient les sessions intenses et difficiles.   <\/p>\n","protected":false},"featured_media":129438,"comment_status":"open","ping_status":"closed","template":"","meta":{"_acf_changed":false,"iawp_total_views":322,"_glsr_average":0,"_glsr_ranking":0,"_glsr_reviews":0},"product_brand":[],"product_cat":[1046,76,77],"product_tag":[],"class_list":{"0":"post-129441","1":"product","2":"type-product","3":"status-publish","4":"has-post-thumbnail","6":"product_cat-poppers","7":"product_cat-paquets-economiques","8":"product_cat-grands-flacons","9":"pa_flaschenform-ovale","10":"pa_flaschenform-rond-grand","11":"pa_gewindegroesse-xl-fr","12":"pa_gewindegroesse-small","13":"pa_inhalt-combo","14":"pa_inhalt-30ml","15":"pa_inhalt-24ml","16":"pa_inhaltsstoffe-formule-canadienne-de-pentyle","17":"pa_marke-royal-hexagon-fr","18":"pa_staerke-91","20":"first","21":"instock","22":"sale","23":"taxable","24":"shipping-taxable","25":"purchasable","26":"product-type-simple"},"acf":[],"_links":{"self":[{"href":"https:\/\/poppers-online.ch\/fr\/wp-json\/wp\/v2\/product\/129441","targetHints":{"allow":["GET"]}}],"collection":[{"href":"https:\/\/poppers-online.ch\/fr\/wp-json\/wp\/v2\/product"}],"about":[{"href":"https:\/\/poppers-online.ch\/fr\/wp-json\/wp\/v2\/types\/product"}],"replies":[{"embeddable":true,"href":"https:\/\/poppers-online.ch\/fr\/wp-json\/wp\/v2\/comments?post=129441"}],"wp:featuredmedia":[{"embeddable":true,"href":"https:\/\/poppers-online.ch\/fr\/wp-json\/wp\/v2\/media\/129438"}],"wp:attachment":[{"href":"https:\/\/poppers-online.ch\/fr\/wp-json\/wp\/v2\/media?parent=129441"}],"wp:term":[{"taxonomy":"product_brand","embeddable":true,"href":"https:\/\/poppers-online.ch\/fr\/wp-json\/wp\/v2\/product_brand?post=129441"},{"taxonomy":"product_cat","embeddable":true,"href":"https:\/\/poppers-online.ch\/fr\/wp-json\/wp\/v2\/product_cat?post=129441"},{"taxonomy":"product_tag","embeddable":true,"href":"https:\/\/poppers-online.ch\/fr\/wp-json\/wp\/v2\/product_tag?post=129441"}],"curies":[{"name":"wp","href":"https:\/\/api.w.org\/{rel}","templated":true}]}}