{"id":129388,"date":"2025-09-04T12:17:41","date_gmt":"2025-09-04T10:17:41","guid":{"rendered":"https:\/\/poppers-online.ch\/produkt\/super-rush-poppers-30ml\/"},"modified":"2025-11-16T23:02:14","modified_gmt":"2025-11-16T22:02:14","slug":"super-rush-poppers-30ml","status":"publish","type":"product","link":"https:\/\/poppers-online.ch\/fr\/produit\/super-rush-poppers-30ml\/","title":{"rendered":"Super Rush Poppers 30ml"},"content":{"rendered":"","protected":false},"excerpt":{"rendered":"<p data-start=\"90\" data-end=\"535\"><strong data-start=\"90\" data-end=\"117\">Super Rush Poppers 30ml<\/strong> fait partie de la prestigieuse famille Rush et associe une qualit\u00e9 sup\u00e9rieure \u00e0 une exp\u00e9rience intense et exclusive. L&rsquo;\u00e9l\u00e9gante bouteille noire en aluminium prot\u00e8ge la formule fortement concentr\u00e9e et lui conf\u00e8re un design moderne et \u00e9l\u00e9gant. Super Rush est rempli de la formule Canadian Pentyl soigneusement dos\u00e9e, consid\u00e9r\u00e9e comme moins nocive pour la sant\u00e9, pour des moments durables et excitants.  <\/p>\n<p data-start=\"537\" data-end=\"862\">Avec une intensit\u00e9 de 5, Super Rush est l&rsquo;un des poppers les plus puissants du march\u00e9 et a \u00e9t\u00e9 con\u00e7u pour rendre vos aventures encore plus intenses et excitantes. Le bouchon facile \u00e0 ouvrir assure confort et s\u00e9curit\u00e9 lors de l&rsquo;utilisation, tandis que le pas de vis XL permet de l&rsquo;utiliser avec des boosters adapt\u00e9s. <\/p>\n","protected":false},"featured_media":129379,"comment_status":"open","ping_status":"closed","template":"","meta":{"_acf_changed":false,"iawp_total_views":37,"_glsr_average":0,"_glsr_ranking":0,"_glsr_reviews":0},"product_brand":[],"product_cat":[1046,77],"product_tag":[],"class_list":{"0":"post-129388","1":"product","2":"type-product","3":"status-publish","4":"has-post-thumbnail","6":"product_cat-poppers","7":"product_cat-grands-flacons","8":"pa_flaschenform-rond-grand","9":"pa_gewindegroesse-xl-fr","10":"pa_inhalt-30ml","11":"pa_inhaltsstoffe-formule-canadienne-de-pentyle","12":"pa_marke-royal-hexagon-fr","13":"pa_marke-rush-poppers","14":"pa_staerke-90","16":"first","17":"instock","18":"taxable","19":"shipping-taxable","20":"purchasable","21":"product-type-simple"},"acf":[],"_links":{"self":[{"href":"https:\/\/poppers-online.ch\/fr\/wp-json\/wp\/v2\/product\/129388","targetHints":{"allow":["GET"]}}],"collection":[{"href":"https:\/\/poppers-online.ch\/fr\/wp-json\/wp\/v2\/product"}],"about":[{"href":"https:\/\/poppers-online.ch\/fr\/wp-json\/wp\/v2\/types\/product"}],"replies":[{"embeddable":true,"href":"https:\/\/poppers-online.ch\/fr\/wp-json\/wp\/v2\/comments?post=129388"}],"wp:featuredmedia":[{"embeddable":true,"href":"https:\/\/poppers-online.ch\/fr\/wp-json\/wp\/v2\/media\/129379"}],"wp:attachment":[{"href":"https:\/\/poppers-online.ch\/fr\/wp-json\/wp\/v2\/media?parent=129388"}],"wp:term":[{"taxonomy":"product_brand","embeddable":true,"href":"https:\/\/poppers-online.ch\/fr\/wp-json\/wp\/v2\/product_brand?post=129388"},{"taxonomy":"product_cat","embeddable":true,"href":"https:\/\/poppers-online.ch\/fr\/wp-json\/wp\/v2\/product_cat?post=129388"},{"taxonomy":"product_tag","embeddable":true,"href":"https:\/\/poppers-online.ch\/fr\/wp-json\/wp\/v2\/product_tag?post=129388"}],"curies":[{"name":"wp","href":"https:\/\/api.w.org\/{rel}","templated":true}]}}