{"id":129372,"date":"2025-09-04T11:43:17","date_gmt":"2025-09-04T09:43:17","guid":{"rendered":"https:\/\/poppers-online.ch\/produkt\/rush-black-label-pentyl-poppers-30ml\/"},"modified":"2025-11-17T14:12:55","modified_gmt":"2025-11-17T13:12:55","slug":"rush-black-label-pentyl-poppers-30ml","status":"publish","type":"product","link":"https:\/\/poppers-online.ch\/fr\/produit\/rush-black-label-pentyl-poppers-30ml\/","title":{"rendered":"Rush Black Label Pentyl Poppers 30ml"},"content":{"rendered":"","protected":false},"excerpt":{"rendered":"<p data-start=\"3598\" data-end=\"3979\"><strong data-start=\"3598\" data-end=\"3638\">Rush Black Label Pentyl Poppers 30ml<\/strong> combine la plus haute qualit\u00e9 avec une touche de luxe. Dans une \u00e9l\u00e9gante bouteille en aluminium noir, la c\u00e9l\u00e8bre formule Canadian Pentyl se pr\u00e9sente sous sa forme la plus exclusive. Avec une intensit\u00e9 de 5, le Rush Black Pentyl est l&rsquo;un des poppers les plus puissants qui soient et offre une exp\u00e9rience exceptionnellement intense et durable.  <\/p>\n<p data-start=\"3981\" data-end=\"4279\">Le flacon en aluminium indestructible prot\u00e8ge non seulement parfaitement la formule hautement concentr\u00e9e, mais assure \u00e9galement un design \u00e9l\u00e9gant et moderne. D&rsquo;une contenance de 30 ml, ce Poppers haut de gamme est le choix parfait pour tous ceux qui recherchent l&rsquo;originalit\u00e9 et attachent de l&rsquo;importance \u00e0 la qualit\u00e9, \u00e0 l&rsquo;\u00e9l\u00e9gance et \u00e0 un effet maximal. <\/p>\n<p data-start=\"4281\" data-end=\"4524\">Pour le refermer, il suffit d&rsquo;exercer une l\u00e9g\u00e8re pression sur le bouchon avant de le tourner d\u00e9licatement. De plus, gr\u00e2ce \u00e0 son pas de vis XL, le flacon est compatible avec toutes les capsules XL Booster &#8211; id\u00e9al pour affiner encore plus les effets selon vos envies. <\/p>\n","protected":false},"featured_media":129364,"comment_status":"open","ping_status":"closed","template":"","meta":{"_acf_changed":false,"iawp_total_views":18,"_glsr_average":0,"_glsr_ranking":0,"_glsr_reviews":0},"product_brand":[],"product_cat":[1046,77],"product_tag":[],"class_list":{"0":"post-129372","1":"product","2":"type-product","3":"status-publish","4":"has-post-thumbnail","6":"product_cat-poppers","7":"product_cat-grands-flacons","8":"pa_flaschenform-rond-grand","9":"pa_gewindegroesse-xl-fr","10":"pa_inhalt-30ml","11":"pa_inhaltsstoffe-formule-canadienne-de-pentyle","12":"pa_marke-royal-hexagon-fr","13":"pa_marke-rush-poppers","14":"pa_staerke-90","16":"first","17":"instock","18":"taxable","19":"shipping-taxable","20":"purchasable","21":"product-type-simple"},"acf":[],"_links":{"self":[{"href":"https:\/\/poppers-online.ch\/fr\/wp-json\/wp\/v2\/product\/129372","targetHints":{"allow":["GET"]}}],"collection":[{"href":"https:\/\/poppers-online.ch\/fr\/wp-json\/wp\/v2\/product"}],"about":[{"href":"https:\/\/poppers-online.ch\/fr\/wp-json\/wp\/v2\/types\/product"}],"replies":[{"embeddable":true,"href":"https:\/\/poppers-online.ch\/fr\/wp-json\/wp\/v2\/comments?post=129372"}],"wp:featuredmedia":[{"embeddable":true,"href":"https:\/\/poppers-online.ch\/fr\/wp-json\/wp\/v2\/media\/129364"}],"wp:attachment":[{"href":"https:\/\/poppers-online.ch\/fr\/wp-json\/wp\/v2\/media?parent=129372"}],"wp:term":[{"taxonomy":"product_brand","embeddable":true,"href":"https:\/\/poppers-online.ch\/fr\/wp-json\/wp\/v2\/product_brand?post=129372"},{"taxonomy":"product_cat","embeddable":true,"href":"https:\/\/poppers-online.ch\/fr\/wp-json\/wp\/v2\/product_cat?post=129372"},{"taxonomy":"product_tag","embeddable":true,"href":"https:\/\/poppers-online.ch\/fr\/wp-json\/wp\/v2\/product_tag?post=129372"}],"curies":[{"name":"wp","href":"https:\/\/api.w.org\/{rel}","templated":true}]}}