{"id":128825,"date":"2025-08-28T18:09:19","date_gmt":"2025-08-28T16:09:19","guid":{"rendered":"https:\/\/poppers-online.ch\/produkt\/black-fire-poppers-ultra-strong-30ml\/"},"modified":"2026-04-11T23:54:07","modified_gmt":"2026-04-11T21:54:07","slug":"black-fire-poppers-ultra-strong-30ml","status":"publish","type":"product","link":"https:\/\/poppers-online.ch\/fr\/produit\/black-fire-poppers-ultra-strong-30ml\/","title":{"rendered":"Black Fire Poppers Ultra Strong 30ml"},"content":{"rendered":"","protected":false},"excerpt":{"rendered":"<p data-renderer-start-pos=\"39\"><strong data-renderer-mark=\"true\">Black Fire Poppers Ultra Strong 30ml<\/strong> est une nouveaut\u00e9 mondiale qui contient la c\u00e9l\u00e8bre formule Canadian Pentyl, ce qui en fait l&rsquo;un des poppers les plus puissants actuellement disponibles. Le flacon pratique de 30 ml contient du feu pur, con\u00e7u pour tous ceux qui aiment le chaud, le dur et l&rsquo;intense. Gr\u00e2ce \u00e0 ses effets extr\u00eames, Black Fire a \u00e9t\u00e9 directement class\u00e9 parmi les meilleurs Poppers de 2025 et \u00e9tablit de nouvelles normes en mati\u00e8re d&rsquo;intensit\u00e9 et d&rsquo;endurance.  <\/p>\n<p data-renderer-start-pos=\"493\">Pour que vous puissiez profiter de cette puissance plus longtemps, le flacon est rempli de nitrite de pentyle extra fort. Cela rend les Black Fire Poppers Ultra Strong 30ml non seulement ultra intenses, mais aussi particuli\u00e8rement durables \u00e0 l&rsquo;usage. Hot as Hell, Dark Boom et Hellfire &#8211; avec Black Fire, vous vivrez des moments que vous n&rsquo;oublierez pas de sit\u00f4t.  <\/p>\n<p data-renderer-start-pos=\"800\">Lorsque tu refermes les flacons, ne serre pas trop le bouchon. Pousse-le l\u00e9g\u00e8rement contre le flacon et visse-le doucement pour maintenir le joint. Gr\u00e2ce \u00e0 la taille XL du pas de vis, les flacons peuvent en outre \u00eatre combin\u00e9s avec les capsules XL Booster correspondantes pour augmenter encore leur efficacit\u00e9.  <\/p>\n","protected":false},"featured_media":128819,"comment_status":"open","ping_status":"closed","template":"","meta":{"_acf_changed":false,"iawp_total_views":247,"_glsr_average":0,"_glsr_ranking":0,"_glsr_reviews":0},"product_brand":[],"product_cat":[1046,77],"product_tag":[],"class_list":{"0":"post-128825","1":"product","2":"type-product","3":"status-publish","4":"has-post-thumbnail","6":"product_cat-poppers","7":"product_cat-grands-flacons","8":"pa_flaschenform-rond-grand","9":"pa_gewindegroesse-xl-fr","10":"pa_inhalt-30ml","11":"pa_inhaltsstoffe-formule-canadienne-de-pentyle","12":"pa_marke-royal-hexagon-fr","13":"pa_staerke-91","15":"first","16":"instock","17":"taxable","18":"shipping-taxable","19":"purchasable","20":"product-type-simple"},"acf":[],"_links":{"self":[{"href":"https:\/\/poppers-online.ch\/fr\/wp-json\/wp\/v2\/product\/128825","targetHints":{"allow":["GET"]}}],"collection":[{"href":"https:\/\/poppers-online.ch\/fr\/wp-json\/wp\/v2\/product"}],"about":[{"href":"https:\/\/poppers-online.ch\/fr\/wp-json\/wp\/v2\/types\/product"}],"replies":[{"embeddable":true,"href":"https:\/\/poppers-online.ch\/fr\/wp-json\/wp\/v2\/comments?post=128825"}],"wp:featuredmedia":[{"embeddable":true,"href":"https:\/\/poppers-online.ch\/fr\/wp-json\/wp\/v2\/media\/128819"}],"wp:attachment":[{"href":"https:\/\/poppers-online.ch\/fr\/wp-json\/wp\/v2\/media?parent=128825"}],"wp:term":[{"taxonomy":"product_brand","embeddable":true,"href":"https:\/\/poppers-online.ch\/fr\/wp-json\/wp\/v2\/product_brand?post=128825"},{"taxonomy":"product_cat","embeddable":true,"href":"https:\/\/poppers-online.ch\/fr\/wp-json\/wp\/v2\/product_cat?post=128825"},{"taxonomy":"product_tag","embeddable":true,"href":"https:\/\/poppers-online.ch\/fr\/wp-json\/wp\/v2\/product_tag?post=128825"}],"curies":[{"name":"wp","href":"https:\/\/api.w.org\/{rel}","templated":true}]}}