{"id":128783,"date":"2025-08-28T15:27:01","date_gmt":"2025-08-28T13:27:01","guid":{"rendered":"https:\/\/poppers-online.ch\/produkt\/poppers-booster-cap-xtrm-snffr-double-small-magenta\/"},"modified":"2026-03-09T02:05:24","modified_gmt":"2026-03-09T01:05:24","slug":"poppers-booster-cap-xtrm-snffr-double-small-magenta","status":"publish","type":"product","link":"https:\/\/poppers-online.ch\/fr\/produit\/poppers-booster-cap-xtrm-snffr-double-small-magenta\/","title":{"rendered":"Poppers Booster Cap XTRM SNFFR Double Small Magenta"},"content":{"rendered":"","protected":false},"excerpt":{"rendered":"<p data-prosemirror-content-type=\"node\" data-prosemirror-node-name=\"paragraph\" data-prosemirror-node-block=\"true\" data-pm-slice=\"1 1 []\">Le <strong data-prosemirror-content-type=\"mark\" data-prosemirror-mark-name=\"strong\">Poppers Booster Cap XTRM SNFFR Double Small Magenta<\/strong> de XTRM fait passer l&rsquo;utilisation des poppers \u00e0 un niveau sup\u00e9rieur. Vous d\u00e9vissez le bouchon original du fabricant et vissez le Booster Cap sur le flacon.  Tu sentiras rapidement la diff\u00e9rence. Un autre avantage est que vous prot\u00e9gez votre peau des irritations et des br\u00fblures avec le booster cap, car vous n&rsquo;avez pas de contact direct avec la peau du Poppers. Apr\u00e8s l&rsquo;utilisation, remets imp\u00e9rativement le couvercle original du fabricant pour \u00e9viter les fuites. Essaye le Booster Cap et \u00e9cris une \u00e9valuation du produit sur cette page.<\/p>\n<p data-prosemirror-content-type=\"node\" data-prosemirror-node-name=\"paragraph\" data-prosemirror-node-block=\"true\">Le <strong data-prosemirror-content-type=\"mark\" data-prosemirror-mark-name=\"strong\">Poppers Booster Cap XTRM SNFFR Double Small Magenta<\/strong> de XTRM est adapt\u00e9 \u00e0 tous les flacons ronds de 10ml et 30ml des fabricants Lockerroom, Shelbora et Royal Hexagon. La couleur magenta du sniffer fait partie des pr\u00e9f\u00e9rences de la communaut\u00e9 Armpit. <\/p>\n","protected":false},"featured_media":128778,"comment_status":"open","ping_status":"closed","template":"","meta":{"_acf_changed":false,"iawp_total_views":6,"_glsr_average":0,"_glsr_ranking":0,"_glsr_reviews":0},"product_brand":[],"product_cat":[149,1303],"product_tag":[],"class_list":{"0":"post-128783","1":"product","2":"type-product","3":"status-publish","4":"has-post-thumbnail","6":"product_cat-accessoires-poppers","7":"product_cat-booster-caps","8":"pa_booster-cap-gewindegroesse-pour-taille-de-filetage-small","10":"first","11":"instock","12":"taxable","13":"shipping-taxable","14":"purchasable","15":"product-type-simple"},"acf":[],"_links":{"self":[{"href":"https:\/\/poppers-online.ch\/fr\/wp-json\/wp\/v2\/product\/128783","targetHints":{"allow":["GET"]}}],"collection":[{"href":"https:\/\/poppers-online.ch\/fr\/wp-json\/wp\/v2\/product"}],"about":[{"href":"https:\/\/poppers-online.ch\/fr\/wp-json\/wp\/v2\/types\/product"}],"replies":[{"embeddable":true,"href":"https:\/\/poppers-online.ch\/fr\/wp-json\/wp\/v2\/comments?post=128783"}],"wp:featuredmedia":[{"embeddable":true,"href":"https:\/\/poppers-online.ch\/fr\/wp-json\/wp\/v2\/media\/128778"}],"wp:attachment":[{"href":"https:\/\/poppers-online.ch\/fr\/wp-json\/wp\/v2\/media?parent=128783"}],"wp:term":[{"taxonomy":"product_brand","embeddable":true,"href":"https:\/\/poppers-online.ch\/fr\/wp-json\/wp\/v2\/product_brand?post=128783"},{"taxonomy":"product_cat","embeddable":true,"href":"https:\/\/poppers-online.ch\/fr\/wp-json\/wp\/v2\/product_cat?post=128783"},{"taxonomy":"product_tag","embeddable":true,"href":"https:\/\/poppers-online.ch\/fr\/wp-json\/wp\/v2\/product_tag?post=128783"}],"curies":[{"name":"wp","href":"https:\/\/api.w.org\/{rel}","templated":true}]}}