{"id":128148,"date":"2025-08-21T16:52:35","date_gmt":"2025-08-21T14:52:35","guid":{"rendered":"https:\/\/poppers-online.ch\/produkt\/threesome-bitch-poppers-combo-30ml\/"},"modified":"2025-08-28T12:27:04","modified_gmt":"2025-08-28T10:27:04","slug":"threesome-bitch-poppers-combo-30ml","status":"publish","type":"product","link":"https:\/\/poppers-online.ch\/fr\/produit\/threesome-bitch-poppers-combo-30ml\/","title":{"rendered":"Threesome Bitch Poppers Combo 30ml"},"content":{"rendered":"","protected":false},"excerpt":{"rendered":"<p data-prosemirror-content-type=\"node\" data-prosemirror-node-name=\"paragraph\" data-prosemirror-node-block=\"true\" data-pm-slice=\"1 1 []\">Pourquoi se contenter d&rsquo;une seule bitch quand on peut en avoir trois ? Le <strong data-prosemirror-content-type=\"mark\" data-prosemirror-mark-name=\"strong\">Threesome Bitch Poppers Combo 30ml<\/strong> vous apporte trois personnages forts dans une seule bo\u00eete : la reine de la f\u00eate, la rebelle de bureau et le dominateur hardcore. Trois flacons, trois vibrations &#8211; pour un maximum de vari\u00e9t\u00e9.  <\/p>\n<p data-prosemirror-content-type=\"node\" data-prosemirror-node-name=\"paragraph\" data-prosemirror-node-block=\"true\"><strong data-prosemirror-content-type=\"mark\" data-prosemirror-mark-name=\"strong\">Produits inclus<\/strong><\/p>\n<p data-prosemirror-content-type=\"node\" data-prosemirror-node-name=\"paragraph\" data-prosemirror-node-block=\"true\"><a href=\"https:\/\/poppers-online.ch\/fr\/produit\/bad-bitch-super-strong-poppers-30ml\/\"><strong data-prosemirror-content-type=\"mark\" data-prosemirror-mark-name=\"strong\">Bad Bitch Super Strong 30ml<\/strong><\/a><br data-prosemirror-content-type=\"node\" data-prosemirror-node-name=\"hardBreak\" data-prosemirror-node-inline=\"true\">Un look girly color\u00e9, un niveau de puissance 5 et une base de nitrite d&rsquo;hexyle. Vous transforme en bad bitch ou en compagnon de jeu coquin &#8211; parfait pour les nuits de f\u00eate endiabl\u00e9es. <\/p>\n<p data-prosemirror-content-type=\"node\" data-prosemirror-node-name=\"paragraph\" data-prosemirror-node-block=\"true\"><a href=\"https:\/\/poppers-online.ch\/fr\/produit\/office-bitch-formula-poppers-30ml\/\"><strong data-prosemirror-content-type=\"mark\" data-prosemirror-mark-name=\"strong\">Office Bitch Formula 30ml<\/strong><\/a><br data-prosemirror-content-type=\"node\" data-prosemirror-node-name=\"hardBreak\" data-prosemirror-node-inline=\"true\">Effet durable et intensit\u00e9 totale. Pour toutes celles qui veulent laisser sortir la garce qui est en elles, m\u00eame en dehors des soir\u00e9es. <\/p>\n<p data-prosemirror-content-type=\"node\" data-prosemirror-node-name=\"paragraph\" data-prosemirror-node-block=\"true\"><a href=\"https:\/\/poppers-online.ch\/fr\/produit\/your-bitch-xxx-strong-formula-30ml\/\"><strong data-prosemirror-content-type=\"mark\" data-prosemirror-mark-name=\"strong\">Your Bitch XXX Strong Formula 30ml<\/strong><\/a><br data-prosemirror-content-type=\"node\" data-prosemirror-node-name=\"hardBreak\" data-prosemirror-node-inline=\"true\">Dominant, implacable, contr\u00f4lant. Formule extra forte pour des sessions de leadership clair, de soumission et d&rsquo;intensit\u00e9 maximale. <\/p>\n","protected":false},"featured_media":128146,"comment_status":"open","ping_status":"closed","template":"","meta":{"_acf_changed":false,"iawp_total_views":17,"_glsr_average":0,"_glsr_ranking":0,"_glsr_reviews":0},"product_brand":[],"product_cat":[1046,76,77],"product_tag":[],"class_list":{"0":"post-128148","1":"product","2":"type-product","3":"status-publish","4":"has-post-thumbnail","6":"product_cat-poppers","7":"product_cat-paquets-economiques","8":"product_cat-grands-flacons","9":"pa_flaschenform-rond-grand","10":"pa_gewindegroesse-small","11":"pa_inhalt-combo","12":"pa_inhalt-30ml","13":"pa_inhaltsstoffe-nitrite-dhexyle","14":"pa_marke-royal-hexagon-fr","15":"pa_staerke-90","17":"first","18":"instock","19":"sale","20":"taxable","21":"shipping-taxable","22":"purchasable","23":"product-type-simple"},"acf":[],"_links":{"self":[{"href":"https:\/\/poppers-online.ch\/fr\/wp-json\/wp\/v2\/product\/128148","targetHints":{"allow":["GET"]}}],"collection":[{"href":"https:\/\/poppers-online.ch\/fr\/wp-json\/wp\/v2\/product"}],"about":[{"href":"https:\/\/poppers-online.ch\/fr\/wp-json\/wp\/v2\/types\/product"}],"replies":[{"embeddable":true,"href":"https:\/\/poppers-online.ch\/fr\/wp-json\/wp\/v2\/comments?post=128148"}],"wp:featuredmedia":[{"embeddable":true,"href":"https:\/\/poppers-online.ch\/fr\/wp-json\/wp\/v2\/media\/128146"}],"wp:attachment":[{"href":"https:\/\/poppers-online.ch\/fr\/wp-json\/wp\/v2\/media?parent=128148"}],"wp:term":[{"taxonomy":"product_brand","embeddable":true,"href":"https:\/\/poppers-online.ch\/fr\/wp-json\/wp\/v2\/product_brand?post=128148"},{"taxonomy":"product_cat","embeddable":true,"href":"https:\/\/poppers-online.ch\/fr\/wp-json\/wp\/v2\/product_cat?post=128148"},{"taxonomy":"product_tag","embeddable":true,"href":"https:\/\/poppers-online.ch\/fr\/wp-json\/wp\/v2\/product_tag?post=128148"}],"curies":[{"name":"wp","href":"https:\/\/api.w.org\/{rel}","templated":true}]}}