{"id":128136,"date":"2025-08-21T16:14:21","date_gmt":"2025-08-21T14:14:21","guid":{"rendered":"https:\/\/poppers-online.ch\/produkt\/office-bitch-formula-poppers-30ml\/"},"modified":"2025-11-17T14:16:32","modified_gmt":"2025-11-17T13:16:32","slug":"office-bitch-formula-poppers-30ml","status":"publish","type":"product","link":"https:\/\/poppers-online.ch\/fr\/produit\/office-bitch-formula-poppers-30ml\/","title":{"rendered":"Office Bitch Formula Poppers 30ml"},"content":{"rendered":"","protected":false},"excerpt":{"rendered":"<p><strong>Office Bitch Formula Poppers 30ml<\/strong> a \u00e9t\u00e9 con\u00e7u pour tous ceux qui veulent laisser sortir la garce qui est en eux, au bureau ou ailleurs. Ce Poppers convainc par sa puissance, son effet durable et son caract\u00e8re qui est tout sauf sage. Le flacon de 30 ml garantit qu&rsquo;il suffit pour de nombreuses sessions &#8211; parfait pour ceux qui aiment l&rsquo;intensit\u00e9 et l&rsquo;impertinence.  <\/p>\n","protected":false},"featured_media":128133,"comment_status":"open","ping_status":"closed","template":"","meta":{"_acf_changed":false,"iawp_total_views":64,"_glsr_average":0,"_glsr_ranking":0,"_glsr_reviews":0},"product_brand":[],"product_cat":[1046,77],"product_tag":[],"class_list":{"0":"post-128136","1":"product","2":"type-product","3":"status-publish","4":"has-post-thumbnail","6":"product_cat-poppers","7":"product_cat-grands-flacons","8":"pa_flaschenform-rond-grand","9":"pa_gewindegroesse-small","10":"pa_inhalt-30ml","11":"pa_inhaltsstoffe-nitrite-dhexyle","12":"pa_marke-royal-hexagon-fr","13":"pa_staerke-91","15":"first","16":"instock","17":"taxable","18":"shipping-taxable","19":"purchasable","20":"product-type-simple"},"acf":[],"_links":{"self":[{"href":"https:\/\/poppers-online.ch\/fr\/wp-json\/wp\/v2\/product\/128136","targetHints":{"allow":["GET"]}}],"collection":[{"href":"https:\/\/poppers-online.ch\/fr\/wp-json\/wp\/v2\/product"}],"about":[{"href":"https:\/\/poppers-online.ch\/fr\/wp-json\/wp\/v2\/types\/product"}],"replies":[{"embeddable":true,"href":"https:\/\/poppers-online.ch\/fr\/wp-json\/wp\/v2\/comments?post=128136"}],"wp:featuredmedia":[{"embeddable":true,"href":"https:\/\/poppers-online.ch\/fr\/wp-json\/wp\/v2\/media\/128133"}],"wp:attachment":[{"href":"https:\/\/poppers-online.ch\/fr\/wp-json\/wp\/v2\/media?parent=128136"}],"wp:term":[{"taxonomy":"product_brand","embeddable":true,"href":"https:\/\/poppers-online.ch\/fr\/wp-json\/wp\/v2\/product_brand?post=128136"},{"taxonomy":"product_cat","embeddable":true,"href":"https:\/\/poppers-online.ch\/fr\/wp-json\/wp\/v2\/product_cat?post=128136"},{"taxonomy":"product_tag","embeddable":true,"href":"https:\/\/poppers-online.ch\/fr\/wp-json\/wp\/v2\/product_tag?post=128136"}],"curies":[{"name":"wp","href":"https:\/\/api.w.org\/{rel}","templated":true}]}}