{"id":128121,"date":"2025-08-21T14:54:32","date_gmt":"2025-08-21T12:54:32","guid":{"rendered":"https:\/\/poppers-online.ch\/produkt\/gold-rush-ultra-strong-poppers-30ml\/"},"modified":"2026-03-26T16:20:16","modified_gmt":"2026-03-26T15:20:16","slug":"gold-rush-ultra-strong-poppers-30ml","status":"publish","type":"product","link":"https:\/\/poppers-online.ch\/fr\/produit\/gold-rush-ultra-strong-poppers-30ml\/","title":{"rendered":"Gold Rush Ultra Strong Poppers 30ml"},"content":{"rendered":"","protected":false},"excerpt":{"rendered":"<p data-prosemirror-content-type=\"node\" data-prosemirror-node-name=\"paragraph\" data-prosemirror-node-block=\"true\" data-pm-slice=\"1 1 []\"><strong data-prosemirror-content-type=\"mark\" data-prosemirror-mark-name=\"strong\">Gold Rush Ultra Strong Poppers 30ml<\/strong> s\u00e9duit par sa puissante formule \u00e0 base de nitrite d&rsquo;hexyle, qui produit des effets particuli\u00e8rement durables et intenses. Cette variante de ce <a href=\"https:\/\/poppers-online.ch\/fr\/rush-poppers\/\">classique l\u00e9gendaire<\/a> a \u00e9t\u00e9 sp\u00e9cialement con\u00e7ue pour offrir une exp\u00e9rience puissante. <\/p>\n<p data-prosemirror-content-type=\"node\" data-prosemirror-node-name=\"paragraph\" data-prosemirror-node-block=\"true\">Le flacon extra large de 30 ml fait de Gold Rush Ultra Strong le compagnon id\u00e9al pour les sessions prolong\u00e9es, offrant la combinaison parfaite de puissance, de qualit\u00e9 et d&rsquo;endurance. Gr\u00e2ce \u00e0 sa composition puissante \u00e0 base de nitrite d&rsquo;hexyle, ce Poppers est synonyme de fiabilit\u00e9, de force et d&rsquo;un effet intense qui s\u00e9duira m\u00eame les utilisateurs les plus exp\u00e9riment\u00e9s. <\/p>\n","protected":false},"featured_media":128116,"comment_status":"open","ping_status":"closed","template":"","meta":{"_acf_changed":false,"iawp_total_views":15,"_glsr_average":0,"_glsr_ranking":0,"_glsr_reviews":0},"product_brand":[],"product_cat":[1046,77],"product_tag":[],"class_list":{"0":"post-128121","1":"product","2":"type-product","3":"status-publish","4":"has-post-thumbnail","6":"product_cat-poppers","7":"product_cat-grands-flacons","8":"pa_flaschenform-rond-grand","9":"pa_gewindegroesse-small","10":"pa_inhalt-30ml","11":"pa_inhaltsstoffe-nitrite-dhexyle","12":"pa_marke-royal-hexagon-fr","13":"pa_marke-rush-poppers","14":"pa_staerke-90","16":"first","17":"instock","18":"taxable","19":"shipping-taxable","20":"purchasable","21":"product-type-simple"},"acf":[],"_links":{"self":[{"href":"https:\/\/poppers-online.ch\/fr\/wp-json\/wp\/v2\/product\/128121","targetHints":{"allow":["GET"]}}],"collection":[{"href":"https:\/\/poppers-online.ch\/fr\/wp-json\/wp\/v2\/product"}],"about":[{"href":"https:\/\/poppers-online.ch\/fr\/wp-json\/wp\/v2\/types\/product"}],"replies":[{"embeddable":true,"href":"https:\/\/poppers-online.ch\/fr\/wp-json\/wp\/v2\/comments?post=128121"}],"wp:featuredmedia":[{"embeddable":true,"href":"https:\/\/poppers-online.ch\/fr\/wp-json\/wp\/v2\/media\/128116"}],"wp:attachment":[{"href":"https:\/\/poppers-online.ch\/fr\/wp-json\/wp\/v2\/media?parent=128121"}],"wp:term":[{"taxonomy":"product_brand","embeddable":true,"href":"https:\/\/poppers-online.ch\/fr\/wp-json\/wp\/v2\/product_brand?post=128121"},{"taxonomy":"product_cat","embeddable":true,"href":"https:\/\/poppers-online.ch\/fr\/wp-json\/wp\/v2\/product_cat?post=128121"},{"taxonomy":"product_tag","embeddable":true,"href":"https:\/\/poppers-online.ch\/fr\/wp-json\/wp\/v2\/product_tag?post=128121"}],"curies":[{"name":"wp","href":"https:\/\/api.w.org\/{rel}","templated":true}]}}