{"id":128077,"date":"2025-08-21T10:58:28","date_gmt":"2025-08-21T08:58:28","guid":{"rendered":"https:\/\/poppers-online.ch\/produkt\/poppers-booster-cap-xtrm-snffr-double-small-gold\/"},"modified":"2025-11-16T23:01:57","modified_gmt":"2025-11-16T22:01:57","slug":"poppers-booster-cap-xtrm-snffr-double-small-gold","status":"publish","type":"product","link":"https:\/\/poppers-online.ch\/fr\/produit\/poppers-booster-cap-xtrm-snffr-double-small-gold\/","title":{"rendered":"Poppers Booster Cap XTRM SNFFR Double Small Gold"},"content":{"rendered":"","protected":false},"excerpt":{"rendered":"<p data-prosemirror-content-type=\"node\" data-prosemirror-node-name=\"paragraph\" data-prosemirror-node-block=\"true\" data-pm-slice=\"1 1 []\">Le <strong>Poppers Booster Cap XTRM SNFFR Double Small Gold<\/strong> de XTRM porte l&rsquo;utilisation des poppers \u00e0 un niveau sup\u00e9rieur. Vous d\u00e9vissez le bouchon original du fabricant et vissez le Booster Cap sur le flacon. Tu sentiras rapidement la diff\u00e9rence. Un autre avantage est que vous prot\u00e9gez votre peau des irritations et des br\u00fblures avec le booster cap, car vous n&rsquo;avez pas de contact direct avec la peau du Poppers. Apr\u00e8s utilisation, il est imp\u00e9ratif de remettre le couvercle d&rsquo;origine du fabricant afin d&rsquo;<a href=\"https:\/\/poppers-online.ch\/fr\/blog\/accessoires-pour-poppers\/#booster-cap\">\u00e9viter les fuites<\/a>. Essaye le Booster Cap et \u00e9cris une \u00e9valuation du produit sur cette page.<\/p>\n<p data-prosemirror-content-type=\"node\" data-prosemirror-node-name=\"paragraph\" data-prosemirror-node-block=\"true\">Le <strong>bouchon Poppers Booster XTRM SNFFR Double Small Gold<\/strong> de XTRM convient \u00e0 tous les flacons ronds de 10ml et 30ml des fabricants Lockerroom, Shelbora et Royal Hexagon.<\/p>\n","protected":false},"featured_media":128069,"comment_status":"open","ping_status":"closed","template":"","meta":{"_acf_changed":false,"iawp_total_views":4,"_glsr_average":0,"_glsr_ranking":0,"_glsr_reviews":0},"product_brand":[],"product_cat":[149,1303],"product_tag":[],"class_list":{"0":"post-128077","1":"product","2":"type-product","3":"status-publish","4":"has-post-thumbnail","6":"product_cat-accessoires-poppers","7":"product_cat-booster-caps","8":"pa_booster-cap-gewindegroesse-pour-taille-de-filetage-small","10":"first","11":"instock","12":"taxable","13":"shipping-taxable","14":"purchasable","15":"product-type-simple"},"acf":[],"_links":{"self":[{"href":"https:\/\/poppers-online.ch\/fr\/wp-json\/wp\/v2\/product\/128077","targetHints":{"allow":["GET"]}}],"collection":[{"href":"https:\/\/poppers-online.ch\/fr\/wp-json\/wp\/v2\/product"}],"about":[{"href":"https:\/\/poppers-online.ch\/fr\/wp-json\/wp\/v2\/types\/product"}],"replies":[{"embeddable":true,"href":"https:\/\/poppers-online.ch\/fr\/wp-json\/wp\/v2\/comments?post=128077"}],"wp:featuredmedia":[{"embeddable":true,"href":"https:\/\/poppers-online.ch\/fr\/wp-json\/wp\/v2\/media\/128069"}],"wp:attachment":[{"href":"https:\/\/poppers-online.ch\/fr\/wp-json\/wp\/v2\/media?parent=128077"}],"wp:term":[{"taxonomy":"product_brand","embeddable":true,"href":"https:\/\/poppers-online.ch\/fr\/wp-json\/wp\/v2\/product_brand?post=128077"},{"taxonomy":"product_cat","embeddable":true,"href":"https:\/\/poppers-online.ch\/fr\/wp-json\/wp\/v2\/product_cat?post=128077"},{"taxonomy":"product_tag","embeddable":true,"href":"https:\/\/poppers-online.ch\/fr\/wp-json\/wp\/v2\/product_tag?post=128077"}],"curies":[{"name":"wp","href":"https:\/\/api.w.org\/{rel}","templated":true}]}}