{"id":127217,"date":"2025-08-14T14:34:36","date_gmt":"2025-08-14T12:34:36","guid":{"rendered":"https:\/\/poppers-online.ch\/produkt\/fuck-fist-delay-spray-50ml\/"},"modified":"2025-08-18T11:23:10","modified_gmt":"2025-08-18T09:23:10","slug":"fuck-fist-delay-spray-50ml","status":"publish","type":"product","link":"https:\/\/poppers-online.ch\/fr\/produit\/fuck-fist-delay-spray-50ml\/","title":{"rendered":"Fuck &amp; Fist Delay Spray 50ml"},"content":{"rendered":"","protected":false},"excerpt":{"rendered":"<p>Le <b data-stringify-type=\"bold\">spray Fuck &amp; Fist Delay 50ml<\/b> est votre joker si vous voulez que cela dure plus longtemps. Il suffit de vaporiser 1 \u00e0 3 fois directement sur le gland, d&rsquo;attendre quelques instants &#8211; et vous \u00eates pr\u00eat. Sans engourdissement et sans effets secondaires g\u00eanants. Juste de la fermet\u00e9 longue dur\u00e9e quand il le faut.   <\/p>\n<p>Parfait pour les longues sessions en solo ou les longs tours \u00e0 deux (ou en groupe), le <b data-stringify-type=\"bold\">spray Fuck &amp; Fist Delay 50ml<\/b> vous permet de rester dur et de retarder l&rsquo;apog\u00e9e de mani\u00e8re cibl\u00e9e. Plus besoin d&rsquo;\u00e9jaculer pr\u00e9matur\u00e9ment. <\/p>\n<p><b data-stringify-type=\"bold\">Avant l&rsquo;utilisation :<\/b> testez d&rsquo;abord le spray en le vaporisant sur une zone non probl\u00e9matique pour v\u00e9rifier qu&rsquo;il n&rsquo;y a pas d&rsquo;hypersensibilit\u00e9 ou de r\u00e9action allergique.<\/p>\n","protected":false},"featured_media":127197,"comment_status":"open","ping_status":"closed","template":"","meta":{"_acf_changed":false,"iawp_total_views":15,"_glsr_average":0,"_glsr_ranking":0,"_glsr_reviews":0},"product_brand":[],"product_cat":[2079,166],"product_tag":[],"class_list":{"0":"post-127217","1":"product","2":"type-product","3":"status-publish","4":"has-post-thumbnail","6":"product_cat-retardant-ejaculation","7":"product_cat-droguerie","9":"first","10":"instock","11":"taxable","12":"shipping-taxable","13":"purchasable","14":"product-type-simple"},"acf":[],"_links":{"self":[{"href":"https:\/\/poppers-online.ch\/fr\/wp-json\/wp\/v2\/product\/127217","targetHints":{"allow":["GET"]}}],"collection":[{"href":"https:\/\/poppers-online.ch\/fr\/wp-json\/wp\/v2\/product"}],"about":[{"href":"https:\/\/poppers-online.ch\/fr\/wp-json\/wp\/v2\/types\/product"}],"replies":[{"embeddable":true,"href":"https:\/\/poppers-online.ch\/fr\/wp-json\/wp\/v2\/comments?post=127217"}],"wp:featuredmedia":[{"embeddable":true,"href":"https:\/\/poppers-online.ch\/fr\/wp-json\/wp\/v2\/media\/127197"}],"wp:attachment":[{"href":"https:\/\/poppers-online.ch\/fr\/wp-json\/wp\/v2\/media?parent=127217"}],"wp:term":[{"taxonomy":"product_brand","embeddable":true,"href":"https:\/\/poppers-online.ch\/fr\/wp-json\/wp\/v2\/product_brand?post=127217"},{"taxonomy":"product_cat","embeddable":true,"href":"https:\/\/poppers-online.ch\/fr\/wp-json\/wp\/v2\/product_cat?post=127217"},{"taxonomy":"product_tag","embeddable":true,"href":"https:\/\/poppers-online.ch\/fr\/wp-json\/wp\/v2\/product_tag?post=127217"}],"curies":[{"name":"wp","href":"https:\/\/api.w.org\/{rel}","templated":true}]}}