{"id":127132,"date":"2025-08-14T12:07:13","date_gmt":"2025-08-14T10:07:13","guid":{"rendered":"https:\/\/poppers-online.ch\/produkt\/poppers-booster-cap-xtrm-snffr-double-small-purple\/"},"modified":"2025-10-03T16:40:36","modified_gmt":"2025-10-03T14:40:36","slug":"poppers-booster-cap-xtrm-snffr-double-small-purple","status":"publish","type":"product","link":"https:\/\/poppers-online.ch\/fr\/produit\/poppers-booster-cap-xtrm-snffr-double-small-purple\/","title":{"rendered":"Poppers Booster Cap XTRM SNFFR Double Small Purple"},"content":{"rendered":"","protected":false},"excerpt":{"rendered":"<p data-prosemirror-content-type=\"node\" data-prosemirror-node-name=\"paragraph\" data-prosemirror-node-block=\"true\" data-pm-slice=\"1 1 []\">Le <strong>Poppers Booster Cap XTRM SNFFR Double Small Purple<\/strong> de XTRM porte l&rsquo;utilisation des poppers \u00e0 un niveau sup\u00e9rieur. Vous d\u00e9vissez le bouchon original du fabricant et vissez le Booster Cap sur la bouteille.  Tu sentiras rapidement la diff\u00e9rence. Un autre avantage est que vous prot\u00e9gez votre peau des irritations et des br\u00fblures avec le booster cap, car vous n&rsquo;avez pas de contact direct avec la peau du Poppers. Apr\u00e8s l&rsquo;utilisation, remets imp\u00e9rativement le couvercle original du fabricant pour \u00e9viter les fuites. Essaye le Booster Cap et \u00e9cris une \u00e9valuation du produit sur cette page.<\/p>\n<p data-prosemirror-content-type=\"node\" data-prosemirror-node-name=\"paragraph\" data-prosemirror-node-block=\"true\">Le <strong>Poppers Booster Cap XTRM SNFFR Double Small Purple<\/strong> de XTRM est adapt\u00e9 \u00e0 toutes les bouteilles rondes de 10ml et 30ml des fabricants Lockerroom, Shelbora et Royal Hexagon. La couleur violette du sniffer fait partie des pr\u00e9f\u00e9rences de la communaut\u00e9 du piercing. <\/p>\n","protected":false},"featured_media":127125,"comment_status":"open","ping_status":"closed","template":"","meta":{"_acf_changed":false,"iawp_total_views":1,"_glsr_average":0,"_glsr_ranking":0,"_glsr_reviews":0},"product_brand":[],"product_cat":[149,1303],"product_tag":[],"class_list":{"0":"post-127132","1":"product","2":"type-product","3":"status-publish","4":"has-post-thumbnail","6":"product_cat-accessoires-poppers","7":"product_cat-booster-caps","8":"pa_booster-cap-gewindegroesse-pour-taille-de-filetage-small","10":"first","11":"instock","12":"taxable","13":"shipping-taxable","14":"purchasable","15":"product-type-simple"},"acf":[],"_links":{"self":[{"href":"https:\/\/poppers-online.ch\/fr\/wp-json\/wp\/v2\/product\/127132","targetHints":{"allow":["GET"]}}],"collection":[{"href":"https:\/\/poppers-online.ch\/fr\/wp-json\/wp\/v2\/product"}],"about":[{"href":"https:\/\/poppers-online.ch\/fr\/wp-json\/wp\/v2\/types\/product"}],"replies":[{"embeddable":true,"href":"https:\/\/poppers-online.ch\/fr\/wp-json\/wp\/v2\/comments?post=127132"}],"wp:featuredmedia":[{"embeddable":true,"href":"https:\/\/poppers-online.ch\/fr\/wp-json\/wp\/v2\/media\/127125"}],"wp:attachment":[{"href":"https:\/\/poppers-online.ch\/fr\/wp-json\/wp\/v2\/media?parent=127132"}],"wp:term":[{"taxonomy":"product_brand","embeddable":true,"href":"https:\/\/poppers-online.ch\/fr\/wp-json\/wp\/v2\/product_brand?post=127132"},{"taxonomy":"product_cat","embeddable":true,"href":"https:\/\/poppers-online.ch\/fr\/wp-json\/wp\/v2\/product_cat?post=127132"},{"taxonomy":"product_tag","embeddable":true,"href":"https:\/\/poppers-online.ch\/fr\/wp-json\/wp\/v2\/product_tag?post=127132"}],"curies":[{"name":"wp","href":"https:\/\/api.w.org\/{rel}","templated":true}]}}