{"id":126073,"date":"2025-08-07T17:29:19","date_gmt":"2025-08-07T15:29:19","guid":{"rendered":"https:\/\/poppers-online.ch\/produkt\/ride-my-hard-dick-45-kg\/"},"modified":"2025-08-07T20:10:33","modified_gmt":"2025-08-07T18:10:33","slug":"ride-my-hard-dick-45-kg","status":"publish","type":"product","link":"https:\/\/poppers-online.ch\/fr\/produit\/ride-my-hard-dick-45-kg\/","title":{"rendered":"Ride My Hard Dick"},"content":{"rendered":"","protected":false},"excerpt":{"rendered":"<p data-prosemirror-content-type=\"node\" data-prosemirror-node-name=\"paragraph\" data-prosemirror-node-block=\"true\" data-pm-slice=\"1 1 []\"><strong data-prosemirror-content-type=\"mark\" data-prosemirror-mark-name=\"strong\">BANGERS de HIDDEN DESIRE<\/strong> propose une collection unique de masturbateurs r\u00e9alistes, sp\u00e9cialement con\u00e7us pour ceux qui ne connaissent pas de limites quand il s&rsquo;agit de plaisir. Le <strong data-prosemirror-content-type=\"mark\" data-prosemirror-mark-name=\"strong\">masturbateur Ride My Hard Dick<\/strong> n&rsquo;attend que toi &#8211; et tu sais tr\u00e8s bien que vous tu as toujours r\u00eav\u00e9 de chevaucher une \u00e9norme queue bien dure ! <\/p>\n<p data-prosemirror-content-type=\"node\" data-prosemirror-node-name=\"paragraph\" data-prosemirror-node-block=\"true\" data-pm-slice=\"1 1 []\">Pose cet \u00e9talon sur une surface lisse, mets-toi en position et prends sa queue dure comme de la pierre ! De son nombril s\u00e9duisant \u00e0 ses hanches bien dessin\u00e9es, en passant par son membre impressionnant, ce m\u00e2le viril te fera passer une nuit inoubliable.<br data-prosemirror-content-type=\"node\" data-prosemirror-node-name=\"hardBreak\" data-prosemirror-node-inline=\"true\">C\u2019est ton boytoy personnel pour la soir\u00e9e \u2013 pr\u00eat \u00e0 r\u00e9aliser chacun de tes fantasmes les plus fous !<br data-prosemirror-content-type=\"node\" data-prosemirror-node-name=\"hardBreak\" data-prosemirror-node-inline=\"true\">Alors, enfonce ta queue dans son cul bien serr\u00e9 ou laisse son cock souple te p\u00e9n\u00e9trer profond\u00e9ment. Le plaisir n\u2019a aucune limite !  <br data-prosemirror-content-type=\"node\" data-prosemirror-node-name=\"hardBreak\" data-prosemirror-node-inline=\"true\"><strong data-prosemirror-content-type=\"mark\" data-prosemirror-mark-name=\"strong\">Ride My Hard Dick<\/strong> est un v\u00e9ritable accroche-regard &#8211; et ton meilleur pote de baise. Lib\u00e8re tes fantasmes les plus fous avec les <strong data-prosemirror-content-type=\"mark\" data-prosemirror-mark-name=\"strong\">BANGERS MASTURBATORS<\/strong>. <\/p>\n<p data-prosemirror-content-type=\"node\" data-prosemirror-node-name=\"paragraph\" data-prosemirror-node-block=\"true\"><strong data-prosemirror-content-type=\"mark\" data-prosemirror-mark-name=\"strong\">Dimensions du produit :<\/strong> 22 x 27 x 33 cm<br data-prosemirror-content-type=\"node\" data-prosemirror-node-name=\"hardBreak\" data-prosemirror-node-inline=\"true\"><strong data-prosemirror-content-type=\"mark\" data-prosemirror-mark-name=\"strong\">Longueur d&rsquo;insertion :<\/strong> 18 cm<br data-prosemirror-content-type=\"node\" data-prosemirror-node-name=\"hardBreak\" data-prosemirror-node-inline=\"true\"><strong data-prosemirror-content-type=\"mark\" data-prosemirror-mark-name=\"strong\">Mat\u00e9riau :<\/strong> TPE<\/p>\n","protected":false},"featured_media":125975,"comment_status":"open","ping_status":"closed","template":"","meta":{"_acf_changed":false,"iawp_total_views":32,"_glsr_average":0,"_glsr_ranking":0,"_glsr_reviews":0},"product_brand":[],"product_cat":[2085,2094,171],"product_tag":[],"class_list":{"0":"post-126073","1":"product","2":"type-product","3":"status-publish","4":"has-post-thumbnail","6":"product_cat-anal-play","7":"product_cat-masturbateur","8":"product_cat-sex-toys","10":"first","11":"instock","12":"taxable","13":"shipping-taxable","14":"purchasable","15":"product-type-simple"},"acf":[],"_links":{"self":[{"href":"https:\/\/poppers-online.ch\/fr\/wp-json\/wp\/v2\/product\/126073","targetHints":{"allow":["GET"]}}],"collection":[{"href":"https:\/\/poppers-online.ch\/fr\/wp-json\/wp\/v2\/product"}],"about":[{"href":"https:\/\/poppers-online.ch\/fr\/wp-json\/wp\/v2\/types\/product"}],"replies":[{"embeddable":true,"href":"https:\/\/poppers-online.ch\/fr\/wp-json\/wp\/v2\/comments?post=126073"}],"wp:featuredmedia":[{"embeddable":true,"href":"https:\/\/poppers-online.ch\/fr\/wp-json\/wp\/v2\/media\/125975"}],"wp:attachment":[{"href":"https:\/\/poppers-online.ch\/fr\/wp-json\/wp\/v2\/media?parent=126073"}],"wp:term":[{"taxonomy":"product_brand","embeddable":true,"href":"https:\/\/poppers-online.ch\/fr\/wp-json\/wp\/v2\/product_brand?post=126073"},{"taxonomy":"product_cat","embeddable":true,"href":"https:\/\/poppers-online.ch\/fr\/wp-json\/wp\/v2\/product_cat?post=126073"},{"taxonomy":"product_tag","embeddable":true,"href":"https:\/\/poppers-online.ch\/fr\/wp-json\/wp\/v2\/product_tag?post=126073"}],"curies":[{"name":"wp","href":"https:\/\/api.w.org\/{rel}","templated":true}]}}