{"id":125954,"date":"2025-08-07T15:58:22","date_gmt":"2025-08-07T13:58:22","guid":{"rendered":"https:\/\/poppers-online.ch\/produkt\/your-bitch-xxx-strong-formula-30ml\/"},"modified":"2025-09-27T20:10:21","modified_gmt":"2025-09-27T18:10:21","slug":"your-bitch-xxx-strong-formula-30ml","status":"publish","type":"product","link":"https:\/\/poppers-online.ch\/fr\/produit\/your-bitch-xxx-strong-formula-30ml\/","title":{"rendered":"Your Bitch XXX Strong Formula 30ml"},"content":{"rendered":"","protected":false},"excerpt":{"rendered":"<p data-start=\"191\" data-end=\"533\"><strong data-start=\"191\" data-end=\"234\">Dominant et dominateur. Implacable dans son fonctionnement. Contr\u00f4lant.  <\/strong><br data-start=\"234\" data-end=\"237\">Avec <strong data-start=\"241\" data-end=\"279\">Your Bitch XXX Strong Formula 30 ml<\/strong>, tu am\u00e8nes ton partenaire exactement l\u00e0 o\u00f9 tu veux qu\u2019il soit : soumis, pr\u00eat et sans volont\u00e9. Cette formule extra forte \u00e0 base de <strong data-start=\"417\" data-end=\"432\">nitrite d\u2019hexyle<\/strong> agit en profondeur et durablement \u2013 parfaite pour des sessions intenses avec un maximum de contr\u00f4le. <\/p>\n<p data-start=\"535\" data-end=\"748\">La nouvelle version de 30 ml **t\u2019*offre non seulement plus de contenu, mais aussi plus de libert\u00e9. Con\u00e7u pour les partenaires dominants qui savent exactement ce qu\u2019ils veulent \u2013 et les soumis qui veulent se laisser aller. <\/p>\n<p data-start=\"750\" data-end=\"1033\"><strong data-start=\"750\" data-end=\"765\">Points forts :<\/strong><br data-start=\"765\" data-end=\"768\"><strong data-start=\"768\" data-end=\"773\">&#8211;<\/strong> Formule extra puissante avec nitrite d&rsquo;hexyle<br data-start=\"809\" data-end=\"812\"><strong data-start=\"812\" data-end=\"817\">&#8211;<\/strong> Grand flacon de 30 ml pour des sessions prolong\u00e9es<br data-start=\"857\" data-end=\"860\"><strong data-start=\"860\" data-end=\"865\">&#8211;<\/strong> Con\u00e7u pour le contr\u00f4le, la domination et la soumission<br data-start=\"917\" data-end=\"920\"><strong data-start=\"920\" data-end=\"925\">&#8211;<\/strong> Effet intense, profond et durable<br data-start=\"967\" data-end=\"970\"><strong data-start=\"970\" data-end=\"975\">&#8211;<\/strong> Parfait pour le BDSM, la formation des esclaves et les sc\u00e9narios de dirty talk<\/p>\n<p data-start=\"1035\" data-end=\"1088\"><strong data-start=\"1035\" data-end=\"1088\">Your Bitch XXX Strong &#8211; Tu diriges. Ils ob\u00e9issent. <\/strong><\/p>\n","protected":false},"featured_media":125943,"comment_status":"open","ping_status":"closed","template":"","meta":{"_acf_changed":false,"iawp_total_views":10,"_glsr_average":0,"_glsr_ranking":0,"_glsr_reviews":0},"product_brand":[],"product_cat":[1046,77],"product_tag":[],"class_list":{"0":"post-125954","1":"product","2":"type-product","3":"status-publish","4":"has-post-thumbnail","6":"product_cat-poppers","7":"product_cat-grands-flacons","8":"pa_flaschenform-rond-grand","9":"pa_gewindegroesse-small","10":"pa_inhalt-30ml","11":"pa_inhaltsstoffe-nitrite-dhexyle","12":"pa_marke-royal-hexagon-fr","13":"pa_staerke-90","15":"first","16":"instock","17":"taxable","18":"shipping-taxable","19":"purchasable","20":"product-type-simple"},"acf":[],"_links":{"self":[{"href":"https:\/\/poppers-online.ch\/fr\/wp-json\/wp\/v2\/product\/125954","targetHints":{"allow":["GET"]}}],"collection":[{"href":"https:\/\/poppers-online.ch\/fr\/wp-json\/wp\/v2\/product"}],"about":[{"href":"https:\/\/poppers-online.ch\/fr\/wp-json\/wp\/v2\/types\/product"}],"replies":[{"embeddable":true,"href":"https:\/\/poppers-online.ch\/fr\/wp-json\/wp\/v2\/comments?post=125954"}],"wp:featuredmedia":[{"embeddable":true,"href":"https:\/\/poppers-online.ch\/fr\/wp-json\/wp\/v2\/media\/125943"}],"wp:attachment":[{"href":"https:\/\/poppers-online.ch\/fr\/wp-json\/wp\/v2\/media?parent=125954"}],"wp:term":[{"taxonomy":"product_brand","embeddable":true,"href":"https:\/\/poppers-online.ch\/fr\/wp-json\/wp\/v2\/product_brand?post=125954"},{"taxonomy":"product_cat","embeddable":true,"href":"https:\/\/poppers-online.ch\/fr\/wp-json\/wp\/v2\/product_cat?post=125954"},{"taxonomy":"product_tag","embeddable":true,"href":"https:\/\/poppers-online.ch\/fr\/wp-json\/wp\/v2\/product_tag?post=125954"}],"curies":[{"name":"wp","href":"https:\/\/api.w.org\/{rel}","templated":true}]}}