{"id":125899,"date":"2025-08-07T15:15:11","date_gmt":"2025-08-07T13:15:11","guid":{"rendered":"https:\/\/poppers-online.ch\/produkt\/poppers-booster-cap-xtrm-snffr-double-small-dark-red\/"},"modified":"2025-08-07T19:28:48","modified_gmt":"2025-08-07T17:28:48","slug":"poppers-booster-cap-xtrm-snffr-double-small-dark-red","status":"publish","type":"product","link":"https:\/\/poppers-online.ch\/fr\/produit\/poppers-booster-cap-xtrm-snffr-double-small-dark-red\/","title":{"rendered":"Poppers Booster Cap XTRM SNFFR Double Small Dark Red"},"content":{"rendered":"","protected":false},"excerpt":{"rendered":"<p data-prosemirror-content-type=\"node\" data-prosemirror-node-name=\"paragraph\" data-prosemirror-node-block=\"true\" data-pm-slice=\"1 1 []\">Le <strong>Poppers Booster Cap XTRM SNFFR Double Small Dark Red<\/strong> de XTRM porte l&rsquo;utilisation des poppers \u00e0 un niveau sup\u00e9rieur. Tu d\u00e9visses le bouchon original du fabricant et tu visses le Booster Cap sur la bouteille. Tu sentiras rapidement la diff\u00e9rence. Un autre avantage est qu&rsquo;avec le booster cap, tu prot\u00e8ges ta peau des irritations et des br\u00fblures, car tu n&rsquo;as pas de contact direct avec le poppers. Apr\u00e8s l&rsquo;utilisation, remets imp\u00e9rativement le couvercle original du fabricant pour \u00e9viter les fuites. Essaye le Booster Cap et \u00e9cris une \u00e9valuation du produit sur cette page.<\/p>\n<p data-prosemirror-content-type=\"node\" data-prosemirror-node-name=\"paragraph\" data-prosemirror-node-block=\"true\">Le <strong>Poppers Booster Cap XTRM SNFFR Double Small Dark Red<\/strong> de XTRM est adapt\u00e9 \u00e0 tous les flacons ronds de 10ml et 30ml des fabricants Lockerroom, Shelbora et Royal Hexagon. La couleur rouge fonc\u00e9 du sniffer fait partie des pr\u00e9f\u00e9rences de la communaut\u00e9 des batteurs. <\/p>\n","protected":false},"featured_media":125875,"comment_status":"open","ping_status":"closed","template":"","meta":{"_acf_changed":false,"iawp_total_views":7,"_glsr_average":0,"_glsr_ranking":0,"_glsr_reviews":0},"product_brand":[],"product_cat":[149,1303],"product_tag":[],"class_list":{"0":"post-125899","1":"product","2":"type-product","3":"status-publish","4":"has-post-thumbnail","6":"product_cat-accessoires-poppers","7":"product_cat-booster-caps","8":"pa_booster-cap-gewindegroesse-pour-taille-de-filetage-small","10":"first","11":"instock","12":"taxable","13":"shipping-taxable","14":"purchasable","15":"product-type-simple"},"acf":[],"_links":{"self":[{"href":"https:\/\/poppers-online.ch\/fr\/wp-json\/wp\/v2\/product\/125899","targetHints":{"allow":["GET"]}}],"collection":[{"href":"https:\/\/poppers-online.ch\/fr\/wp-json\/wp\/v2\/product"}],"about":[{"href":"https:\/\/poppers-online.ch\/fr\/wp-json\/wp\/v2\/types\/product"}],"replies":[{"embeddable":true,"href":"https:\/\/poppers-online.ch\/fr\/wp-json\/wp\/v2\/comments?post=125899"}],"wp:featuredmedia":[{"embeddable":true,"href":"https:\/\/poppers-online.ch\/fr\/wp-json\/wp\/v2\/media\/125875"}],"wp:attachment":[{"href":"https:\/\/poppers-online.ch\/fr\/wp-json\/wp\/v2\/media?parent=125899"}],"wp:term":[{"taxonomy":"product_brand","embeddable":true,"href":"https:\/\/poppers-online.ch\/fr\/wp-json\/wp\/v2\/product_brand?post=125899"},{"taxonomy":"product_cat","embeddable":true,"href":"https:\/\/poppers-online.ch\/fr\/wp-json\/wp\/v2\/product_cat?post=125899"},{"taxonomy":"product_tag","embeddable":true,"href":"https:\/\/poppers-online.ch\/fr\/wp-json\/wp\/v2\/product_tag?post=125899"}],"curies":[{"name":"wp","href":"https:\/\/api.w.org\/{rel}","templated":true}]}}