{"id":125888,"date":"2025-08-07T15:09:30","date_gmt":"2025-08-07T13:09:30","guid":{"rendered":"https:\/\/poppers-online.ch\/produkt\/super-extreme-slut-poppers-24ml\/"},"modified":"2026-02-15T11:54:36","modified_gmt":"2026-02-15T10:54:36","slug":"super-extreme-slut-poppers-24ml","status":"publish","type":"product","link":"https:\/\/poppers-online.ch\/fr\/produit\/super-extreme-slut-poppers-24ml\/","title":{"rendered":"Super Extreme Slut Poppers 24ml"},"content":{"rendered":"","protected":false},"excerpt":{"rendered":"<p data-start=\"316\" data-end=\"567\">Pr\u00eat \u00e0 passer au niveau sup\u00e9rieur ? <strong>Super Extreme Slut Poppers 24ml <\/strong>est de retour &#8211; plus fort, plus intense et sans compromis que jamais. La nouvelle version est pr\u00e9sent\u00e9e dans un flacon pratique de 24 ml et est bas\u00e9e sur <strong data-start=\"518\" data-end=\"545\">du nitrite de pentyle tr\u00e8s pur<\/strong> pour un effet maximal. Est \u00e9galement disponible en <a href=\"https:\/\/poppers-online.ch\/fr\/produit\/super-extreme-slut-poppers-10ml\/\">flacon de 10 ml<\/a>.  <\/p>\n<p data-start=\"569\" data-end=\"836\">Ce poppers est fait pour des sessions sans honte, sans inhibition &#8211; et pour tous ceux qui veulent se transformer ou transformer leur partenaire en <strong data-start=\"684\" data-end=\"716\">Super Extreme Slut sans tabou<\/strong>. Id\u00e9al pour les jeux de r\u00f4le extr\u00eames, la domination intensive ou tout simplement quand il ne doit pas y avoir de limites. <\/p>\n<p data-start=\"838\" data-end=\"1095\"><strong data-start=\"838\" data-end=\"853\">Points forts :<\/strong><br data-start=\"853\" data-end=\"856\"><strong data-start=\"856\" data-end=\"861\">&#8211;<\/strong> Nouvelle version en 24 ml<br data-start=\"883\" data-end=\"886\"><strong data-start=\"886\" data-end=\"891\">&#8211;<\/strong> Avec un pourcentage \u00e9lev\u00e9 de pentylnitrite particuli\u00e8rement pur<br data-start=\"942\" data-end=\"945\"><strong data-start=\"945\" data-end=\"950\">&#8211;<\/strong> Pour un slut-play sans retenue &amp; un engagement total<br data-start=\"995\" data-end=\"998\"><strong data-start=\"998\" data-end=\"1003\">&#8211;<\/strong> Effet extra puissant, de longue dur\u00e9e<br data-start=\"1039\" data-end=\"1042\"><strong data-start=\"1042\" data-end=\"1047\">&#8211;<\/strong> Parfait pour les Power Bottoms, Subs &amp; Slut-Training<\/p>\n<p data-start=\"1097\" data-end=\"1170\"><strong data-start=\"1097\" data-end=\"1170\">Super Extreme Slut Poppers &#8211; Quand tu ne veux plus rien retenir.<\/strong><\/p>\n","protected":false},"featured_media":125871,"comment_status":"open","ping_status":"closed","template":"","meta":{"_acf_changed":false,"iawp_total_views":43,"_glsr_average":0,"_glsr_ranking":0,"_glsr_reviews":0},"product_brand":[],"product_cat":[1046,77],"product_tag":[],"class_list":{"0":"post-125888","1":"product","2":"type-product","3":"status-publish","4":"has-post-thumbnail","6":"product_cat-poppers","7":"product_cat-grands-flacons","8":"pa_flaschenform-ovale","9":"pa_gewindegroesse-small","10":"pa_inhalt-24ml","11":"pa_inhaltsstoffe-nitrite-de-pentyle","12":"pa_marke-edition-oxy","13":"pa_staerke-89","15":"first","16":"instock","17":"taxable","18":"shipping-taxable","19":"purchasable","20":"product-type-simple"},"acf":[],"_links":{"self":[{"href":"https:\/\/poppers-online.ch\/fr\/wp-json\/wp\/v2\/product\/125888","targetHints":{"allow":["GET"]}}],"collection":[{"href":"https:\/\/poppers-online.ch\/fr\/wp-json\/wp\/v2\/product"}],"about":[{"href":"https:\/\/poppers-online.ch\/fr\/wp-json\/wp\/v2\/types\/product"}],"replies":[{"embeddable":true,"href":"https:\/\/poppers-online.ch\/fr\/wp-json\/wp\/v2\/comments?post=125888"}],"wp:featuredmedia":[{"embeddable":true,"href":"https:\/\/poppers-online.ch\/fr\/wp-json\/wp\/v2\/media\/125871"}],"wp:attachment":[{"href":"https:\/\/poppers-online.ch\/fr\/wp-json\/wp\/v2\/media?parent=125888"}],"wp:term":[{"taxonomy":"product_brand","embeddable":true,"href":"https:\/\/poppers-online.ch\/fr\/wp-json\/wp\/v2\/product_brand?post=125888"},{"taxonomy":"product_cat","embeddable":true,"href":"https:\/\/poppers-online.ch\/fr\/wp-json\/wp\/v2\/product_cat?post=125888"},{"taxonomy":"product_tag","embeddable":true,"href":"https:\/\/poppers-online.ch\/fr\/wp-json\/wp\/v2\/product_tag?post=125888"}],"curies":[{"name":"wp","href":"https:\/\/api.w.org\/{rel}","templated":true}]}}