{"id":124337,"date":"2025-07-24T16:40:07","date_gmt":"2025-07-24T14:40:07","guid":{"rendered":"https:\/\/poppers-online.ch\/produkt\/kinky-monster-dungeon-monster-combo\/"},"modified":"2026-02-23T13:02:25","modified_gmt":"2026-02-23T12:02:25","slug":"kinky-monster-dungeon-monster-combo","status":"publish","type":"product","link":"https:\/\/poppers-online.ch\/fr\/produit\/kinky-monster-dungeon-monster-combo\/","title":{"rendered":"Kinky Monster Dungeon Monster Combo"},"content":{"rendered":"","protected":false},"excerpt":{"rendered":"<p data-start=\"219\" data-end=\"476\">Pour tous les kinksters qui recherchent la puissance totale dans les donjons : le <strong data-start=\"287\" data-end=\"326\">Kinky Monster Dungeon Monster Combo<\/strong> combine le poppers le plus puissant de la gamme Kinky Monster avec deux variantes de cockrings extr\u00eamement robustes qui porteront ton plaisir de jeu \u00e0 un niveau sup\u00e9rieur.<\/p>\n<p data-start=\"478\" data-end=\"808\"><strong data-start=\"478\" data-end=\"522\">Kinky Monster Ultra Strong Poppers 24\u202fml<\/strong><br data-start=\"522\" data-end=\"525\">Notre poppers le plus fort contient du pentyl nitrite particuli\u00e8rement pur et tr\u00e8s concentr\u00e9. D\u2019une puissance de 6+, il est ton compagnon id\u00e9al pour les sessions intenses de fist, rubber, sneakers, soxy, puppy ou SM. Ce poppers ultra puissant fera de toi l\u2019ultime Ultra-Kinky Monster.  <\/p>\n<p data-start=\"810\" data-end=\"1155\"><strong data-start=\"810\" data-end=\"846\">Extreme Monster Cockring Trucker<\/strong><br data-start=\"846\" data-end=\"849\">L\u2019anneau le plus grand et le plus voyant de notre gamme : \u00e9pais, flexible et inspir\u00e9 de la roue de skateboard. Parfait pour tous les f\u00e9tichistes des sneakers et des chaussettes qui accordent de l\u2019importance \u00e0 un maintien s\u00fbr et \u00e0 des performances fortes. Un v\u00e9ritable accroche-regard, agr\u00e9able \u00e0 porter et qui reste compatible avec tous les lubrifiants.  <\/p>\n<p data-start=\"1157\" data-end=\"1455\"><strong data-start=\"1157\" data-end=\"1194\">Platinum Monster Cock Set Noir<\/strong><br data-start=\"1194\" data-end=\"1197\">Un trio de trois anneaux en silicone de tailles diff\u00e9rentes pour la hampe, la base et les testicules. Id\u00e9al pour le confort et l\u2019endurance avec un maintien moyen \u2013 parfait pour les sessions en solo, le toy-play ou les moments en miroir o\u00f9 tu veux profiter de chaque centim\u00e8tre de toi-m\u00eame. <\/p>\n<p data-start=\"1457\" data-end=\"1730\"><strong data-start=\"1457\" data-end=\"1472\">Points forts :<\/strong><br data-start=\"1472\" data-end=\"1475\"><strong data-start=\"1475\" data-end=\"1480\">\u2013<\/strong> Poppers ultra-r\u00e9sistants de force 6+<br data-start=\"1516\" data-end=\"1519\"><strong data-start=\"1519\" data-end=\"1524\">\u2013<\/strong> Deux variantes de cockrings robustes pour une prise en main diff\u00e9rente<br data-start=\"1583\" data-end=\"1586\"><strong data-start=\"1586\" data-end=\"1591\">\u2013<\/strong> Mat\u00e9riau : silicone flexible de haute qualit\u00e9<br data-start=\"1633\" data-end=\"1636\"><strong data-start=\"1636\" data-end=\"1641\">\u2013<\/strong> Parfait pour les s\u00e9ances de donjon, de f\u00e9tichisme ou de kink<br data-start=\"1688\" data-end=\"1691\"><strong data-start=\"1691\" data-end=\"1696\">\u2013<\/strong> Compatible avec tous les lubrifiants<\/p>\n<p data-start=\"1732\" data-end=\"1822\"><strong data-start=\"1732\" data-end=\"1822\">Kinky Monster Dungeon Monster Combo \u2013 Pour toi, si tu ne fais pas de compromis dans le jeu.<\/strong><\/p>\n","protected":false},"featured_media":124327,"comment_status":"open","ping_status":"closed","template":"","meta":{"_acf_changed":false,"iawp_total_views":37,"_glsr_average":0,"_glsr_ranking":0,"_glsr_reviews":0},"product_brand":[],"product_cat":[2091,1046,77,171],"product_tag":[],"class_list":{"0":"post-124337","1":"product","2":"type-product","3":"status-publish","4":"has-post-thumbnail","6":"product_cat-cock-play","7":"product_cat-poppers","8":"product_cat-grands-flacons","9":"product_cat-sex-toys","10":"pa_flaschenform-ovale","11":"pa_gewindegroesse-small","12":"pa_inhalt-24ml","13":"pa_inhaltsstoffe-nitrite-de-pentyle","14":"pa_marke-kinky-monster-poppers","15":"pa_staerke-91","17":"first","18":"instock","19":"sale","20":"taxable","21":"shipping-taxable","22":"purchasable","23":"product-type-simple"},"acf":[],"_links":{"self":[{"href":"https:\/\/poppers-online.ch\/fr\/wp-json\/wp\/v2\/product\/124337","targetHints":{"allow":["GET"]}}],"collection":[{"href":"https:\/\/poppers-online.ch\/fr\/wp-json\/wp\/v2\/product"}],"about":[{"href":"https:\/\/poppers-online.ch\/fr\/wp-json\/wp\/v2\/types\/product"}],"replies":[{"embeddable":true,"href":"https:\/\/poppers-online.ch\/fr\/wp-json\/wp\/v2\/comments?post=124337"}],"wp:featuredmedia":[{"embeddable":true,"href":"https:\/\/poppers-online.ch\/fr\/wp-json\/wp\/v2\/media\/124327"}],"wp:attachment":[{"href":"https:\/\/poppers-online.ch\/fr\/wp-json\/wp\/v2\/media?parent=124337"}],"wp:term":[{"taxonomy":"product_brand","embeddable":true,"href":"https:\/\/poppers-online.ch\/fr\/wp-json\/wp\/v2\/product_brand?post=124337"},{"taxonomy":"product_cat","embeddable":true,"href":"https:\/\/poppers-online.ch\/fr\/wp-json\/wp\/v2\/product_cat?post=124337"},{"taxonomy":"product_tag","embeddable":true,"href":"https:\/\/poppers-online.ch\/fr\/wp-json\/wp\/v2\/product_tag?post=124337"}],"curies":[{"name":"wp","href":"https:\/\/api.w.org\/{rel}","templated":true}]}}