{"id":124336,"date":"2025-07-24T15:34:14","date_gmt":"2025-07-24T13:34:14","guid":{"rendered":"https:\/\/poppers-online.ch\/produkt\/kinky-monster-combo-monstre-en-caoutchouc\/"},"modified":"2025-08-15T16:36:41","modified_gmt":"2025-08-15T14:36:41","slug":"kinky-monster-combo-monstre-en-caoutchouc","status":"publish","type":"product","link":"https:\/\/poppers-online.ch\/fr\/produit\/kinky-monster-combo-monstre-en-caoutchouc\/","title":{"rendered":"Kinky Monster Rubber Monster Combo"},"content":{"rendered":"","protected":false},"excerpt":{"rendered":"<p data-start=\"217\" data-end=\"556\">Le <strong>Kinky Monster Rubber Monster Combo<\/strong> te pousse dans tes retranchements \u2013 et au-del\u00e0. Pour tous les Rubber Boys, Subs, Switches ou Doms qui aiment la vraie exp\u00e9rience Kink, la pression palpable et le plein vibe du latex, le <strong data-start=\"416\" data-end=\"454\">Kinky Monster Rubber Monster Combo<\/strong> est exactement ce qu\u2019il te faut. Trois produits parfaitement adapt\u00e9s pour faire passer ta session \u00e0 un niveau sup\u00e9rieur :  <\/p>\n<p data-start=\"558\" data-end=\"759\"><strong data-start=\"558\" data-end=\"595\">Kinky Monster Black Poppers 24 ml<\/strong><br data-start=\"595\" data-end=\"598\">Poppers ultra fort avec du nitrite de pentyle particuli\u00e8rement pur \u2013 sp\u00e9cialement con\u00e7u pour les amateurs de caoutchouc. Id\u00e9al pour des sessions profondes et intenses avec une pleine sensation de latex. <\/p>\n<p data-start=\"761\" data-end=\"917\"><strong data-start=\"761\" data-end=\"793\">Black Monster Cockring Donut<\/strong><br data-start=\"793\" data-end=\"796\">L\u2019anneau en silicone classique : lisse, extensible et agr\u00e9able \u00e0 porter. Parfait pour tes tenues en caoutchouc \u2013 seul ou combin\u00e9. <\/p>\n<p data-start=\"919\" data-end=\"1109\"><strong data-start=\"919\" data-end=\"953\">Cockring Ultra Monster Noir<\/strong><br data-start=\"953\" data-end=\"956\">Plus large, plus ferme, plus intense. Avec ses 2\u202fcm de hauteur, cet anneau t\u2019assure une pression massive et te maintient de mani\u00e8re fiable \u2013 m\u00eame pendant les longues sessions ou le temps en cage. <\/p>\n<p data-start=\"1111\" data-end=\"1381\"><strong data-start=\"1111\" data-end=\"1126\">Points forts :<\/strong><br \/><strong data-start=\"1129\" data-end=\"1134\">&#8211;<\/strong> Trois produits, parfaitement adapt\u00e9s les uns aux autres<br \/><strong data-start=\"1183\" data-end=\"1188\">&#8211;<\/strong> Pour les amateurs de rubber, de f\u00e9tiche et de kink<br \/><strong data-start=\"1235\" data-end=\"1240\">&#8211;<\/strong> Mat\u00e9riaux de haute qualit\u00e9 et effet puissant<br \/><strong data-start=\"1286\" data-end=\"1291\">&#8211;<\/strong> Id\u00e9al pour le jeu en solo, les sessions ou comme cadeau<br \/><strong data-start=\"1342\" data-end=\"1347\">&#8211;<\/strong> Compatible avec tous les lubrifiants<\/p>\n<p data-start=\"1383\" data-end=\"1496\"><strong data-start=\"1383\" data-end=\"1426\">Plus de pression. Plus de latex. Plus de contr\u00f4le.  <\/strong><br data-start=\"1426\" data-end=\"1429\"><strong data-start=\"1429\" data-end=\"1496\">Kinky Monster Rubber Monster Combo \u2013 Pour toi qui n\u2019en veulent plus.<\/strong><\/p>\n","protected":false},"featured_media":124308,"comment_status":"open","ping_status":"closed","template":"","meta":{"_acf_changed":false,"iawp_total_views":22,"_glsr_average":0,"_glsr_ranking":0,"_glsr_reviews":0},"product_brand":[],"product_cat":[2091,1046,76,77,171],"product_tag":[],"class_list":{"0":"post-124336","1":"product","2":"type-product","3":"status-publish","4":"has-post-thumbnail","6":"product_cat-cock-play","7":"product_cat-poppers","8":"product_cat-paquets-economiques","9":"product_cat-grands-flacons","10":"product_cat-sex-toys","11":"pa_flaschenform-ovale","12":"pa_gewindegroesse-small","13":"pa_inhalt-24ml","14":"pa_inhaltsstoffe-nitrite-de-pentyle","15":"pa_marke-kinky-monster-poppers","16":"pa_staerke-91","18":"first","19":"instock","20":"sale","21":"taxable","22":"shipping-taxable","23":"purchasable","24":"product-type-simple"},"acf":[],"_links":{"self":[{"href":"https:\/\/poppers-online.ch\/fr\/wp-json\/wp\/v2\/product\/124336","targetHints":{"allow":["GET"]}}],"collection":[{"href":"https:\/\/poppers-online.ch\/fr\/wp-json\/wp\/v2\/product"}],"about":[{"href":"https:\/\/poppers-online.ch\/fr\/wp-json\/wp\/v2\/types\/product"}],"replies":[{"embeddable":true,"href":"https:\/\/poppers-online.ch\/fr\/wp-json\/wp\/v2\/comments?post=124336"}],"wp:featuredmedia":[{"embeddable":true,"href":"https:\/\/poppers-online.ch\/fr\/wp-json\/wp\/v2\/media\/124308"}],"wp:attachment":[{"href":"https:\/\/poppers-online.ch\/fr\/wp-json\/wp\/v2\/media?parent=124336"}],"wp:term":[{"taxonomy":"product_brand","embeddable":true,"href":"https:\/\/poppers-online.ch\/fr\/wp-json\/wp\/v2\/product_brand?post=124336"},{"taxonomy":"product_cat","embeddable":true,"href":"https:\/\/poppers-online.ch\/fr\/wp-json\/wp\/v2\/product_cat?post=124336"},{"taxonomy":"product_tag","embeddable":true,"href":"https:\/\/poppers-online.ch\/fr\/wp-json\/wp\/v2\/product_tag?post=124336"}],"curies":[{"name":"wp","href":"https:\/\/api.w.org\/{rel}","templated":true}]}}