{"id":123049,"date":"2025-07-10T19:37:37","date_gmt":"2025-07-10T17:37:37","guid":{"rendered":"https:\/\/poppers-online.ch\/produkt\/poppers-berlin-ultra-strong-24ml\/"},"modified":"2026-03-26T16:33:45","modified_gmt":"2026-03-26T15:33:45","slug":"poppers-berlin-ultra-strong-24ml","status":"publish","type":"product","link":"https:\/\/poppers-online.ch\/fr\/produit\/poppers-berlin-ultra-strong-24ml\/","title":{"rendered":"Poppers Berlin Ultra Strong 24ml"},"content":{"rendered":"","protected":false},"excerpt":{"rendered":"<p><strong>Berlin Ultra Strong Poppers 24\u202fml <\/strong>est maintenant disponible en version 24\u202fml et t\u2019apporte toute l\u2019intensit\u00e9 de la sc\u00e8ne des clubs berlinois, directement chez toi. La formule \u00e9prouv\u00e9e \u00e0 base de nitrite de pentyle original garantit un effet puissant et une exp\u00e9rience de longue dur\u00e9e. Inspir\u00e9 des nuits endiabl\u00e9es du Berghain et du KitKat, ce poppers diffuse la vibe unique de la capitale queer \u2013 intense, \u00e9lectrisante et sans compromis.<br \/>\nParfait pour les soir\u00e9es sp\u00e9ciales, en couple ou entre amis, Berlin Ultra Strong est synonyme de libert\u00e9, d\u2019extase et de pur feeling berlinois en flacon. Avec sa taille pratique de 24\u202fml, il t\u2019offre encore plus de contenu pour des moments inoubliables.   <\/p>\n","protected":false},"featured_media":123044,"comment_status":"open","ping_status":"closed","template":"","meta":{"_acf_changed":false,"iawp_total_views":57,"_glsr_average":0,"_glsr_ranking":0,"_glsr_reviews":0},"product_brand":[],"product_cat":[1046,77],"product_tag":[],"class_list":{"0":"post-123049","1":"product","2":"type-product","3":"status-publish","4":"has-post-thumbnail","6":"product_cat-poppers","7":"product_cat-grands-flacons","8":"pa_flaschenform-ovale","9":"pa_gewindegroesse-small","10":"pa_inhalt-24ml","11":"pa_inhaltsstoffe-nitrite-de-pentyle","12":"pa_marke-berlin-poppers","13":"pa_marke-edition-oxy","14":"pa_staerke-91","16":"first","17":"instock","18":"taxable","19":"shipping-taxable","20":"purchasable","21":"product-type-simple"},"acf":[],"_links":{"self":[{"href":"https:\/\/poppers-online.ch\/fr\/wp-json\/wp\/v2\/product\/123049","targetHints":{"allow":["GET"]}}],"collection":[{"href":"https:\/\/poppers-online.ch\/fr\/wp-json\/wp\/v2\/product"}],"about":[{"href":"https:\/\/poppers-online.ch\/fr\/wp-json\/wp\/v2\/types\/product"}],"replies":[{"embeddable":true,"href":"https:\/\/poppers-online.ch\/fr\/wp-json\/wp\/v2\/comments?post=123049"}],"wp:featuredmedia":[{"embeddable":true,"href":"https:\/\/poppers-online.ch\/fr\/wp-json\/wp\/v2\/media\/123044"}],"wp:attachment":[{"href":"https:\/\/poppers-online.ch\/fr\/wp-json\/wp\/v2\/media?parent=123049"}],"wp:term":[{"taxonomy":"product_brand","embeddable":true,"href":"https:\/\/poppers-online.ch\/fr\/wp-json\/wp\/v2\/product_brand?post=123049"},{"taxonomy":"product_cat","embeddable":true,"href":"https:\/\/poppers-online.ch\/fr\/wp-json\/wp\/v2\/product_cat?post=123049"},{"taxonomy":"product_tag","embeddable":true,"href":"https:\/\/poppers-online.ch\/fr\/wp-json\/wp\/v2\/product_tag?post=123049"}],"curies":[{"name":"wp","href":"https:\/\/api.w.org\/{rel}","templated":true}]}}