{"id":122134,"date":"2025-07-03T17:32:45","date_gmt":"2025-07-03T15:34:59","guid":{"rendered":"https:\/\/poppers-online.ch\/produkt\/cockring-monster-extreme-trucker\/"},"modified":"2026-04-06T09:14:46","modified_gmt":"2026-04-06T07:14:46","slug":"cockring-monster-extreme-trucker","status":"publish","type":"product","link":"https:\/\/poppers-online.ch\/fr\/produit\/cockring-monster-extreme-trucker\/","title":{"rendered":"Cockring Monster extr\u00eame Trucker"},"content":{"rendered":"","protected":false},"excerpt":{"rendered":"<p data-start=\"761\" data-end=\"1031\"><strong data-start=\"761\" data-end=\"797\">Extreme Monster Cockring Trucker<\/strong><br data-start=\"797\" data-end=\"800\">Notre anneau le plus grand et le plus voyant : \u00e9pais, flexible, inspir\u00e9 de la roue de skateboard, il attire \u00e0 coup s\u00fbr tous les regards. Populaire aupr\u00e8s des amateurs de sneakers et de chaussettes, mais tous ceux qui veulent garder leur p\u00e9nis dur et actif appr\u00e9cieront le maintien de cet anneau p\u00e9nien massif. <\/p>\n<p data-start=\"1033\" data-end=\"1056\"><strong data-start=\"1033\" data-end=\"1054\">Avantages de l&rsquo;Extreme Monster Cockring Trucker :<\/strong><\/p>\n<ul data-start=\"1057\" data-end=\"1217\">\n<li data-start=\"1057\" data-end=\"1079\">\n<p data-start=\"1059\" data-end=\"1079\">Agr\u00e9able \u00e0 porter<\/p>\n<\/li>\n<li data-start=\"1080\" data-end=\"1107\">\n<p data-start=\"1082\" data-end=\"1107\">Mat\u00e9riau tr\u00e8s flexible<\/p>\n<\/li>\n<li data-start=\"1108\" data-end=\"1136\">\n<p data-start=\"1110\" data-end=\"1136\">Haute qualit\u00e9 et longue dur\u00e9e de vie<\/p>\n<\/li>\n<li data-start=\"1137\" data-end=\"1174\">\n<p data-start=\"1139\" data-end=\"1174\">Compatible avec tous les lubrifiants<\/p>\n<\/li>\n<li data-start=\"1175\" data-end=\"1217\">\n<p data-start=\"1177\" data-end=\"1217\">Parfait pour les f\u00e9tichistes des baskets et des chaussettes<\/p>\n<\/li>\n<\/ul>\n<p data-start=\"1219\" data-end=\"1286\"><strong data-start=\"1219\" data-end=\"1252\">Meilleur en combinaison avec :<\/strong><br data-start=\"1252\" data-end=\"1255\"><a href=\"https:\/\/poppers-online.ch\/fr\/produit\/kinky-monster-extreme-poppers-10ml\/\">Kinky Monster Extreme Poppers<\/a><\/p>\n<p data-start=\"1288\" data-end=\"1313\"><strong data-start=\"1288\" data-end=\"1301\">Mat\u00e9riau :<\/strong><br data-start=\"1301\" data-end=\"1304\">Silicone<\/p>\n<p data-start=\"1315\" data-end=\"1377\"><strong data-start=\"1315\" data-end=\"1325\">Taille :<\/strong><br data-start=\"1325\" data-end=\"1328\">7 cm de diam\u00e8tre ext\u00e9rieur \/ 3,5 cm de diam\u00e8tre int\u00e9rieur<\/p>\n","protected":false},"featured_media":122127,"comment_status":"open","ping_status":"closed","template":"","meta":{"_acf_changed":false,"iawp_total_views":11,"_glsr_average":0,"_glsr_ranking":0,"_glsr_reviews":0},"product_brand":[],"product_cat":[2091,171],"product_tag":[],"class_list":{"0":"post-122134","1":"product","2":"type-product","3":"status-publish","4":"has-post-thumbnail","6":"product_cat-cock-play","7":"product_cat-sex-toys","9":"first","10":"instock","11":"taxable","12":"shipping-taxable","13":"purchasable","14":"product-type-simple"},"acf":[],"_links":{"self":[{"href":"https:\/\/poppers-online.ch\/fr\/wp-json\/wp\/v2\/product\/122134","targetHints":{"allow":["GET"]}}],"collection":[{"href":"https:\/\/poppers-online.ch\/fr\/wp-json\/wp\/v2\/product"}],"about":[{"href":"https:\/\/poppers-online.ch\/fr\/wp-json\/wp\/v2\/types\/product"}],"replies":[{"embeddable":true,"href":"https:\/\/poppers-online.ch\/fr\/wp-json\/wp\/v2\/comments?post=122134"}],"wp:featuredmedia":[{"embeddable":true,"href":"https:\/\/poppers-online.ch\/fr\/wp-json\/wp\/v2\/media\/122127"}],"wp:attachment":[{"href":"https:\/\/poppers-online.ch\/fr\/wp-json\/wp\/v2\/media?parent=122134"}],"wp:term":[{"taxonomy":"product_brand","embeddable":true,"href":"https:\/\/poppers-online.ch\/fr\/wp-json\/wp\/v2\/product_brand?post=122134"},{"taxonomy":"product_cat","embeddable":true,"href":"https:\/\/poppers-online.ch\/fr\/wp-json\/wp\/v2\/product_cat?post=122134"},{"taxonomy":"product_tag","embeddable":true,"href":"https:\/\/poppers-online.ch\/fr\/wp-json\/wp\/v2\/product_tag?post=122134"}],"curies":[{"name":"wp","href":"https:\/\/api.w.org\/{rel}","templated":true}]}}