{"id":122112,"date":"2025-07-03T16:45:16","date_gmt":"2025-07-03T15:15:20","guid":{"rendered":"https:\/\/poppers-online.ch\/produkt\/cockring-ultra-monster-noir\/"},"modified":"2026-04-04T07:05:58","modified_gmt":"2026-04-04T05:05:58","slug":"cockring-ultra-monster-noir","status":"publish","type":"product","link":"https:\/\/poppers-online.ch\/fr\/produit\/cockring-ultra-monster-noir\/","title":{"rendered":"Cockring Ultra Monster Noir"},"content":{"rendered":"","protected":false},"excerpt":{"rendered":"<p data-start=\"985\" data-end=\"1355\"><strong data-start=\"985\" data-end=\"1019\">Cockring Ultra Monster Noir<\/strong><br data-start=\"1019\" data-end=\"1022\">Plus large que notre Cockring Black Monster, ce mod\u00e8le va plus loin. Avec 2 cm de hauteur, il assure un stretch intense et un maintien ferme : serr\u00e9 au d\u00e9but, il devient puissant \u00e0 la fin. Id\u00e9al en solo ou port\u00e9 sur des anneaux en acier pour une tension maximale. Agr\u00e9able mais ferme &#8211; cet anneau vous maintient fermement pendant les longues sessions ou les moments en cage.   <\/p>\n<p data-start=\"1357\" data-end=\"1380\"><strong data-start=\"1357\" data-end=\"1378\">Cockring Ultra Monster Noir Avantages :<\/strong><\/p>\n<ul data-start=\"1381\" data-end=\"1555\">\n<li data-start=\"1381\" data-end=\"1424\">\n<p data-start=\"1383\" data-end=\"1424\">Parfait pour combiner avec des anneaux en acier<\/p>\n<\/li>\n<li data-start=\"1425\" data-end=\"1458\">\n<p data-start=\"1427\" data-end=\"1458\">Mat\u00e9riau extensible et flexible<\/p>\n<\/li>\n<li data-start=\"1459\" data-end=\"1487\">\n<p data-start=\"1461\" data-end=\"1487\">Haute qualit\u00e9 et longue dur\u00e9e de vie<\/p>\n<\/li>\n<li data-start=\"1488\" data-end=\"1525\">\n<p data-start=\"1490\" data-end=\"1525\">Compatible avec tous les lubrifiants<\/p>\n<\/li>\n<li data-start=\"1526\" data-end=\"1555\">\n<p data-start=\"1528\" data-end=\"1555\">Con\u00e7u pour tous les kinksters<\/p>\n<\/li>\n<\/ul>\n<p data-start=\"1557\" data-end=\"1629\"><strong data-start=\"1557\" data-end=\"1590\">Meilleur en combinaison avec :<\/strong><br data-start=\"1590\" data-end=\"1593\"><a href=\"https:\/\/poppers-online.ch\/fr\/produit\/kinky-monster-ultra-strong-poppers-10ml\/\">Kinky Monster Ultra Strong Poppers<\/a><\/p>\n<p data-start=\"1631\" data-end=\"1664\"><strong data-start=\"1631\" data-end=\"1644\">Mat\u00e9riau :<\/strong><br data-start=\"1644\" data-end=\"1647\">Silicone souple<\/p>\n<p data-start=\"1666\" data-end=\"1718\"><strong data-start=\"1666\" data-end=\"1676\">Taille :<\/strong><br data-start=\"1676\" data-end=\"1679\">5 cm ext\u00e9rieur \/ 3,5 cm int\u00e9rieur<br data-start=\"1704\" data-end=\"1707\">2 cm de haut<\/p>\n","protected":false},"featured_media":122090,"comment_status":"open","ping_status":"closed","template":"","meta":{"_acf_changed":false,"iawp_total_views":8,"_glsr_average":0,"_glsr_ranking":0,"_glsr_reviews":0},"product_brand":[],"product_cat":[2091,171],"product_tag":[],"class_list":{"0":"post-122112","1":"product","2":"type-product","3":"status-publish","4":"has-post-thumbnail","6":"product_cat-cock-play","7":"product_cat-sex-toys","9":"first","10":"instock","11":"taxable","12":"shipping-taxable","13":"purchasable","14":"product-type-simple"},"acf":[],"_links":{"self":[{"href":"https:\/\/poppers-online.ch\/fr\/wp-json\/wp\/v2\/product\/122112","targetHints":{"allow":["GET"]}}],"collection":[{"href":"https:\/\/poppers-online.ch\/fr\/wp-json\/wp\/v2\/product"}],"about":[{"href":"https:\/\/poppers-online.ch\/fr\/wp-json\/wp\/v2\/types\/product"}],"replies":[{"embeddable":true,"href":"https:\/\/poppers-online.ch\/fr\/wp-json\/wp\/v2\/comments?post=122112"}],"wp:featuredmedia":[{"embeddable":true,"href":"https:\/\/poppers-online.ch\/fr\/wp-json\/wp\/v2\/media\/122090"}],"wp:attachment":[{"href":"https:\/\/poppers-online.ch\/fr\/wp-json\/wp\/v2\/media?parent=122112"}],"wp:term":[{"taxonomy":"product_brand","embeddable":true,"href":"https:\/\/poppers-online.ch\/fr\/wp-json\/wp\/v2\/product_brand?post=122112"},{"taxonomy":"product_cat","embeddable":true,"href":"https:\/\/poppers-online.ch\/fr\/wp-json\/wp\/v2\/product_cat?post=122112"},{"taxonomy":"product_tag","embeddable":true,"href":"https:\/\/poppers-online.ch\/fr\/wp-json\/wp\/v2\/product_tag?post=122112"}],"curies":[{"name":"wp","href":"https:\/\/api.w.org\/{rel}","templated":true}]}}