{"id":122075,"date":"2025-07-03T16:24:11","date_gmt":"2025-07-03T14:27:49","guid":{"rendered":"https:\/\/poppers-online.ch\/produkt\/cockring-noir-monster-donut\/"},"modified":"2026-03-26T16:13:10","modified_gmt":"2026-03-26T15:13:10","slug":"cockring-noir-monster-donut","status":"publish","type":"product","link":"https:\/\/poppers-online.ch\/fr\/produit\/cockring-noir-monster-donut\/","title":{"rendered":"Cockring noir Monster Donut"},"content":{"rendered":"","protected":false},"excerpt":{"rendered":"<p data-start=\"955\" data-end=\"1263\"><strong data-start=\"955\" data-end=\"987\">Black Monster Cockring Donut<\/strong><br data-start=\"987\" data-end=\"990\">L&rsquo;anneau classique de tous les jours : silicone lisse et extensible d&rsquo;un noir profond &#8211; parfaitement assorti \u00e0 votre tenue en caoutchouc. Il tient bien en place, a de l&rsquo;allure et assure une pression r\u00e9guli\u00e8re avec style. Que vous portiez une tenue en caoutchouc compl\u00e8te ou seulement un chapeau en caoutchouc, cet anneau est indispensable.  <\/p>\n<p data-start=\"1265\" data-end=\"1288\"><strong data-start=\"1265\" data-end=\"1286\">Black Monster Cockring Donut Avantages :<\/strong><\/p>\n<ul data-start=\"1289\" data-end=\"1427\">\n<li data-start=\"1289\" data-end=\"1326\">\n<p data-start=\"1291\" data-end=\"1326\">Forme large pour un port confortable<\/p>\n<\/li>\n<li data-start=\"1327\" data-end=\"1349\">\n<p data-start=\"1329\" data-end=\"1349\">Mat\u00e9riau flexible<\/p>\n<\/li>\n<li data-start=\"1350\" data-end=\"1387\">\n<p data-start=\"1352\" data-end=\"1387\">Compatible avec tous les lubrifiants<\/p>\n<\/li>\n<li data-start=\"1388\" data-end=\"1427\">\n<p data-start=\"1390\" data-end=\"1427\">Con\u00e7u pour tous les kinksters en caoutchouc<\/p>\n<\/li>\n<\/ul>\n<p data-start=\"1429\" data-end=\"1494\"><strong data-start=\"1429\" data-end=\"1462\">Meilleure combinaison avec :<\/strong><br data-start=\"1462\" data-end=\"1465\">Kinky Monster Black Poppers<\/p>\n<p data-start=\"1496\" data-end=\"1521\"><strong data-start=\"1496\" data-end=\"1509\">Mat\u00e9riau :<\/strong><br data-start=\"1509\" data-end=\"1512\">Silicone<\/p>\n<p data-start=\"1523\" data-end=\"1563\"><strong data-start=\"1523\" data-end=\"1533\">Taille :<\/strong><br data-start=\"1533\" data-end=\"1536\">6 cm ext\u00e9rieur \/ 4,5 cm int\u00e9rieur<\/p>\n","protected":false},"featured_media":122069,"comment_status":"open","ping_status":"closed","template":"","meta":{"_acf_changed":false,"iawp_total_views":10,"_glsr_average":0,"_glsr_ranking":0,"_glsr_reviews":0},"product_brand":[],"product_cat":[2091,171],"product_tag":[],"class_list":{"0":"post-122075","1":"product","2":"type-product","3":"status-publish","4":"has-post-thumbnail","6":"product_cat-cock-play","7":"product_cat-sex-toys","9":"first","10":"instock","11":"taxable","12":"shipping-taxable","13":"purchasable","14":"product-type-simple"},"acf":[],"_links":{"self":[{"href":"https:\/\/poppers-online.ch\/fr\/wp-json\/wp\/v2\/product\/122075","targetHints":{"allow":["GET"]}}],"collection":[{"href":"https:\/\/poppers-online.ch\/fr\/wp-json\/wp\/v2\/product"}],"about":[{"href":"https:\/\/poppers-online.ch\/fr\/wp-json\/wp\/v2\/types\/product"}],"replies":[{"embeddable":true,"href":"https:\/\/poppers-online.ch\/fr\/wp-json\/wp\/v2\/comments?post=122075"}],"wp:featuredmedia":[{"embeddable":true,"href":"https:\/\/poppers-online.ch\/fr\/wp-json\/wp\/v2\/media\/122069"}],"wp:attachment":[{"href":"https:\/\/poppers-online.ch\/fr\/wp-json\/wp\/v2\/media?parent=122075"}],"wp:term":[{"taxonomy":"product_brand","embeddable":true,"href":"https:\/\/poppers-online.ch\/fr\/wp-json\/wp\/v2\/product_brand?post=122075"},{"taxonomy":"product_cat","embeddable":true,"href":"https:\/\/poppers-online.ch\/fr\/wp-json\/wp\/v2\/product_cat?post=122075"},{"taxonomy":"product_tag","embeddable":true,"href":"https:\/\/poppers-online.ch\/fr\/wp-json\/wp\/v2\/product_tag?post=122075"}],"curies":[{"name":"wp","href":"https:\/\/api.w.org\/{rel}","templated":true}]}}