{"id":122057,"date":"2025-07-03T16:02:15","date_gmt":"2025-07-03T14:11:17","guid":{"rendered":"https:\/\/poppers-online.ch\/produkt\/platinum-monster-cock-set-noir\/"},"modified":"2026-03-26T16:14:38","modified_gmt":"2026-03-26T15:14:38","slug":"platinum-monster-cock-set-noir","status":"publish","type":"product","link":"https:\/\/poppers-online.ch\/fr\/produit\/platinum-monster-cock-set-noir\/","title":{"rendered":"Platinum Monster Cock Set Noir"},"content":{"rendered":"","protected":false},"excerpt":{"rendered":"<p data-start=\"986\" data-end=\"1417\"><strong data-start=\"986\" data-end=\"1023\">Platinum Monster Cock Set Noir<\/strong><br data-start=\"1023\" data-end=\"1026\">Qu&rsquo;il soit simple ou voyant, ce trio en silicone s&rsquo;adapte autour de la hampe, de la base et\/ou des testicules. Vous n&rsquo;avez pas \u00e0 choisir &#8211; portez simplement les trois et faites poser votre Monster Cock dans toute sa splendeur. Con\u00e7u pour le confort et l&rsquo;endurance avec un maintien moyen. Id\u00e9al pour les sessions en solo, le toy-play ou les moments en miroir o\u00f9 vous voulez voir et sentir chaque centim\u00e8tre palpitant.   <\/p>\n<p data-start=\"1419\" data-end=\"1442\"><strong data-start=\"1419\" data-end=\"1440\">Platinum Monster Cock Set Noir Avantages :<\/strong><\/p>\n<ul data-start=\"1443\" data-end=\"1621\">\n<li data-start=\"1443\" data-end=\"1477\">\n<p data-start=\"1445\" data-end=\"1477\">Ensemble de 3 bagues diff\u00e9rentes<\/p>\n<\/li>\n<li data-start=\"1478\" data-end=\"1516\">\n<p data-start=\"1480\" data-end=\"1516\">Trois tailles pour un ajustement parfait<\/p>\n<\/li>\n<li data-start=\"1517\" data-end=\"1539\">\n<p data-start=\"1519\" data-end=\"1539\">Mat\u00e9riau flexible<\/p>\n<\/li>\n<li data-start=\"1540\" data-end=\"1560\">\n<p data-start=\"1542\" data-end=\"1560\">Look classique<\/p>\n<\/li>\n<li data-start=\"1561\" data-end=\"1583\">\n<p data-start=\"1563\" data-end=\"1583\">Id\u00e9al pour les d\u00e9butants<\/p>\n<\/li>\n<li data-start=\"1584\" data-end=\"1621\">\n<p data-start=\"1586\" data-end=\"1621\">Compatible avec tous les lubrifiants<\/p>\n<\/li>\n<\/ul>\n<p data-start=\"1623\" data-end=\"1691\"><strong data-start=\"1623\" data-end=\"1656\">Meilleur en combinaison avec :<\/strong><br data-start=\"1656\" data-end=\"1659\"><a href=\"https:\/\/poppers-online.ch\/fr\/produit\/kinky-monster-platinum-poppers-10ml\/\">Kinky Monster Platinum Poppers<\/a><\/p>\n<p data-start=\"1693\" data-end=\"1718\"><strong data-start=\"1693\" data-end=\"1706\">Mat\u00e9riau :<\/strong><br data-start=\"1706\" data-end=\"1709\">Silicone<\/p>\n<p data-start=\"1720\" data-end=\"1815\"><strong data-start=\"1720\" data-end=\"1731\">Tailles :<\/strong><br data-start=\"1731\" data-end=\"1734\">5 cm ext\u00e9rieur \/ 4 cm int\u00e9rieur<br data-start=\"1757\" data-end=\"1760\">4,5 cm ext\u00e9rieur \/ 3,5 cm int\u00e9rieur<br data-start=\"1787\" data-end=\"1790\">4 cm ext\u00e9rieur \/ 3 cm int\u00e9rieur<\/p>\n","protected":false},"featured_media":122041,"comment_status":"open","ping_status":"closed","template":"","meta":{"_acf_changed":false,"iawp_total_views":7,"_glsr_average":0,"_glsr_ranking":0,"_glsr_reviews":0},"product_brand":[],"product_cat":[2091,171],"product_tag":[],"class_list":{"0":"post-122057","1":"product","2":"type-product","3":"status-publish","4":"has-post-thumbnail","6":"product_cat-cock-play","7":"product_cat-sex-toys","9":"first","10":"instock","11":"taxable","12":"shipping-taxable","13":"purchasable","14":"product-type-simple"},"acf":[],"_links":{"self":[{"href":"https:\/\/poppers-online.ch\/fr\/wp-json\/wp\/v2\/product\/122057","targetHints":{"allow":["GET"]}}],"collection":[{"href":"https:\/\/poppers-online.ch\/fr\/wp-json\/wp\/v2\/product"}],"about":[{"href":"https:\/\/poppers-online.ch\/fr\/wp-json\/wp\/v2\/types\/product"}],"replies":[{"embeddable":true,"href":"https:\/\/poppers-online.ch\/fr\/wp-json\/wp\/v2\/comments?post=122057"}],"wp:featuredmedia":[{"embeddable":true,"href":"https:\/\/poppers-online.ch\/fr\/wp-json\/wp\/v2\/media\/122041"}],"wp:attachment":[{"href":"https:\/\/poppers-online.ch\/fr\/wp-json\/wp\/v2\/media?parent=122057"}],"wp:term":[{"taxonomy":"product_brand","embeddable":true,"href":"https:\/\/poppers-online.ch\/fr\/wp-json\/wp\/v2\/product_brand?post=122057"},{"taxonomy":"product_cat","embeddable":true,"href":"https:\/\/poppers-online.ch\/fr\/wp-json\/wp\/v2\/product_cat?post=122057"},{"taxonomy":"product_tag","embeddable":true,"href":"https:\/\/poppers-online.ch\/fr\/wp-json\/wp\/v2\/product_tag?post=122057"}],"curies":[{"name":"wp","href":"https:\/\/api.w.org\/{rel}","templated":true}]}}