{"id":122044,"date":"2025-07-03T15:35:20","date_gmt":"2025-07-03T14:03:55","guid":{"rendered":"https:\/\/poppers-online.ch\/produkt\/ensemble-original-monster-stacker\/"},"modified":"2025-07-03T16:03:55","modified_gmt":"2025-07-03T14:03:55","slug":"ensemble-original-monster-stacker","status":"publish","type":"product","link":"https:\/\/poppers-online.ch\/fr\/produit\/ensemble-original-monster-stacker\/","title":{"rendered":"Ensemble original Monster Stacker"},"content":{"rendered":"","protected":false},"excerpt":{"rendered":"<p data-start=\"185\" data-end=\"570\"><strong data-start=\"185\" data-end=\"217\">Original Monster Stacker Set<\/strong><br data-start=\"217\" data-end=\"220\">Empilez-les, \u00e9tirez-les, portez-les seuls ou en superposition. Ces anneaux flexibles en TPR sont livr\u00e9s par lot de 3 &#8211; parfaits pour un edging excitant, la pr\u00e9paration d&rsquo;une cage Cold Steel ou pour donner juste ce qu&rsquo;il faut de stretch \u00e0 votre rituel. Du d\u00e9butant au professionnel, ce kit est indispensable \u00e0 tout kit de jouets. Parce que trois, c&rsquo;est mieux qu&rsquo;un.   <\/p>\n<p data-start=\"572\" data-end=\"595\"><strong data-start=\"572\" data-end=\"593\">Avantages des monstres :<\/strong><\/p>\n<ul data-start=\"596\" data-end=\"811\">\n<li data-start=\"596\" data-end=\"631\">\n<p data-start=\"598\" data-end=\"631\">3 anneaux de couleurs diff\u00e9rentes<\/p>\n<\/li>\n<li data-start=\"632\" data-end=\"660\">\n<p data-start=\"634\" data-end=\"660\">Mat\u00e9riau super extensible<\/p>\n<\/li>\n<li data-start=\"661\" data-end=\"704\">\n<p data-start=\"663\" data-end=\"704\">Polyvalent &#8211; c&rsquo;est vous qui d\u00e9cidez<\/p>\n<\/li>\n<li data-start=\"705\" data-end=\"740\">\n<p data-start=\"707\" data-end=\"740\">Facile \u00e0 mettre et \u00e0 enlever<\/p>\n<\/li>\n<li data-start=\"741\" data-end=\"763\">\n<p data-start=\"743\" data-end=\"763\">Id\u00e9al pour les d\u00e9butants<\/p>\n<\/li>\n<li data-start=\"764\" data-end=\"811\">\n<p data-start=\"766\" data-end=\"811\">Compatible avec les lubrifiants \u00e0 base d&rsquo;eau<\/p>\n<\/li>\n<\/ul>\n<p data-start=\"813\" data-end=\"881\"><strong data-start=\"813\" data-end=\"846\">Meilleure combinaison avec :<\/strong><br data-start=\"846\" data-end=\"849\">Original Kinky Monster Poppers<\/p>\n<p data-start=\"883\" data-end=\"904\"><strong data-start=\"883\" data-end=\"896\">Mat\u00e9riau :<\/strong><br data-start=\"896\" data-end=\"899\">TPR<\/p>\n<p data-start=\"906\" data-end=\"946\"><strong data-start=\"906\" data-end=\"917\">Tailles :<\/strong><br data-start=\"917\" data-end=\"920\">3,5 cm ext\u00e9rieur, 2 cm int\u00e9rieur<\/p>\n","protected":false},"featured_media":122028,"comment_status":"open","ping_status":"closed","template":"","meta":{"_acf_changed":false,"iawp_total_views":7,"_glsr_average":0,"_glsr_ranking":0,"_glsr_reviews":0},"product_brand":[],"product_cat":[2091,171],"product_tag":[],"class_list":{"0":"post-122044","1":"product","2":"type-product","3":"status-publish","4":"has-post-thumbnail","6":"product_cat-cock-play","7":"product_cat-sex-toys","9":"first","10":"instock","11":"taxable","12":"shipping-taxable","13":"purchasable","14":"product-type-simple"},"acf":[],"_links":{"self":[{"href":"https:\/\/poppers-online.ch\/fr\/wp-json\/wp\/v2\/product\/122044","targetHints":{"allow":["GET"]}}],"collection":[{"href":"https:\/\/poppers-online.ch\/fr\/wp-json\/wp\/v2\/product"}],"about":[{"href":"https:\/\/poppers-online.ch\/fr\/wp-json\/wp\/v2\/types\/product"}],"replies":[{"embeddable":true,"href":"https:\/\/poppers-online.ch\/fr\/wp-json\/wp\/v2\/comments?post=122044"}],"wp:featuredmedia":[{"embeddable":true,"href":"https:\/\/poppers-online.ch\/fr\/wp-json\/wp\/v2\/media\/122028"}],"wp:attachment":[{"href":"https:\/\/poppers-online.ch\/fr\/wp-json\/wp\/v2\/media?parent=122044"}],"wp:term":[{"taxonomy":"product_brand","embeddable":true,"href":"https:\/\/poppers-online.ch\/fr\/wp-json\/wp\/v2\/product_brand?post=122044"},{"taxonomy":"product_cat","embeddable":true,"href":"https:\/\/poppers-online.ch\/fr\/wp-json\/wp\/v2\/product_cat?post=122044"},{"taxonomy":"product_tag","embeddable":true,"href":"https:\/\/poppers-online.ch\/fr\/wp-json\/wp\/v2\/product_tag?post=122044"}],"curies":[{"name":"wp","href":"https:\/\/api.w.org\/{rel}","templated":true}]}}