{"id":119289,"date":"2025-05-25T15:36:41","date_gmt":"2025-05-25T13:36:41","guid":{"rendered":"https:\/\/poppers-online.ch\/produkt\/sport-fucker-tpr-ergo-ball-stretcher-set-de-2-pieces-rouge\/"},"modified":"2025-05-26T14:15:23","modified_gmt":"2025-05-26T12:15:23","slug":"sport-fucker-tpr-ergo-ball-stretcher-set-de-2-pieces-rouge","status":"publish","type":"product","link":"https:\/\/poppers-online.ch\/fr\/produit\/sport-fucker-tpr-ergo-ball-stretcher-set-de-2-pieces-rouge\/","title":{"rendered":"Sport Fucker TPR Ergo Ball Stretcher Set de 2 pi\u00e8ces rouge"},"content":{"rendered":"","protected":false},"excerpt":{"rendered":"<p>Le <strong>Sport Fucker TPR Ergo Ball Stretcher Set de 2 pi\u00e8ces rouge<\/strong> contient les premiers \u00e9tireurs de testicules ergonomiques que vos couilles vont adorer. Ils ont \u00e9t\u00e9 con\u00e7us pour \u00e9treindre votre scrotum ainsi que la base de votre queue. Contrairement aux autres \u00e9tireurs de balle sur le march\u00e9, ceux-ci sont souples et extensibles, de sorte qu&rsquo;ils n&rsquo;\u00e9crasent pas les couilles trop durement. Elles sont con\u00e7ues pour \u00eatre port\u00e9es longtemps.   <\/p>\n<p>Nous proposons deux tailles \u00e0 ce prix exceptionnel, vous n&rsquo;avez donc pas \u00e0 vous soucier de la taille que vous voulez. Portez la longue, portez la courte ou portez les deux pour un ajustement serr\u00e9. Le Regular mesure 30 mm de haut et le Large 36 mm, tous deux avec un diam\u00e8tre int\u00e9rieur de 22 mm. Avec ce kit, vous obtenez les deux.   <\/p>\n<ul>\n<li>Le Sport Fucker TPR Ergo Ball Stretcher Set de 2 pi\u00e8ces rouge contient une version courte et une version longue<\/li>\n<li>S&rsquo;\u00e9tire \u00e0 plus de 400% de sa taille initiale<\/li>\n<li>Fabriqu\u00e9 \u00e0 partir du m\u00eame m\u00e9lange TPR super souple que l&rsquo;anneau Sport Fucker Sport original<\/li>\n<li>Peut \u00eatre utilis\u00e9 avec n&rsquo;importe quel lubrifiant<\/li>\n<\/ul>\n","protected":false},"featured_media":119286,"comment_status":"open","ping_status":"closed","template":"","meta":{"_acf_changed":false,"iawp_total_views":1,"_glsr_average":0,"_glsr_ranking":0,"_glsr_reviews":0},"product_brand":[],"product_cat":[2088,171],"product_tag":[],"class_list":{"0":"post-119289","1":"product","2":"type-product","3":"status-publish","4":"has-post-thumbnail","6":"product_cat-ball-play","7":"product_cat-sex-toys","9":"first","10":"instock","11":"taxable","12":"shipping-taxable","13":"purchasable","14":"product-type-simple"},"acf":[],"_links":{"self":[{"href":"https:\/\/poppers-online.ch\/fr\/wp-json\/wp\/v2\/product\/119289","targetHints":{"allow":["GET"]}}],"collection":[{"href":"https:\/\/poppers-online.ch\/fr\/wp-json\/wp\/v2\/product"}],"about":[{"href":"https:\/\/poppers-online.ch\/fr\/wp-json\/wp\/v2\/types\/product"}],"replies":[{"embeddable":true,"href":"https:\/\/poppers-online.ch\/fr\/wp-json\/wp\/v2\/comments?post=119289"}],"wp:featuredmedia":[{"embeddable":true,"href":"https:\/\/poppers-online.ch\/fr\/wp-json\/wp\/v2\/media\/119286"}],"wp:attachment":[{"href":"https:\/\/poppers-online.ch\/fr\/wp-json\/wp\/v2\/media?parent=119289"}],"wp:term":[{"taxonomy":"product_brand","embeddable":true,"href":"https:\/\/poppers-online.ch\/fr\/wp-json\/wp\/v2\/product_brand?post=119289"},{"taxonomy":"product_cat","embeddable":true,"href":"https:\/\/poppers-online.ch\/fr\/wp-json\/wp\/v2\/product_cat?post=119289"},{"taxonomy":"product_tag","embeddable":true,"href":"https:\/\/poppers-online.ch\/fr\/wp-json\/wp\/v2\/product_tag?post=119289"}],"curies":[{"name":"wp","href":"https:\/\/api.w.org\/{rel}","templated":true}]}}