{"id":119279,"date":"2025-05-25T15:12:45","date_gmt":"2025-05-25T13:16:00","guid":{"rendered":"https:\/\/poppers-online.ch\/produkt\/masturbateur-aqua-bubble\/"},"modified":"2025-05-26T13:58:24","modified_gmt":"2025-05-26T11:58:24","slug":"masturbateur-aqua-bubble","status":"publish","type":"product","link":"https:\/\/poppers-online.ch\/fr\/produit\/masturbateur-aqua-bubble\/","title":{"rendered":"Masturbateur Aqua Bubble"},"content":{"rendered":"","protected":false},"excerpt":{"rendered":"<p data-start=\"177\" data-end=\"246\"><strong data-start=\"177\" data-end=\"246\">Comme un jacuzzi pour votre p\u00e9nis &#8211; l&rsquo;extase pure en appuyant sur un bouton.<\/strong><\/p>\n<p data-start=\"248\" data-end=\"565\">Le <strong data-start=\"252\" data-end=\"279\">masturbateur Aqua Bubble<\/strong> de la <em data-start=\"288\" data-end=\"298\">gamme Fusion X<\/em> de <strong data-start=\"309\" data-end=\"326\">HIDDEN DESIRE<\/strong> fait passer la masturbation \u00e0 un tout autre niveau. Ce jouet innovant associe une <strong data-start=\"411\" data-end=\"450\">technologie brevet\u00e9e Aqua-Bubble<\/strong> \u00e0 de puissantes <strong data-start=\"467\" data-end=\"482\">vibrations<\/strong> &#8211; pour des sensations intenses et pulsatiles, de la tige jusqu&rsquo;au plus profond des testicules. <\/p>\n<p data-start=\"567\" data-end=\"877\">Avec <strong data-start=\"571\" data-end=\"588\">9<\/strong> <strong data-start=\"593\" data-end=\"613\">modes de<\/strong> <strong data-start=\"571\" data-end=\"588\">pulsation<\/strong> et <strong data-start=\"593\" data-end=\"613\">9 modes de vibration<\/strong>, <strong data-start=\"615\" data-end=\"631\">deux moteurs<\/strong> et <strong data-start=\"636\" data-end=\"662\">une \u00e9tanch\u00e9it\u00e9 IPX7<\/strong>, vous pouvez m\u00eame en profiter dans votre bain ou sous la douche, pour une exp\u00e9rience ultime et personnalis\u00e9e. Combin\u00e9e \u00e0 l&rsquo;eau, la stimulation donne l&rsquo;impression d&rsquo;un luxueux bain de bulles pour votre meilleur atout. <\/p>\n<h4 data-start=\"879\" data-end=\"899\"><strong data-start=\"884\" data-end=\"899\">Points forts :<\/strong><\/h4>\n<ul data-start=\"900\" data-end=\"1355\">\n<li data-start=\"900\" data-end=\"970\">\n<p data-start=\"902\" data-end=\"970\"><strong data-start=\"902\" data-end=\"929\">Technologie Aqua-Bubble<\/strong> &#8211; massage puls\u00e9 de la tige du p\u00e9nis<\/p>\n<\/li>\n<li data-start=\"971\" data-end=\"1038\">\n<p data-start=\"973\" data-end=\"1038\"><strong data-start=\"973\" data-end=\"1009\">9 modes de vibration &amp; 9 modes de pulsation<\/strong> &#8211; \u00e0 combiner individuellement<\/p>\n<\/li>\n<li data-start=\"1039\" data-end=\"1103\">\n<p data-start=\"1041\" data-end=\"1103\"><strong data-start=\"1041\" data-end=\"1067\">2 moteurs haute performance<\/strong> &#8211; perceptibles jusqu&rsquo;au niveau des testicules<\/p>\n<\/li>\n<li data-start=\"1104\" data-end=\"1154\">\n<p data-start=\"1106\" data-end=\"1154\"><strong data-start=\"1106\" data-end=\"1126\">Effet tourbillon<\/strong> lorsqu&rsquo;il est utilis\u00e9 avec de l&rsquo;eau<\/p>\n<\/li>\n<li data-start=\"1155\" data-end=\"1221\">\n<p data-start=\"1157\" data-end=\"1221\"><strong data-start=\"1157\" data-end=\"1192\">Id\u00e9al pour la douche ou le bain<\/strong> &#8211; 100 % \u00e9tanche (IPX7)<\/p>\n<\/li>\n<li data-start=\"1222\" data-end=\"1288\">\n<p data-start=\"1224\" data-end=\"1288\"><strong data-start=\"1224\" data-end=\"1247\">Savourer les mains libres<\/strong> &#8211; s&rsquo;asseoir et laisser venir<\/p>\n<\/li>\n<li data-start=\"1289\" data-end=\"1355\">\n<p data-start=\"1291\" data-end=\"1355\"><strong data-start=\"1291\" data-end=\"1310\">Rechargeable<\/strong> via USB avec une puissante batterie au lithium-ion<\/p>\n<\/li>\n<\/ul>\n<h4 data-start=\"1357\" data-end=\"1385\"><strong data-start=\"1362\" data-end=\"1385\">D\u00e9tails techniques :<\/strong><\/h4>\n<ul data-start=\"1386\" data-end=\"1732\">\n<li data-start=\"1386\" data-end=\"1412\">\n<p data-start=\"1388\" data-end=\"1412\"><strong data-start=\"1388\" data-end=\"1404\">Longueur totale :<\/strong> 16 cm<\/p>\n<\/li>\n<li data-start=\"1413\" data-end=\"1447\">\n<p data-start=\"1415\" data-end=\"1447\"><strong data-start=\"1415\" data-end=\"1436\">Diam\u00e8tre int\u00e9rieur :<\/strong> environ 9 cm<\/p>\n<\/li>\n<li data-start=\"1448\" data-end=\"1497\">\n<p data-start=\"1450\" data-end=\"1497\"><strong data-start=\"1450\" data-end=\"1463\">Mat\u00e9riaux :<\/strong> ABS (bo\u00eetier), silicone (manchon)<\/p>\n<\/li>\n<li data-start=\"1498\" data-end=\"1530\">\n<p data-start=\"1500\" data-end=\"1530\"><strong data-start=\"1500\" data-end=\"1513\">Dur\u00e9e :<\/strong> environ 50 minutes<\/p>\n<\/li>\n<li data-start=\"1531\" data-end=\"1564\">\n<p data-start=\"1533\" data-end=\"1564\"><strong data-start=\"1533\" data-end=\"1546\">Temps de charge :<\/strong> environ 150 minutes<\/p>\n<\/li>\n<li data-start=\"1565\" data-end=\"1616\">\n<p data-start=\"1567\" data-end=\"1616\"><strong data-start=\"1567\" data-end=\"1583\">\u00c9tanch\u00e9it\u00e9 :<\/strong> IPX7 &#8211; enti\u00e8rement immergeable<\/p>\n<\/li>\n<li data-start=\"1617\" data-end=\"1642\">\n<p data-start=\"1619\" data-end=\"1642\"><strong data-start=\"1619\" data-end=\"1633\">Vibration :<\/strong> 9 modes<\/p>\n<\/li>\n<li data-start=\"1643\" data-end=\"1668\">\n<p data-start=\"1645\" data-end=\"1668\"><strong data-start=\"1645\" data-end=\"1659\">Pulsation :<\/strong> 9 modes<\/p>\n<\/li>\n<li data-start=\"1669\" data-end=\"1687\">\n<p data-start=\"1671\" data-end=\"1687\"><strong data-start=\"1671\" data-end=\"1683\">Moteurs :<\/strong> 2<\/p>\n<\/li>\n<li data-start=\"1688\" data-end=\"1732\">\n<p data-start=\"1690\" data-end=\"1732\"><strong data-start=\"1690\" data-end=\"1699\">Batterie :<\/strong> lithium-ion, rechargeable<\/p>\n<\/li>\n<\/ul>\n<hr data-start=\"1734\" data-end=\"1737\">\n<p data-start=\"1739\" data-end=\"1858\"><strong data-start=\"1739\" data-end=\"1808\">Le masturbateur Aqua Bubble &#8211; comme une journ\u00e9e de spa pour votre bite.<\/strong><br data-start=\"1808\" data-end=\"1811\">Commandez maintenant et d\u00e9couvrez un plaisir sans limites !<\/p>\n","protected":false},"featured_media":119274,"comment_status":"open","ping_status":"closed","template":"","meta":{"_acf_changed":false,"iawp_total_views":17,"_glsr_average":0,"_glsr_ranking":0,"_glsr_reviews":0},"product_brand":[],"product_cat":[2094,171],"product_tag":[],"class_list":{"0":"post-119279","1":"product","2":"type-product","3":"status-publish","4":"has-post-thumbnail","6":"product_cat-masturbateur","7":"product_cat-sex-toys","9":"first","10":"instock","11":"taxable","12":"shipping-taxable","13":"purchasable","14":"product-type-simple"},"acf":[],"_links":{"self":[{"href":"https:\/\/poppers-online.ch\/fr\/wp-json\/wp\/v2\/product\/119279","targetHints":{"allow":["GET"]}}],"collection":[{"href":"https:\/\/poppers-online.ch\/fr\/wp-json\/wp\/v2\/product"}],"about":[{"href":"https:\/\/poppers-online.ch\/fr\/wp-json\/wp\/v2\/types\/product"}],"replies":[{"embeddable":true,"href":"https:\/\/poppers-online.ch\/fr\/wp-json\/wp\/v2\/comments?post=119279"}],"wp:featuredmedia":[{"embeddable":true,"href":"https:\/\/poppers-online.ch\/fr\/wp-json\/wp\/v2\/media\/119274"}],"wp:attachment":[{"href":"https:\/\/poppers-online.ch\/fr\/wp-json\/wp\/v2\/media?parent=119279"}],"wp:term":[{"taxonomy":"product_brand","embeddable":true,"href":"https:\/\/poppers-online.ch\/fr\/wp-json\/wp\/v2\/product_brand?post=119279"},{"taxonomy":"product_cat","embeddable":true,"href":"https:\/\/poppers-online.ch\/fr\/wp-json\/wp\/v2\/product_cat?post=119279"},{"taxonomy":"product_tag","embeddable":true,"href":"https:\/\/poppers-online.ch\/fr\/wp-json\/wp\/v2\/product_tag?post=119279"}],"curies":[{"name":"wp","href":"https:\/\/api.w.org\/{rel}","templated":true}]}}