{"id":119237,"date":"2025-05-25T14:54:35","date_gmt":"2025-05-25T12:54:35","guid":{"rendered":"https:\/\/poppers-online.ch\/produkt\/sport-fucker-3-way-rouge\/"},"modified":"2025-05-26T12:32:53","modified_gmt":"2025-05-26T10:32:53","slug":"sport-fucker-3-way-rouge","status":"publish","type":"product","link":"https:\/\/poppers-online.ch\/fr\/produit\/sport-fucker-3-way-rouge\/","title":{"rendered":"Sport Fucker 3-Way rouge"},"content":{"rendered":"","protected":false},"excerpt":{"rendered":"<p>Le <strong>Sport Fucker 3-Way rouge<\/strong> est extr\u00eamement flexible et super extensible. Il est fabriqu\u00e9 en caoutchouc TPR solide et tr\u00e8s flexible. Anneau pour le cock, le ball ou la tige. Cockring avec extenseur de balle. Cockring avec support de godemich\u00e9 ou de plug. Voil\u00e0 la flexibilit\u00e9 d&rsquo;utilisation du 3-Way !     <\/p>\n<p>Mat\u00e9riel : TPR<br \/>\nCouleur : rouge<br \/>\nFabricant : Sport Fucker<\/p>\n","protected":false},"featured_media":119230,"comment_status":"open","ping_status":"closed","template":"","meta":{"_acf_changed":false,"iawp_total_views":8,"_glsr_average":0,"_glsr_ranking":0,"_glsr_reviews":0},"product_brand":[],"product_cat":[2088,2091,171],"product_tag":[],"class_list":{"0":"post-119237","1":"product","2":"type-product","3":"status-publish","4":"has-post-thumbnail","6":"product_cat-ball-play","7":"product_cat-cock-play","8":"product_cat-sex-toys","10":"first","11":"instock","12":"taxable","13":"shipping-taxable","14":"purchasable","15":"product-type-simple"},"acf":[],"_links":{"self":[{"href":"https:\/\/poppers-online.ch\/fr\/wp-json\/wp\/v2\/product\/119237","targetHints":{"allow":["GET"]}}],"collection":[{"href":"https:\/\/poppers-online.ch\/fr\/wp-json\/wp\/v2\/product"}],"about":[{"href":"https:\/\/poppers-online.ch\/fr\/wp-json\/wp\/v2\/types\/product"}],"replies":[{"embeddable":true,"href":"https:\/\/poppers-online.ch\/fr\/wp-json\/wp\/v2\/comments?post=119237"}],"wp:featuredmedia":[{"embeddable":true,"href":"https:\/\/poppers-online.ch\/fr\/wp-json\/wp\/v2\/media\/119230"}],"wp:attachment":[{"href":"https:\/\/poppers-online.ch\/fr\/wp-json\/wp\/v2\/media?parent=119237"}],"wp:term":[{"taxonomy":"product_brand","embeddable":true,"href":"https:\/\/poppers-online.ch\/fr\/wp-json\/wp\/v2\/product_brand?post=119237"},{"taxonomy":"product_cat","embeddable":true,"href":"https:\/\/poppers-online.ch\/fr\/wp-json\/wp\/v2\/product_cat?post=119237"},{"taxonomy":"product_tag","embeddable":true,"href":"https:\/\/poppers-online.ch\/fr\/wp-json\/wp\/v2\/product_tag?post=119237"}],"curies":[{"name":"wp","href":"https:\/\/api.w.org\/{rel}","templated":true}]}}