{"id":119233,"date":"2025-05-25T14:46:20","date_gmt":"2025-05-25T12:46:20","guid":{"rendered":"https:\/\/poppers-online.ch\/produkt\/masturbateur-milking-master\/"},"modified":"2026-03-27T01:26:19","modified_gmt":"2026-03-27T00:26:19","slug":"masturbateur-milking-master","status":"publish","type":"product","link":"https:\/\/poppers-online.ch\/fr\/produit\/masturbateur-milking-master\/","title":{"rendered":"Masturbateur Milking Master"},"content":{"rendered":"","protected":false},"excerpt":{"rendered":"<p data-start=\"140\" data-end=\"218\"><strong data-start=\"140\" data-end=\"218\">Envie de jouir sans effort ? Le masturbateur Milking Master fait tout pour vous. <\/strong><\/p>\n<p data-start=\"220\" data-end=\"556\">Le <strong data-start=\"224\" data-end=\"254\">masturbateur Milking Master<\/strong> est votre nouveau diffuseur de plaisir high-tech &#8211; pour un plaisir intense et r\u00e9aliste sans les mains. D\u00e9velopp\u00e9 \u00e0 partir de la <em data-start=\"359\" data-end=\"369\">gamme Fusion X<\/em> de <strong data-start=\"380\" data-end=\"397\">HIDDEN DESIRE<\/strong>, ce jouet combine <strong data-start=\"443\" data-end=\"472\">une technologie<\/strong> innovante <strong data-start=\"443\" data-end=\"472\">de mouvements de traite<\/strong> avec de puissantes <strong data-start=\"489\" data-end=\"510\">vibrations profondes<\/strong> &#8211; pour une double stimulation et un plaisir maximal. <\/p>\n<p data-start=\"558\" data-end=\"864\">Avec <strong data-start=\"562\" data-end=\"577\">5 modes de traite<\/strong> et <strong data-start=\"582\" data-end=\"604\">5 niveaux de vibration<\/strong>, vous contr\u00f4lez votre plaisir de mani\u00e8re individuelle. L&rsquo;insert en TPE doux et structur\u00e9 assure une sensation \u00e0 fleur de peau et une tenue parfaite. Gr\u00e2ce \u00e0 <strong data-start=\"744\" data-end=\"761\">la recharge USB<\/strong> et <strong data-start=\"766\" data-end=\"795\">\u00e0 la protection contre les projections d&rsquo;eau (IPX4)<\/strong>, tu peux en profiter partout de mani\u00e8re flexible &#8211; sans stress, sans effort.  <\/p>\n<h4 data-start=\"866\" data-end=\"886\"><strong data-start=\"871\" data-end=\"886\">Points forts :<\/strong><\/h4>\n<ul data-start=\"887\" data-end=\"1294\">\n<li data-start=\"887\" data-end=\"962\">\n<p data-start=\"889\" data-end=\"962\"><strong data-start=\"889\" data-end=\"917\">Stimulation \u00e0 deux niveaux :<\/strong> mouvement de traite rythmique + vibration profonde<\/p>\n<\/li>\n<li data-start=\"963\" data-end=\"1023\">\n<p data-start=\"965\" data-end=\"1023\"><strong data-start=\"965\" data-end=\"1001\">5 modes de traite &amp; 5 niveaux de vibration<\/strong> &#8211; \u00e0 combiner librement<\/p>\n<\/li>\n<li data-start=\"1024\" data-end=\"1087\">\n<p data-start=\"1026\" data-end=\"1087\"><strong data-start=\"1026\" data-end=\"1050\">Fonctionnement mains libres<\/strong> &#8211; aucun effort manuel n\u00e9cessaire<\/p>\n<\/li>\n<li data-start=\"1088\" data-end=\"1158\">\n<p data-start=\"1090\" data-end=\"1158\"><strong data-start=\"1090\" data-end=\"1122\">Int\u00e9rieur en TPE ultra-souple<\/strong> &#8211; sensation r\u00e9aliste proche de la peau<\/p>\n<\/li>\n<li data-start=\"1159\" data-end=\"1225\">\n<p data-start=\"1161\" data-end=\"1225\"><strong data-start=\"1161\" data-end=\"1188\">Rechargeable par USB<\/strong> avec batterie lithium-ion longue dur\u00e9e<\/p>\n<\/li>\n<li data-start=\"1226\" data-end=\"1294\">\n<p data-start=\"1228\" data-end=\"1294\"><strong data-start=\"1228\" data-end=\"1260\">R\u00e9sistance aux \u00e9claboussures (IPX4)<\/strong> &#8211; pour une utilisation s\u00fbre partout<\/p>\n<\/li>\n<\/ul>\n<h4 data-start=\"1296\" data-end=\"1324\"><strong data-start=\"1301\" data-end=\"1324\">D\u00e9tails techniques :<\/strong><\/h4>\n<ul data-start=\"1325\" data-end=\"1618\">\n<li data-start=\"1325\" data-end=\"1355\">\n<p data-start=\"1327\" data-end=\"1355\"><strong data-start=\"1327\" data-end=\"1343\">Dimensions du produit :<\/strong> 28 \u00d7 9 cm<\/p>\n<\/li>\n<li data-start=\"1356\" data-end=\"1388\">\n<p data-start=\"1358\" data-end=\"1388\"><strong data-start=\"1358\" data-end=\"1380\">Longueur d&rsquo;insertion :<\/strong> 15 cm<\/p>\n<\/li>\n<li data-start=\"1389\" data-end=\"1428\">\n<p data-start=\"1391\" data-end=\"1428\"><strong data-start=\"1391\" data-end=\"1415\">Diam\u00e8tre (int\u00e9rieur) :<\/strong> environ 3,5 cm<\/p>\n<\/li>\n<li data-start=\"1429\" data-end=\"1488\">\n<p data-start=\"1431\" data-end=\"1488\"><strong data-start=\"1431\" data-end=\"1447\">Mat\u00e9riaux :<\/strong> Plastique ABS (bo\u00eetier), TPE (manchon)<\/p>\n<\/li>\n<li data-start=\"1489\" data-end=\"1541\">\n<p data-start=\"1491\" data-end=\"1541\"><strong data-start=\"1491\" data-end=\"1500\">Batterie :<\/strong> lithium-ion, rechargeable par USB<\/p>\n<\/li>\n<li data-start=\"1542\" data-end=\"1567\">\n<p data-start=\"1544\" data-end=\"1567\"><strong data-start=\"1544\" data-end=\"1558\">Vibration :<\/strong> 5 modes<\/p>\n<\/li>\n<li data-start=\"1568\" data-end=\"1618\">\n<p data-start=\"1570\" data-end=\"1618\"><strong data-start=\"1570\" data-end=\"1587\">Protection contre l&rsquo;eau :<\/strong> IPX4 (protection contre les \u00e9claboussures)<\/p>\n<\/li>\n<\/ul>\n","protected":false},"featured_media":119222,"comment_status":"open","ping_status":"closed","template":"","meta":{"_acf_changed":false,"iawp_total_views":179,"_glsr_average":0,"_glsr_ranking":0,"_glsr_reviews":0},"product_brand":[],"product_cat":[2094,171],"product_tag":[],"class_list":{"0":"post-119233","1":"product","2":"type-product","3":"status-publish","4":"has-post-thumbnail","6":"product_cat-masturbateur","7":"product_cat-sex-toys","9":"first","10":"outofstock","11":"taxable","12":"shipping-taxable","13":"purchasable","14":"product-type-simple"},"acf":[],"_links":{"self":[{"href":"https:\/\/poppers-online.ch\/fr\/wp-json\/wp\/v2\/product\/119233","targetHints":{"allow":["GET"]}}],"collection":[{"href":"https:\/\/poppers-online.ch\/fr\/wp-json\/wp\/v2\/product"}],"about":[{"href":"https:\/\/poppers-online.ch\/fr\/wp-json\/wp\/v2\/types\/product"}],"replies":[{"embeddable":true,"href":"https:\/\/poppers-online.ch\/fr\/wp-json\/wp\/v2\/comments?post=119233"}],"wp:featuredmedia":[{"embeddable":true,"href":"https:\/\/poppers-online.ch\/fr\/wp-json\/wp\/v2\/media\/119222"}],"wp:attachment":[{"href":"https:\/\/poppers-online.ch\/fr\/wp-json\/wp\/v2\/media?parent=119233"}],"wp:term":[{"taxonomy":"product_brand","embeddable":true,"href":"https:\/\/poppers-online.ch\/fr\/wp-json\/wp\/v2\/product_brand?post=119233"},{"taxonomy":"product_cat","embeddable":true,"href":"https:\/\/poppers-online.ch\/fr\/wp-json\/wp\/v2\/product_cat?post=119233"},{"taxonomy":"product_tag","embeddable":true,"href":"https:\/\/poppers-online.ch\/fr\/wp-json\/wp\/v2\/product_tag?post=119233"}],"curies":[{"name":"wp","href":"https:\/\/api.w.org\/{rel}","templated":true}]}}