{"id":119181,"date":"2025-05-25T14:15:14","date_gmt":"2025-05-25T12:15:14","guid":{"rendered":"https:\/\/poppers-online.ch\/produkt\/godemiche-dong-43-cm-extreme-de-hidden-desire\/"},"modified":"2025-05-26T12:14:09","modified_gmt":"2025-05-26T10:14:09","slug":"godemiche-dong-43-cm-extreme-de-hidden-desire","status":"publish","type":"product","link":"https:\/\/poppers-online.ch\/fr\/produit\/godemiche-dong-43-cm-extreme-de-hidden-desire\/","title":{"rendered":"Godemich\u00e9 Dong 43cm &#8211; Extr\u00eame de HIDDEN DESIRE"},"content":{"rendered":"","protected":false},"excerpt":{"rendered":"<h3 data-start=\"150\" data-end=\"202\"><strong data-start=\"154\" data-end=\"202\">Godemich\u00e9 Dong 43cm &#8211; Extr\u00eame de HIDDEN DESIRE<\/strong><\/h3>\n<p data-start=\"204\" data-end=\"285\"><strong data-start=\"204\" data-end=\"285\">Pr\u00eat pour le d\u00e9fi ultime ? Ce gode d\u00e9passe toutes les limites. <\/strong><\/p>\n<p data-start=\"287\" data-end=\"561\">Le <strong data-start=\"291\" data-end=\"311\">godemich\u00e9 Dong 43cm<\/strong> de la <em data-start=\"320\" data-end=\"329\">collection Extreme<\/em> de HIDDEN DESIRE n&rsquo;est pas un jouet pour d\u00e9butants. Avec une <strong data-start=\"418\" data-end=\"437\">longueur<\/strong> impressionnante <strong data-start=\"418\" data-end=\"437\">de 43cm<\/strong> et un <strong data-start=\"448\" data-end=\"474\">diam\u00e8tre de 8,5cm<\/strong>, il s&rsquo;adresse \u00e0 tous ceux qui ne veulent pas faire de compromis en mati\u00e8re de plaisir XXL. <\/p>\n<p data-start=\"563\" data-end=\"886\">Fabriqu\u00e9 en <strong data-start=\"601\" data-end=\"608\">PVC<\/strong> lisse et glissant et dot\u00e9 d&rsquo;une large base, ce godemich\u00e9 peut \u00eatre utilis\u00e9 en toute s\u00e9curit\u00e9 et confortablement, que vous soyez seul ou \u00e0 deux. Une fois qu&rsquo;il est profond\u00e9ment enfonc\u00e9, vous pouvez vous d\u00e9placer de haut en bas et vous approcher d&rsquo;un orgasme qui vous secouera jusqu&rsquo;\u00e0 la moelle. <\/p>\n<h4 data-start=\"888\" data-end=\"908\"><strong data-start=\"893\" data-end=\"908\">Points forts :<\/strong><\/h4>\n<ul data-start=\"909\" data-end=\"1180\">\n<li data-start=\"909\" data-end=\"975\">\n<p data-start=\"911\" data-end=\"975\">Gode XXL extra long et \u00e9pais pour les utilisateurs* exp\u00e9riment\u00e9s<\/p>\n<\/li>\n<li data-start=\"976\" data-end=\"1002\">\n<p data-start=\"978\" data-end=\"1002\"><strong data-start=\"978\" data-end=\"994\">Longueur totale :<\/strong> 43cm<\/p>\n<\/li>\n<li data-start=\"1003\" data-end=\"1030\">\n<p data-start=\"1005\" data-end=\"1030\"><strong data-start=\"1005\" data-end=\"1021\">Diam\u00e8tre :<\/strong> 8,5cm<\/p>\n<\/li>\n<li data-start=\"1031\" data-end=\"1070\">\n<p data-start=\"1033\" data-end=\"1070\"><strong data-start=\"1052\" data-end=\"1068\">Mat\u00e9riau PVC<\/strong> lisse et flexible<\/p>\n<\/li>\n<li data-start=\"1071\" data-end=\"1123\">\n<p data-start=\"1073\" data-end=\"1123\">Base large pour une s\u00e9curit\u00e9 et un contr\u00f4le maximum<\/p>\n<\/li>\n<li data-start=\"1124\" data-end=\"1180\">\n<p data-start=\"1126\" data-end=\"1180\">Parfait pour un jeu anal extr\u00eame et une p\u00e9n\u00e9tration profonde<\/p>\n<\/li>\n<\/ul>\n<hr data-start=\"1182\" data-end=\"1185\">\n<p data-start=\"1187\" data-end=\"1325\"><strong data-start=\"1187\" data-end=\"1267\">Faites face au plaisir le plus extr\u00eame &#8211; avec le godemich\u00e9 Dong 43cm de HIDDEN DESIRE.<\/strong><br \/>Commandez maintenant &amp; lib\u00e9rez vos fantasmes les plus fous !<\/p>\n","protected":false},"featured_media":119170,"comment_status":"open","ping_status":"closed","template":"","meta":{"_acf_changed":false,"iawp_total_views":39,"_glsr_average":0,"_glsr_ranking":0,"_glsr_reviews":0},"product_brand":[],"product_cat":[2085,171],"product_tag":[],"class_list":{"0":"post-119181","1":"product","2":"type-product","3":"status-publish","4":"has-post-thumbnail","6":"product_cat-anal-play","7":"product_cat-sex-toys","9":"first","10":"instock","11":"taxable","12":"shipping-taxable","13":"purchasable","14":"product-type-simple"},"acf":[],"_links":{"self":[{"href":"https:\/\/poppers-online.ch\/fr\/wp-json\/wp\/v2\/product\/119181","targetHints":{"allow":["GET"]}}],"collection":[{"href":"https:\/\/poppers-online.ch\/fr\/wp-json\/wp\/v2\/product"}],"about":[{"href":"https:\/\/poppers-online.ch\/fr\/wp-json\/wp\/v2\/types\/product"}],"replies":[{"embeddable":true,"href":"https:\/\/poppers-online.ch\/fr\/wp-json\/wp\/v2\/comments?post=119181"}],"wp:featuredmedia":[{"embeddable":true,"href":"https:\/\/poppers-online.ch\/fr\/wp-json\/wp\/v2\/media\/119170"}],"wp:attachment":[{"href":"https:\/\/poppers-online.ch\/fr\/wp-json\/wp\/v2\/media?parent=119181"}],"wp:term":[{"taxonomy":"product_brand","embeddable":true,"href":"https:\/\/poppers-online.ch\/fr\/wp-json\/wp\/v2\/product_brand?post=119181"},{"taxonomy":"product_cat","embeddable":true,"href":"https:\/\/poppers-online.ch\/fr\/wp-json\/wp\/v2\/product_cat?post=119181"},{"taxonomy":"product_tag","embeddable":true,"href":"https:\/\/poppers-online.ch\/fr\/wp-json\/wp\/v2\/product_tag?post=119181"}],"curies":[{"name":"wp","href":"https:\/\/api.w.org\/{rel}","templated":true}]}}