{"id":119180,"date":"2025-05-25T14:12:02","date_gmt":"2025-05-25T12:12:02","guid":{"rendered":"https:\/\/poppers-online.ch\/produkt\/sport-fucker-the-slinger-ring-black\/"},"modified":"2025-05-26T12:02:08","modified_gmt":"2025-05-26T10:02:08","slug":"sport-fucker-the-slinger-ring-black","status":"publish","type":"product","link":"https:\/\/poppers-online.ch\/fr\/produit\/sport-fucker-the-slinger-ring-black\/","title":{"rendered":"Sport Fucker The Slinger Ring Black"},"content":{"rendered":"","protected":false},"excerpt":{"rendered":"<p>Le <strong>Sport Fucker The Slinger Ring Black<\/strong> est \u00e0 la fois un cock ring et un ball stretcher. Il offre deux possibilit\u00e9s en tant qu&rsquo;anneau : Le SLINGER en \u00e9lastoplaste super flexible (TPE) est parfait comme cockring, mais peut aussi \u00eatre utilis\u00e9 comme ballstretcher &#8211; ce dernier surtout si vous \u00eates l&rsquo;heureux propri\u00e9taire d&rsquo;un scrotum particuli\u00e8rement volumineux. <\/p>\n<p>Couleur : noir<br \/>\nMati\u00e8re : TPE<br \/>\nFabricant : Sport Fucker<\/p>\n","protected":false},"featured_media":119174,"comment_status":"open","ping_status":"closed","template":"","meta":{"_acf_changed":false,"iawp_total_views":6,"_glsr_average":0,"_glsr_ranking":0,"_glsr_reviews":0},"product_brand":[],"product_cat":[2088,2091,171],"product_tag":[],"class_list":{"0":"post-119180","1":"product","2":"type-product","3":"status-publish","4":"has-post-thumbnail","6":"product_cat-ball-play","7":"product_cat-cock-play","8":"product_cat-sex-toys","10":"first","11":"outofstock","12":"taxable","13":"shipping-taxable","14":"purchasable","15":"product-type-simple"},"acf":[],"_links":{"self":[{"href":"https:\/\/poppers-online.ch\/fr\/wp-json\/wp\/v2\/product\/119180","targetHints":{"allow":["GET"]}}],"collection":[{"href":"https:\/\/poppers-online.ch\/fr\/wp-json\/wp\/v2\/product"}],"about":[{"href":"https:\/\/poppers-online.ch\/fr\/wp-json\/wp\/v2\/types\/product"}],"replies":[{"embeddable":true,"href":"https:\/\/poppers-online.ch\/fr\/wp-json\/wp\/v2\/comments?post=119180"}],"wp:featuredmedia":[{"embeddable":true,"href":"https:\/\/poppers-online.ch\/fr\/wp-json\/wp\/v2\/media\/119174"}],"wp:attachment":[{"href":"https:\/\/poppers-online.ch\/fr\/wp-json\/wp\/v2\/media?parent=119180"}],"wp:term":[{"taxonomy":"product_brand","embeddable":true,"href":"https:\/\/poppers-online.ch\/fr\/wp-json\/wp\/v2\/product_brand?post=119180"},{"taxonomy":"product_cat","embeddable":true,"href":"https:\/\/poppers-online.ch\/fr\/wp-json\/wp\/v2\/product_cat?post=119180"},{"taxonomy":"product_tag","embeddable":true,"href":"https:\/\/poppers-online.ch\/fr\/wp-json\/wp\/v2\/product_tag?post=119180"}],"curies":[{"name":"wp","href":"https:\/\/api.w.org\/{rel}","templated":true}]}}