{"id":119148,"date":"2025-05-25T13:47:08","date_gmt":"2025-05-25T11:47:08","guid":{"rendered":"https:\/\/poppers-online.ch\/produkt\/godemiche-dong-xtra-thick-32-cm-extreme-de-hidden-desire\/"},"modified":"2025-05-26T11:49:57","modified_gmt":"2025-05-26T09:49:57","slug":"godemiche-dong-xtra-thick-32-cm-extreme-de-hidden-desire","status":"publish","type":"product","link":"https:\/\/poppers-online.ch\/fr\/produit\/godemiche-dong-xtra-thick-32-cm-extreme-de-hidden-desire\/","title":{"rendered":"Godemich\u00e9 Dong Xtra Thick 32cm &#8211; Extr\u00eame de HIDDEN DESIRE"},"content":{"rendered":"","protected":false},"excerpt":{"rendered":"<h3 data-start=\"161\" data-end=\"226\">Godemich\u00e9 Dong Xtra Thick 32cm &#8211; Extr\u00eame de HIDDEN DESIRE<\/h3>\n<p data-start=\"228\" data-end=\"299\"><strong data-start=\"228\" data-end=\"299\">Pour tous ceux qui aiment le XXL &#8211; ce godemich\u00e9 ne fait aucun compromis.<\/strong><\/p>\n<p data-start=\"301\" data-end=\"570\">Le <strong data-start=\"305\" data-end=\"338\">godemich\u00e9<\/strong> <strong data-start=\"305\" data-end=\"338\">Dong Xtra Thick 32cm <\/strong>de la <em data-start=\"347\" data-end=\"356\">collection Extreme<\/em> de HIDDEN DESIRE est fait pour les vrais professionnels du plaisir. Avec un diam\u00e8tre puissant de 8 cm et une longueur de 33 cm, il vous met au d\u00e9fi &#8211; parfait pour ceux qui veulent red\u00e9couvrir leurs limites. <\/p>\n<p data-start=\"572\" data-end=\"830\">Fabriqu\u00e9 en PVC lisse et glissant et dot\u00e9 d&rsquo;une base large et stable, ce godemich\u00e9 vous assure des aventures anales s\u00fbres et intenses. Lorsqu&rsquo;il est profond\u00e9ment enfonc\u00e9, vous pouvez vous d\u00e9placer de haut en bas sur lui &#8211; pour un point culminant qui vous secoue. <\/p>\n<h4 data-start=\"832\" data-end=\"852\"><strong data-start=\"837\" data-end=\"852\">Points forts :<\/strong><\/h4>\n<ul data-start=\"853\" data-end=\"1099\">\n<li data-start=\"853\" data-end=\"897\">\n<p data-start=\"855\" data-end=\"897\">Godemich\u00e9 XXL pour une stimulation anale intense<\/p>\n<\/li>\n<li data-start=\"898\" data-end=\"924\">\n<p data-start=\"900\" data-end=\"924\"><strong data-start=\"900\" data-end=\"916\">Longueur totale :<\/strong> 32cm<\/p>\n<\/li>\n<li data-start=\"925\" data-end=\"950\">\n<p data-start=\"927\" data-end=\"950\"><strong data-start=\"927\" data-end=\"943\">Diam\u00e8tre :<\/strong> 8cm<\/p>\n<\/li>\n<li data-start=\"951\" data-end=\"993\">\n<p data-start=\"953\" data-end=\"993\"><strong data-start=\"975\" data-end=\"991\">Mat\u00e9riau PVC<\/strong> souple de haute qualit\u00e9<\/p>\n<\/li>\n<li data-start=\"994\" data-end=\"1044\">\n<p data-start=\"996\" data-end=\"1044\">Large base de s\u00e9curit\u00e9 &#8211; stable &amp; confortable<\/p>\n<\/li>\n<li data-start=\"1045\" data-end=\"1099\">\n<p data-start=\"1047\" data-end=\"1099\">Id\u00e9al pour les utilisateurs* exp\u00e9riment\u00e9s et les exercices d&rsquo;\u00e9tirement<\/p>\n<\/li>\n<\/ul>\n<hr data-start=\"1101\" data-end=\"1104\">\n<p data-start=\"1106\" data-end=\"1242\"><strong data-start=\"1106\" data-end=\"1191\">Faites l&rsquo;exp\u00e9rience d&rsquo;un plaisir extr\u00eame avec le godemich\u00e9 Dong Xtra Thick de HIDDEN DESIRE.<\/strong><br data-start=\"1191\" data-end=\"1194\">Commandez maintenant et passez au niveau sup\u00e9rieur !<\/p>\n","protected":false},"featured_media":119143,"comment_status":"open","ping_status":"closed","template":"","meta":{"_acf_changed":false,"iawp_total_views":67,"_glsr_average":0,"_glsr_ranking":0,"_glsr_reviews":0},"product_brand":[],"product_cat":[2085,171],"product_tag":[],"class_list":{"0":"post-119148","1":"product","2":"type-product","3":"status-publish","4":"has-post-thumbnail","6":"product_cat-anal-play","7":"product_cat-sex-toys","9":"first","10":"instock","11":"taxable","12":"shipping-taxable","13":"purchasable","14":"product-type-simple"},"acf":[],"_links":{"self":[{"href":"https:\/\/poppers-online.ch\/fr\/wp-json\/wp\/v2\/product\/119148","targetHints":{"allow":["GET"]}}],"collection":[{"href":"https:\/\/poppers-online.ch\/fr\/wp-json\/wp\/v2\/product"}],"about":[{"href":"https:\/\/poppers-online.ch\/fr\/wp-json\/wp\/v2\/types\/product"}],"replies":[{"embeddable":true,"href":"https:\/\/poppers-online.ch\/fr\/wp-json\/wp\/v2\/comments?post=119148"}],"wp:featuredmedia":[{"embeddable":true,"href":"https:\/\/poppers-online.ch\/fr\/wp-json\/wp\/v2\/media\/119143"}],"wp:attachment":[{"href":"https:\/\/poppers-online.ch\/fr\/wp-json\/wp\/v2\/media?parent=119148"}],"wp:term":[{"taxonomy":"product_brand","embeddable":true,"href":"https:\/\/poppers-online.ch\/fr\/wp-json\/wp\/v2\/product_brand?post=119148"},{"taxonomy":"product_cat","embeddable":true,"href":"https:\/\/poppers-online.ch\/fr\/wp-json\/wp\/v2\/product_cat?post=119148"},{"taxonomy":"product_tag","embeddable":true,"href":"https:\/\/poppers-online.ch\/fr\/wp-json\/wp\/v2\/product_tag?post=119148"}],"curies":[{"name":"wp","href":"https:\/\/api.w.org\/{rel}","templated":true}]}}