{"id":119126,"date":"2025-05-25T13:18:00","date_gmt":"2025-05-25T11:18:00","guid":{"rendered":"https:\/\/poppers-online.ch\/produkt\/masturbator-dude-fuck-me\/"},"modified":"2025-05-26T11:26:11","modified_gmt":"2025-05-26T09:26:11","slug":"masturbator-dude-fuck-me","status":"publish","type":"product","link":"https:\/\/poppers-online.ch\/fr\/produit\/masturbator-dude-fuck-me\/","title":{"rendered":"MASTURBATOR Dude Fuck Me !"},"content":{"rendered":"","protected":false},"excerpt":{"rendered":"<p data-start=\"250\" data-end=\"322\"><strong data-start=\"250\" data-end=\"322\">Votre amant fantasme le plus chaud &#8211; pr\u00eat \u00e0 vous g\u00e2ter \u00e0 tout moment.<\/strong><\/p>\n<p data-start=\"324\" data-end=\"586\">Il semble tout droit sorti de votre r\u00eave le plus fou : un corps bien entra\u00een\u00e9, des abdominaux d\u00e9finis, une poitrine ferme, un imposant p\u00e9nis de 19 cm et un post\u00e9rieur \u00e9troit et accueillant &#8211; ce <strong>MASTURBATOR Dude Fuck Me !<\/strong> ultra-r\u00e9aliste en TPE ne laisse rien \u00e0 d\u00e9sirer.<\/p>\n<p data-start=\"588\" data-end=\"939\">Que vous souhaitiez prendre du plaisir avec ses fesses fermes ou ins\u00e9rer son p\u00e9nis flexible en vous, <strong data-start=\"689\" data-end=\"713\">\u00ab Dude, Fuck Me ! \u00bb<\/strong> est votre source personnelle de plaisir qui ne faiblit jamais et qui est toujours pr\u00eat. Massez ses testicules fermes, caressez ses six pans durs ou dorlotez ses t\u00e9tons &#8211; ce jouet est pr\u00eat \u00e0 tout pour vous exciter. <\/p>\n<h4 data-start=\"941\" data-end=\"961\"><strong data-start=\"946\" data-end=\"961\">Points forts :<\/strong><\/h4>\n<ul data-start=\"962\" data-end=\"1325\">\n<li data-start=\"962\" data-end=\"1028\">\n<p data-start=\"964\" data-end=\"1028\"><strong data-start=\"964\" data-end=\"994\">Design ultra-r\u00e9aliste<\/strong> avec un corps d&rsquo;homme bien entra\u00een\u00e9<\/p>\n<\/li>\n<li data-start=\"1029\" data-end=\"1079\">\n<p data-start=\"1031\" data-end=\"1079\"><strong data-start=\"1031\" data-end=\"1050\">Deux canaux de plaisir<\/strong>: vaginal et anal<\/p>\n<\/li>\n<li data-start=\"1080\" data-end=\"1150\">\n<p data-start=\"1082\" data-end=\"1150\"><strong data-start=\"1082\" data-end=\"1119\">P\u00e9nis massif et flexible (19 cm)<\/strong> &#8211; convient \u00e9galement \u00e0 la p\u00e9n\u00e9tration<\/p>\n<\/li>\n<li data-start=\"1151\" data-end=\"1208\">\n<p data-start=\"1153\" data-end=\"1208\">Fabriqu\u00e9 en <strong data-start=\"1192\" data-end=\"1208\">mat\u00e9riau TPE<\/strong> doux et proche de la peau<\/p>\n<\/li>\n<li data-start=\"1209\" data-end=\"1273\">\n<p data-start=\"1211\" data-end=\"1273\">Une finition d\u00e9taill\u00e9e pour une exp\u00e9rience particuli\u00e8rement intense<\/p>\n<\/li>\n<li data-start=\"1274\" data-end=\"1325\">\n<p data-start=\"1276\" data-end=\"1325\">Toujours pr\u00eat &#8211; <strong data-start=\"1291\" data-end=\"1325\">pas de limite \u00e0 vos fantasmes<\/strong><\/p>\n<\/li>\n<\/ul>\n<h4 data-start=\"1327\" data-end=\"1355\"><strong data-start=\"1332\" data-end=\"1355\">D\u00e9tails techniques :<\/strong><\/h4>\n<ul data-start=\"1356\" data-end=\"1571\">\n<li data-start=\"1356\" data-end=\"1394\">\n<p data-start=\"1358\" data-end=\"1394\"><strong data-start=\"1358\" data-end=\"1374\">Dimensions du produit :<\/strong> 68,5 \u00d7 49 \u00d7 30 cm<\/p>\n<\/li>\n<li data-start=\"1395\" data-end=\"1423\">\n<p data-start=\"1397\" data-end=\"1423\"><strong data-start=\"1397\" data-end=\"1413\">Longueur totale :<\/strong> 68,5 cm<\/p>\n<\/li>\n<li data-start=\"1424\" data-end=\"1470\">\n<p data-start=\"1426\" data-end=\"1470\"><strong data-start=\"1426\" data-end=\"1462\">Longueur d&rsquo;insertion (ouverture anale) :<\/strong> 19 cm<\/p>\n<\/li>\n<li data-start=\"1471\" data-end=\"1500\">\n<p data-start=\"1473\" data-end=\"1500\"><strong data-start=\"1473\" data-end=\"1489\">Diam\u00e8tre :<\/strong> environ 4 cm<\/p>\n<\/li>\n<li data-start=\"1501\" data-end=\"1571\">\n<p data-start=\"1503\" data-end=\"1571\"><strong data-start=\"1503\" data-end=\"1516\">Mat\u00e9riau :<\/strong> TPE (\u00e9lastom\u00e8re thermoplastique, souple &amp; r\u00e9aliste)<\/p>\n<\/li>\n<\/ul>\n<hr data-start=\"1573\" data-end=\"1576\">\n<p data-start=\"1578\" data-end=\"1723\"><strong data-start=\"1578\" data-end=\"1663\">Plongez dans le monde de vos fantasmes les plus fous &#8211; avec les BANGERS MASTURBATORS.<\/strong><br \/>Commandez maintenant le MASTURBATOR Dude Fuck Me ! &amp; votre prochaine aventure commence imm\u00e9diatement !<\/p>\n","protected":false},"featured_media":119085,"comment_status":"open","ping_status":"closed","template":"","meta":{"_acf_changed":false,"iawp_total_views":30,"_glsr_average":0,"_glsr_ranking":0,"_glsr_reviews":0},"product_brand":[],"product_cat":[2085,2094,171],"product_tag":[],"class_list":{"0":"post-119126","1":"product","2":"type-product","3":"status-publish","4":"has-post-thumbnail","6":"product_cat-anal-play","7":"product_cat-masturbateur","8":"product_cat-sex-toys","10":"first","11":"instock","12":"taxable","13":"shipping-taxable","14":"purchasable","15":"product-type-simple"},"acf":[],"_links":{"self":[{"href":"https:\/\/poppers-online.ch\/fr\/wp-json\/wp\/v2\/product\/119126","targetHints":{"allow":["GET"]}}],"collection":[{"href":"https:\/\/poppers-online.ch\/fr\/wp-json\/wp\/v2\/product"}],"about":[{"href":"https:\/\/poppers-online.ch\/fr\/wp-json\/wp\/v2\/types\/product"}],"replies":[{"embeddable":true,"href":"https:\/\/poppers-online.ch\/fr\/wp-json\/wp\/v2\/comments?post=119126"}],"wp:featuredmedia":[{"embeddable":true,"href":"https:\/\/poppers-online.ch\/fr\/wp-json\/wp\/v2\/media\/119085"}],"wp:attachment":[{"href":"https:\/\/poppers-online.ch\/fr\/wp-json\/wp\/v2\/media?parent=119126"}],"wp:term":[{"taxonomy":"product_brand","embeddable":true,"href":"https:\/\/poppers-online.ch\/fr\/wp-json\/wp\/v2\/product_brand?post=119126"},{"taxonomy":"product_cat","embeddable":true,"href":"https:\/\/poppers-online.ch\/fr\/wp-json\/wp\/v2\/product_cat?post=119126"},{"taxonomy":"product_tag","embeddable":true,"href":"https:\/\/poppers-online.ch\/fr\/wp-json\/wp\/v2\/product_tag?post=119126"}],"curies":[{"name":"wp","href":"https:\/\/api.w.org\/{rel}","templated":true}]}}