{"id":119071,"date":"2025-05-25T12:38:36","date_gmt":"2025-05-25T10:38:36","guid":{"rendered":"https:\/\/poppers-online.ch\/produkt\/sport-fucker-the-wedge-ring-noir\/"},"modified":"2025-05-26T11:04:50","modified_gmt":"2025-05-26T09:04:50","slug":"sport-fucker-the-wedge-ring-noir","status":"publish","type":"product","link":"https:\/\/poppers-online.ch\/fr\/produit\/sport-fucker-the-wedge-ring-noir\/","title":{"rendered":"Sport Fucker The Wedge Ring Noir"},"content":{"rendered":"","protected":false},"excerpt":{"rendered":"<p>Le <strong>Sport Fucker The Wedge Ring Noir<\/strong> est un cock ring extr\u00eamement extensible et tr\u00e8s confortable, fabriqu\u00e9 en caoutchouc TPR super r\u00e9sistant et tr\u00e8s flexible. Il est \u00e9galement disponible en <a href=\"https:\/\/poppers-online.ch\/fr\/produit\/sport-fucker-the-wedge-ring-rouge\/\">rouge<\/a> et <a href=\"https:\/\/poppers-online.ch\/fr\/produit\/sport-fucker-the-wedge-ring-bleu\/\">en bleu<\/a> dans notre boutique.<br \/>\nMati\u00e8re : TPR<br \/>\nFabricant : Sport Fucker <\/p>\n","protected":false},"featured_media":119068,"comment_status":"open","ping_status":"closed","template":"","meta":{"_acf_changed":false,"iawp_total_views":5,"_glsr_average":0,"_glsr_ranking":0,"_glsr_reviews":0},"product_brand":[],"product_cat":[2091,171],"product_tag":[],"class_list":{"0":"post-119071","1":"product","2":"type-product","3":"status-publish","4":"has-post-thumbnail","6":"product_cat-cock-play","7":"product_cat-sex-toys","9":"first","10":"instock","11":"taxable","12":"shipping-taxable","13":"purchasable","14":"product-type-simple"},"acf":[],"_links":{"self":[{"href":"https:\/\/poppers-online.ch\/fr\/wp-json\/wp\/v2\/product\/119071","targetHints":{"allow":["GET"]}}],"collection":[{"href":"https:\/\/poppers-online.ch\/fr\/wp-json\/wp\/v2\/product"}],"about":[{"href":"https:\/\/poppers-online.ch\/fr\/wp-json\/wp\/v2\/types\/product"}],"replies":[{"embeddable":true,"href":"https:\/\/poppers-online.ch\/fr\/wp-json\/wp\/v2\/comments?post=119071"}],"wp:featuredmedia":[{"embeddable":true,"href":"https:\/\/poppers-online.ch\/fr\/wp-json\/wp\/v2\/media\/119068"}],"wp:attachment":[{"href":"https:\/\/poppers-online.ch\/fr\/wp-json\/wp\/v2\/media?parent=119071"}],"wp:term":[{"taxonomy":"product_brand","embeddable":true,"href":"https:\/\/poppers-online.ch\/fr\/wp-json\/wp\/v2\/product_brand?post=119071"},{"taxonomy":"product_cat","embeddable":true,"href":"https:\/\/poppers-online.ch\/fr\/wp-json\/wp\/v2\/product_cat?post=119071"},{"taxonomy":"product_tag","embeddable":true,"href":"https:\/\/poppers-online.ch\/fr\/wp-json\/wp\/v2\/product_tag?post=119071"}],"curies":[{"name":"wp","href":"https:\/\/api.w.org\/{rel}","templated":true}]}}